{"id":9402,"date":"2025-10-09T15:17:40","date_gmt":"2025-10-09T15:17:40","guid":{"rendered":"https:\/\/k-beautyci.com\/?post_type=product&#038;p=9402"},"modified":"2026-02-22T14:32:30","modified_gmt":"2026-02-22T14:32:30","slug":"medicube-kojic-acid-turmeric-niacinamide-serum","status":"publish","type":"product","link":"https:\/\/k-beautyci.com\/fr\/produit\/medicube-kojic-acid-turmeric-niacinamide-serum\/","title":{"rendered":"medicube Kojic Acid Turmeric Niacinamide Serum"},"content":{"rendered":"<p><b>Comment l'utiliser :<\/b><\/p>\n<p>Utilisez-le comme premi\u00e8re \u00e9tape apr\u00e8s avoir tonifi\u00e9 la peau.<\/p>\n<p>Avertissement : Pour usage externe uniquement. Toujours effectuer un test \u00e9picutan\u00e9. Cessez d'utiliser le produit si vous ressentez une quelconque g\u00eane. Suivre les instructions suppl\u00e9mentaires figurant sur l'emballage. Les r\u00e9sultats individuels peuvent varier.<\/p>","protected":false},"excerpt":{"rendered":"<p>Un m\u00e9lange cibl\u00e9 d'acide kojique, de curcuma, de niacinamide et de capsules \u00e9clat aide \u00e0 am\u00e9liorer le teint et la texture irr\u00e9guliers de la peau. L'acide kojique aide \u00e0 estomper l'apparence des taches irr\u00e9guli\u00e8res et \u00e0 \u00e9claircir le teint global, tandis que le curcuma, riche en antioxydants, apaise la peau stress\u00e9e. Ensemble, ils favorisent un teint plus clair et plus \u00e9quilibr\u00e9.<\/p>","protected":false},"featured_media":9408,"comment_status":"open","ping_status":"closed","template":"","meta":{"om_disable_all_campaigns":false},"product_brand":[],"product_cat":[52,31,215,74],"product_tag":[],"class_list":{"0":"post-9402","1":"product","2":"type-product","3":"status-publish","4":"has-post-thumbnail","6":"product_cat-dark-spots","7":"product_cat-face-serums","8":"product_cat-medicube","9":"product_cat-niacinamide","11":"first","12":"instock","13":"shipping-taxable","14":"purchasable","15":"product-type-simple"},"aioseo_notices":[],"jetpack_sharing_enabled":true,"_links":{"self":[{"href":"https:\/\/k-beautyci.com\/fr\/wp-json\/wp\/v2\/product\/9402","targetHints":{"allow":["GET"]}}],"collection":[{"href":"https:\/\/k-beautyci.com\/fr\/wp-json\/wp\/v2\/product"}],"about":[{"href":"https:\/\/k-beautyci.com\/fr\/wp-json\/wp\/v2\/types\/product"}],"replies":[{"embeddable":true,"href":"https:\/\/k-beautyci.com\/fr\/wp-json\/wp\/v2\/comments?post=9402"}],"wp:featuredmedia":[{"embeddable":true,"href":"https:\/\/k-beautyci.com\/fr\/wp-json\/wp\/v2\/media\/9408"}],"wp:attachment":[{"href":"https:\/\/k-beautyci.com\/fr\/wp-json\/wp\/v2\/media?parent=9402"}],"wp:term":[{"taxonomy":"product_brand","embeddable":true,"href":"https:\/\/k-beautyci.com\/fr\/wp-json\/wp\/v2\/product_brand?post=9402"},{"taxonomy":"product_cat","embeddable":true,"href":"https:\/\/k-beautyci.com\/fr\/wp-json\/wp\/v2\/product_cat?post=9402"},{"taxonomy":"product_tag","embeddable":true,"href":"https:\/\/k-beautyci.com\/fr\/wp-json\/wp\/v2\/product_tag?post=9402"}],"curies":[{"name":"wp","href":"https:\/\/api.w.org\/{rel}","templated":true}]}}