{"id":9398,"date":"2025-10-09T15:18:26","date_gmt":"2025-10-09T15:18:26","guid":{"rendered":"https:\/\/k-beautyci.com\/?post_type=product&#038;p=9398"},"modified":"2026-01-22T21:51:05","modified_gmt":"2026-01-22T21:51:05","slug":"medicube-kojic-acid-turmeric-toning-cleanser","status":"publish","type":"product","link":"https:\/\/k-beautyci.com\/fr\/produit\/medicube-kojic-acid-turmeric-toning-cleanser\/","title":{"rendered":"medicube Kojic Acid Turmeric Toning Cleanser"},"content":{"rendered":"<p><b>Comment l'utiliser :<\/b><br \/>\n1. Appliquez une quantit\u00e9 appropri\u00e9e de nettoyant sur la paume de votre main et ajoutez un peu d'eau pour obtenir une mousse onctueuse.<\/p>\n<p>2. Massez le visage avec la mousse et rincez abondamment \u00e0 l'eau ti\u00e8de.<\/p>\n<p>Avertissement : Pour usage externe uniquement. Toujours effectuer un test \u00e9picutan\u00e9. Cessez d'utiliser le produit si vous ressentez une quelconque g\u00eane. Suivre les instructions suppl\u00e9mentaires figurant sur l'emballage. Les r\u00e9sultats individuels peuvent varier.<\/p>","protected":false},"excerpt":{"rendered":"<p>Pour obtenir une peau de porcelaine, il est essentiel de renforcer la barri\u00e8re cutan\u00e9e et d'\u00e9quilibrer son niveau d'hydratation ! Enrichi en acide kojique et en curcuma, le nettoyant tonifiant \u00e0 l'acide kojique et au curcuma \u00e9claircit les hyperpigmentations et les taches brunes. Il contient \u00e9galement de la niacinamide pour garantir un fini lisse et mat.<\/p>","protected":false},"featured_media":9401,"comment_status":"open","ping_status":"closed","template":"","meta":{"om_disable_all_campaigns":false},"product_brand":[],"product_cat":[52,35,215],"product_tag":[],"class_list":{"0":"post-9398","1":"product","2":"type-product","3":"status-publish","4":"has-post-thumbnail","6":"product_cat-dark-spots","7":"product_cat-face-cleansers","8":"product_cat-medicube","10":"first","11":"instock","12":"shipping-taxable","13":"purchasable","14":"product-type-simple"},"aioseo_notices":[],"jetpack_sharing_enabled":true,"_links":{"self":[{"href":"https:\/\/k-beautyci.com\/fr\/wp-json\/wp\/v2\/product\/9398","targetHints":{"allow":["GET"]}}],"collection":[{"href":"https:\/\/k-beautyci.com\/fr\/wp-json\/wp\/v2\/product"}],"about":[{"href":"https:\/\/k-beautyci.com\/fr\/wp-json\/wp\/v2\/types\/product"}],"replies":[{"embeddable":true,"href":"https:\/\/k-beautyci.com\/fr\/wp-json\/wp\/v2\/comments?post=9398"}],"wp:featuredmedia":[{"embeddable":true,"href":"https:\/\/k-beautyci.com\/fr\/wp-json\/wp\/v2\/media\/9401"}],"wp:attachment":[{"href":"https:\/\/k-beautyci.com\/fr\/wp-json\/wp\/v2\/media?parent=9398"}],"wp:term":[{"taxonomy":"product_brand","embeddable":true,"href":"https:\/\/k-beautyci.com\/fr\/wp-json\/wp\/v2\/product_brand?post=9398"},{"taxonomy":"product_cat","embeddable":true,"href":"https:\/\/k-beautyci.com\/fr\/wp-json\/wp\/v2\/product_cat?post=9398"},{"taxonomy":"product_tag","embeddable":true,"href":"https:\/\/k-beautyci.com\/fr\/wp-json\/wp\/v2\/product_tag?post=9398"}],"curies":[{"name":"wp","href":"https:\/\/api.w.org\/{rel}","templated":true}]}}