{"id":939,"date":"2023-03-16T14:07:18","date_gmt":"2023-03-16T14:07:18","guid":{"rendered":"https:\/\/k-beautyci.com\/?post_type=product&#038;p=939"},"modified":"2025-03-26T17:50:24","modified_gmt":"2025-03-26T17:50:24","slug":"simple-kind-to-skin-soothing-facial-toner-200ml","status":"publish","type":"product","link":"https:\/\/k-beautyci.com\/fr\/produit\/simple-kind-to-skin-soothing-facial-toner-200ml\/","title":{"rendered":"Simple Kind to Skin Tonique apaisant pour le visage 200ml"},"content":{"rendered":"<p>Notre Tonique apaisant pour le visage Simple Kind to Skin contient un m\u00e9lange sp\u00e9cial de bienfaits tonifiants de Simple pour aider \u00e0 garder une peau tonique et rafra\u00eechie ; ce m\u00e9lange comprend des ingr\u00e9dients comme la provitamine B5, l'hamam\u00e9lis et l'allanto\u00efne.<\/p>\n<p>Ce tonique pour le visage est id\u00e9al pour \u00eatre utilis\u00e9 matin et soir apr\u00e8s le nettoyant et avant la cr\u00e8me hydratante afin d'\u00e9liminer les derni\u00e8res traces de salet\u00e9 et de maquillage sur la peau.<\/p>\n<p>Il suffit d'en d\u00e9poser une quantit\u00e9 g\u00e9n\u00e9reuse sur un disque de coton et de l'appliquer d\u00e9licatement sur votre peau en effectuant des mouvements ascendants. Comme tous nos produits, notre Tonique apaisant pour le visage est parfait m\u00eame pour les peaux sensibles. Il ne contient pas de parfums ou de colorants artificiels, ni de produits chimiques agressifs susceptibles de perturber votre peau.<\/p>\n<p>La lotion tonique apaisante pour le visage est un excellent moyen de terminer toute routine de nettoyage, et pas seulement en cas d'\u00e9ruptions cutan\u00e9es ou d'imperfections. En fait, la lotion tonique est un soin \u00e0 part enti\u00e8re qui aide \u00e0 pr\u00e9parer la peau \u00e0 recevoir votre cr\u00e8me hydratante.<\/p>\n<p>Il est toujours utile de mettre en place un programme complet de soins de la peau, que ce soit pour cr\u00e9er une base d'apparence saine et naturelle pour votre maquillage le matin ou pour obtenir une peau nettoy\u00e9e et nourrie avant de vous coucher. L'ajout de notre tonique pour la peau Simple \u00e0 votre routine de beaut\u00e9 est une \u00e9tape cl\u00e9 sur la voie d'une peau agr\u00e9able \u00e0 vivre ! Test\u00e9 et approuv\u00e9 dermatologiquement.<\/p>\n<p>&nbsp;<\/p>\n<p>Comment l'utiliser :<\/p>\n<p>Appliquer g\u00e9n\u00e9reusement sur un coton et passer en l\u00e9gers mouvements ascendants sur la peau matin et soir.<\/p>\n<p>&nbsp;<\/p>\n<p>Avertissement : Pour usage externe uniquement. Toujours effectuer un test \u00e9picutan\u00e9. Cessez d'utiliser le produit si vous ressentez une quelconque g\u00eane. Suivre les instructions suppl\u00e9mentaires figurant sur l'emballage. Les r\u00e9sultats individuels peuvent varier.<\/p>","protected":false},"excerpt":{"rendered":"<p>Notre tonique pour le visage Simple vegan \u00e9limine les r\u00e9sidus alcalins laiss\u00e9s apr\u00e8s le nettoyage et aide \u00e0 r\u00e9tablir l'\u00e9quilibre du pH naturel de votre peau. Id\u00e9al pour les peaux sensibles.<\/p>","protected":false},"featured_media":940,"comment_status":"open","ping_status":"closed","template":"","meta":{"om_disable_all_campaigns":false},"product_brand":[],"product_cat":[133,39,66,41,36,134],"product_tag":[],"class_list":{"0":"post-939","1":"product","2":"type-product","3":"status-publish","4":"has-post-thumbnail","6":"product_cat-brands-brands","7":"product_cat-face-toners","8":"product_cat-normal-combination-skin","9":"product_cat-oily-skin","10":"product_cat-sensitive-skin","11":"product_cat-simple","13":"first","14":"outofstock","15":"shipping-taxable","16":"purchasable","17":"product-type-simple"},"aioseo_notices":[],"jetpack_sharing_enabled":true,"_links":{"self":[{"href":"https:\/\/k-beautyci.com\/fr\/wp-json\/wp\/v2\/product\/939","targetHints":{"allow":["GET"]}}],"collection":[{"href":"https:\/\/k-beautyci.com\/fr\/wp-json\/wp\/v2\/product"}],"about":[{"href":"https:\/\/k-beautyci.com\/fr\/wp-json\/wp\/v2\/types\/product"}],"replies":[{"embeddable":true,"href":"https:\/\/k-beautyci.com\/fr\/wp-json\/wp\/v2\/comments?post=939"}],"wp:featuredmedia":[{"embeddable":true,"href":"https:\/\/k-beautyci.com\/fr\/wp-json\/wp\/v2\/media\/940"}],"wp:attachment":[{"href":"https:\/\/k-beautyci.com\/fr\/wp-json\/wp\/v2\/media?parent=939"}],"wp:term":[{"taxonomy":"product_brand","embeddable":true,"href":"https:\/\/k-beautyci.com\/fr\/wp-json\/wp\/v2\/product_brand?post=939"},{"taxonomy":"product_cat","embeddable":true,"href":"https:\/\/k-beautyci.com\/fr\/wp-json\/wp\/v2\/product_cat?post=939"},{"taxonomy":"product_tag","embeddable":true,"href":"https:\/\/k-beautyci.com\/fr\/wp-json\/wp\/v2\/product_tag?post=939"}],"curies":[{"name":"wp","href":"https:\/\/api.w.org\/{rel}","templated":true}]}}