{"id":9381,"date":"2025-10-09T15:18:14","date_gmt":"2025-10-09T15:18:14","guid":{"rendered":"https:\/\/k-beautyci.com\/?post_type=product&#038;p=9381"},"modified":"2026-04-12T06:39:12","modified_gmt":"2026-04-12T06:39:12","slug":"medicube-kojic-acid-turmeric-resurfacing-toner","status":"publish","type":"product","link":"https:\/\/k-beautyci.com\/fr\/produit\/medicube-kojic-acid-turmeric-resurfacing-toner\/","title":{"rendered":"medicube Kojic Acid Turmeric Resurfacing Toner"},"content":{"rendered":"<p>Comment l'utiliser :<\/p>\n<ol>\n<li>Appliquez une quantit\u00e9 appropri\u00e9e sur l'ensemble du visage apr\u00e8s le nettoyage.<\/li>\n<li>Tapoter doucement pour am\u00e9liorer l'absorption.<\/li>\n<\/ol>\n<p>CONSEIL DE PRO : Utilisez sur les aisselles, les coudes, les genoux ou toute autre zone du corps qui a besoin d'\u00eatre \u00e9claircie.<\/p>\n<p>Avertissement : Pour usage externe uniquement. Toujours effectuer un test \u00e9picutan\u00e9. Cessez d'utiliser le produit si vous ressentez une quelconque g\u00eane. Suivre les instructions suppl\u00e9mentaires figurant sur l'emballage. Les r\u00e9sultats individuels peuvent varier.<\/p>","protected":false},"excerpt":{"rendered":"<p>Un tonique l\u00e9ger et non collant qui aide \u00e0 estomper et \u00e0 \u00e9claircir les zones sombres et \u00e0 am\u00e9liorer la clart\u00e9 du teint, pour une peau visiblement plus saine et \u00e9clatante. Ce tonique est enrichi en acide kojique, en curcuma et en acide glycolique, qui rendent la peau lisse, tonique et \u00e9clatante. L'acide kojique estompe les taches irr\u00e9guli\u00e8res, le curcuma apaise les irritations et l'acide glycolique exfolie pour affiner le grain de peau.<\/p>","protected":false},"featured_media":9388,"comment_status":"open","ping_status":"closed","template":"","meta":{"om_disable_all_campaigns":false},"product_brand":[],"product_cat":[52,39,215],"product_tag":[],"class_list":{"0":"post-9381","1":"product","2":"type-product","3":"status-publish","4":"has-post-thumbnail","6":"product_cat-dark-spots","7":"product_cat-face-toners","8":"product_cat-medicube","10":"first","11":"outofstock","12":"shipping-taxable","13":"purchasable","14":"product-type-simple"},"aioseo_notices":[],"jetpack_sharing_enabled":true,"_links":{"self":[{"href":"https:\/\/k-beautyci.com\/fr\/wp-json\/wp\/v2\/product\/9381","targetHints":{"allow":["GET"]}}],"collection":[{"href":"https:\/\/k-beautyci.com\/fr\/wp-json\/wp\/v2\/product"}],"about":[{"href":"https:\/\/k-beautyci.com\/fr\/wp-json\/wp\/v2\/types\/product"}],"replies":[{"embeddable":true,"href":"https:\/\/k-beautyci.com\/fr\/wp-json\/wp\/v2\/comments?post=9381"}],"wp:featuredmedia":[{"embeddable":true,"href":"https:\/\/k-beautyci.com\/fr\/wp-json\/wp\/v2\/media\/9388"}],"wp:attachment":[{"href":"https:\/\/k-beautyci.com\/fr\/wp-json\/wp\/v2\/media?parent=9381"}],"wp:term":[{"taxonomy":"product_brand","embeddable":true,"href":"https:\/\/k-beautyci.com\/fr\/wp-json\/wp\/v2\/product_brand?post=9381"},{"taxonomy":"product_cat","embeddable":true,"href":"https:\/\/k-beautyci.com\/fr\/wp-json\/wp\/v2\/product_cat?post=9381"},{"taxonomy":"product_tag","embeddable":true,"href":"https:\/\/k-beautyci.com\/fr\/wp-json\/wp\/v2\/product_tag?post=9381"}],"curies":[{"name":"wp","href":"https:\/\/api.w.org\/{rel}","templated":true}]}}