{"id":9368,"date":"2025-10-09T15:17:03","date_gmt":"2025-10-09T15:17:03","guid":{"rendered":"https:\/\/k-beautyci.com\/?post_type=product&#038;p=9368"},"modified":"2026-03-08T19:04:13","modified_gmt":"2026-03-08T19:04:13","slug":"ksecret-seoul-1988-cleansing-oil-pine-cica-1-probiotics","status":"publish","type":"product","link":"https:\/\/k-beautyci.com\/fr\/produit\/ksecret-seoul-1988-cleansing-oil-pine-cica-1-probiotics\/","title":{"rendered":"KSECRET SEOUL 1988 Cleansing Oil : Pine Cica 1% + Probiotics"},"content":{"rendered":"<p><b>Comment l'utiliser :<\/b><\/p>\n<ol>\n<li>Appliquez une quantit\u00e9 appropri\u00e9e sur la peau s\u00e8che et massez doucement.<\/li>\n<li>Ajouter de l'eau et masser la peau pour \u00e9mulsionner.<\/li>\n<li>Rincer abondamment \u00e0 l'eau ti\u00e8de.<\/li>\n<\/ol>\n<p>Avertissement : Pour usage externe uniquement. Toujours effectuer un test \u00e9picutan\u00e9. Cessez d'utiliser le produit si vous ressentez une quelconque g\u00eane. Suivre les instructions suppl\u00e9mentaires figurant sur l'emballage. Les r\u00e9sultats individuels peuvent varier.<\/p>","protected":false},"excerpt":{"rendered":"<p>Formul\u00e9e \u00e0 base de complexe de pin cica et de probiotiques, cette huile d\u00e9maquillante \u00e9limine les impuret\u00e9s et fait dispara\u00eetre les points noirs pour une peau propre et fra\u00eeche. Cinq types d'huiles v\u00e9g\u00e9tales (dont les huiles de macadamia, d'olive, de p\u00e9pins de raisin et de tournesol) hydratent la peau et \u00e9liminent l'exc\u00e8s de s\u00e9bum sans obstruer les pores. Elle convient \u00e0 tous les types de peau.<\/p>","protected":false},"featured_media":9371,"comment_status":"open","ping_status":"closed","template":"","meta":{"om_disable_all_campaigns":false},"product_brand":[],"product_cat":[232,63],"product_tag":[],"class_list":{"0":"post-9368","1":"product","2":"type-product","3":"status-publish","4":"has-post-thumbnail","6":"product_cat-ksecret","7":"product_cat-makeup-removers","9":"first","10":"instock","11":"shipping-taxable","12":"purchasable","13":"product-type-simple"},"aioseo_notices":[],"jetpack_sharing_enabled":true,"_links":{"self":[{"href":"https:\/\/k-beautyci.com\/fr\/wp-json\/wp\/v2\/product\/9368","targetHints":{"allow":["GET"]}}],"collection":[{"href":"https:\/\/k-beautyci.com\/fr\/wp-json\/wp\/v2\/product"}],"about":[{"href":"https:\/\/k-beautyci.com\/fr\/wp-json\/wp\/v2\/types\/product"}],"replies":[{"embeddable":true,"href":"https:\/\/k-beautyci.com\/fr\/wp-json\/wp\/v2\/comments?post=9368"}],"wp:featuredmedia":[{"embeddable":true,"href":"https:\/\/k-beautyci.com\/fr\/wp-json\/wp\/v2\/media\/9371"}],"wp:attachment":[{"href":"https:\/\/k-beautyci.com\/fr\/wp-json\/wp\/v2\/media?parent=9368"}],"wp:term":[{"taxonomy":"product_brand","embeddable":true,"href":"https:\/\/k-beautyci.com\/fr\/wp-json\/wp\/v2\/product_brand?post=9368"},{"taxonomy":"product_cat","embeddable":true,"href":"https:\/\/k-beautyci.com\/fr\/wp-json\/wp\/v2\/product_cat?post=9368"},{"taxonomy":"product_tag","embeddable":true,"href":"https:\/\/k-beautyci.com\/fr\/wp-json\/wp\/v2\/product_tag?post=9368"}],"curies":[{"name":"wp","href":"https:\/\/api.w.org\/{rel}","templated":true}]}}