{"id":9363,"date":"2025-11-27T19:07:19","date_gmt":"2025-11-27T19:07:19","guid":{"rendered":"https:\/\/k-beautyci.com\/?post_type=product&#038;p=9363"},"modified":"2026-04-15T15:28:19","modified_gmt":"2026-04-15T15:28:19","slug":"ksecret-seoul-1988-cleansing-foam-pine-cica-1-probiotic","status":"publish","type":"product","link":"https:\/\/k-beautyci.com\/fr\/produit\/ksecret-seoul-1988-cleansing-foam-pine-cica-1-probiotic\/","title":{"rendered":"KSECRET &#8211; SEOUL 1988 Cleansing Foam : Pine Cica 1% + Probiotic"},"content":{"rendered":"<p><b>Comment l'utiliser :<\/b><br \/>\n1. Lorsque vous vous lavez le visage, appliquez une quantit\u00e9 appropri\u00e9e de mousse nettoyante et massez doucement sur le visage humide.<\/p>\n<p>2. Rincez soigneusement le visage \u00e0 l'eau ti\u00e8de.<\/p>\n<p>Avertissement : Pour usage externe uniquement. Toujours effectuer un test \u00e9picutan\u00e9. Cessez d'utiliser le produit si vous ressentez une quelconque g\u00eane. Suivre les instructions suppl\u00e9mentaires figurant sur l'emballage. Les r\u00e9sultats individuels peuvent varier.<\/p>","protected":false},"excerpt":{"rendered":"<p>\u00c9liminez les impuret\u00e9s et l'exc\u00e8s de s\u00e9bum du visage sans dess\u00e9cher la peau gr\u00e2ce \u00e0 cette mousse nettoyante \u00e9quilibrante. Elle contient 1 % de complexe de pin cica et de lysat de bifida ferment pour apaiser et renforcer la barri\u00e8re cutan\u00e9e. Riche en acide salicylique, sa formule douce exfolie les cellules mortes et les points noirs pour une peau claire et \u00e9clatante.<\/p>","protected":false},"featured_media":9367,"comment_status":"open","ping_status":"closed","template":"","meta":{"om_disable_all_campaigns":false},"product_brand":[],"product_cat":[60,35,232],"product_tag":[],"class_list":{"0":"post-9363","1":"product","2":"type-product","3":"status-publish","4":"has-post-thumbnail","6":"product_cat-acne","7":"product_cat-face-cleansers","8":"product_cat-ksecret","10":"first","11":"instock","12":"sale","13":"shipping-taxable","14":"purchasable","15":"product-type-simple"},"aioseo_notices":[],"jetpack_sharing_enabled":true,"_links":{"self":[{"href":"https:\/\/k-beautyci.com\/fr\/wp-json\/wp\/v2\/product\/9363","targetHints":{"allow":["GET"]}}],"collection":[{"href":"https:\/\/k-beautyci.com\/fr\/wp-json\/wp\/v2\/product"}],"about":[{"href":"https:\/\/k-beautyci.com\/fr\/wp-json\/wp\/v2\/types\/product"}],"replies":[{"embeddable":true,"href":"https:\/\/k-beautyci.com\/fr\/wp-json\/wp\/v2\/comments?post=9363"}],"wp:featuredmedia":[{"embeddable":true,"href":"https:\/\/k-beautyci.com\/fr\/wp-json\/wp\/v2\/media\/9367"}],"wp:attachment":[{"href":"https:\/\/k-beautyci.com\/fr\/wp-json\/wp\/v2\/media?parent=9363"}],"wp:term":[{"taxonomy":"product_brand","embeddable":true,"href":"https:\/\/k-beautyci.com\/fr\/wp-json\/wp\/v2\/product_brand?post=9363"},{"taxonomy":"product_cat","embeddable":true,"href":"https:\/\/k-beautyci.com\/fr\/wp-json\/wp\/v2\/product_cat?post=9363"},{"taxonomy":"product_tag","embeddable":true,"href":"https:\/\/k-beautyci.com\/fr\/wp-json\/wp\/v2\/product_tag?post=9363"}],"curies":[{"name":"wp","href":"https:\/\/api.w.org\/{rel}","templated":true}]}}