{"id":936,"date":"2023-03-16T13:54:40","date_gmt":"2023-03-16T13:54:40","guid":{"rendered":"https:\/\/k-beautyci.com\/?post_type=product&#038;p=936"},"modified":"2025-09-06T00:33:36","modified_gmt":"2025-09-06T00:33:36","slug":"simple-kind-to-skin-replenishing-rich-moisturizer-125ml","status":"publish","type":"product","link":"https:\/\/k-beautyci.com\/fr\/produit\/simple-kind-to-skin-replenishing-rich-moisturizer-125ml\/","title":{"rendered":"Simple kind to skin replenishing rich moisturizer 125ml"},"content":{"rendered":"<p>Simple Kind to Skin Replenishing Rich Moisturiser double instantan\u00e9ment l'hydratation de votre peau. Elle agit jusqu'\u00e0 24 heures, laissant votre peau soyeuse et nourrie toute la journ\u00e9e.<\/p>\n<p>Soigneusement m\u00e9lang\u00e9e \u00e0 des ingr\u00e9dients respectueux de la peau, cette cr\u00e8me hydratante simple et riche est enrichie en provitamine B5 et en bisabolol, afin de r\u00e9g\u00e9n\u00e9rer, d'apaiser et d'hydrater votre peau sans sensation de gras.<\/p>\n<p>Notre soin hydratant riche et r\u00e9g\u00e9n\u00e9rant Simple ne contient ni colorants, ni parfums artificiels, ni produits chimiques agressifs susceptibles de perturber votre peau, ce qui le rend parfait, m\u00eame pour les peaux sensibles.<\/p>\n<p>Test\u00e9 et approuv\u00e9 dermatologiquement. Test\u00e9 sous contr\u00f4le ophtalmologique. Hypoallerg\u00e9nique, non com\u00e9dog\u00e8ne.<\/p>\n<p>&nbsp;<\/p>\n<p>Comment l'utiliser :<\/p>\n<div class=\"richText component section default-style first odd alpha initialized\" data-position=\"58\">\n<div class=\"component-content\">\n<div class=\"richText-content\">\n<ol>\n<li>Appliquer une portion de la taille d'une noisette dans vos mains.<\/li>\n<li>Appliquer d\u00e9licatement sur le visage et le cou en effectuant des mouvements de bas en haut et de haut en bas.<\/li>\n<\/ol>\n<\/div>\n<\/div>\n<\/div>","protected":false},"excerpt":{"rendered":"<p>Notre cr\u00e8me hydratante riche et r\u00e9g\u00e9n\u00e9rante Simple Replenishing est une cr\u00e8me hydratante riche en vitamines qui aide \u00e0 lisser et \u00e0 adoucir la peau. Fabriqu\u00e9e avec les ingr\u00e9dients les plus purs, elle convient aux peaux sensibles. Avez-vous remarqu\u00e9 que ce flacon est un peu gris\u00e2tre ? C'est parce qu'elle est fabriqu\u00e9e \u00e0 partir de plastique 100 % recycl\u00e9 ! Test\u00e9 dermatologiquement, non comod\u00e9g\u00e8ne et hypoallerg\u00e9nique. Aucun colorant artificiel, parfum ou produit chimique agressif susceptible de perturber votre peau. Parfait pour les peaux sensibles.<\/p>","protected":false},"featured_media":937,"comment_status":"open","ping_status":"closed","template":"","meta":{"om_disable_all_campaigns":false},"product_brand":[],"product_cat":[42,26,66,41,36,134],"product_tag":[],"class_list":{"0":"post-936","1":"product","2":"type-product","3":"status-publish","4":"has-post-thumbnail","6":"product_cat-dry-skin","7":"product_cat-face-moisturizer","8":"product_cat-normal-combination-skin","9":"product_cat-oily-skin","10":"product_cat-sensitive-skin","11":"product_cat-simple","13":"first","14":"outofstock","15":"shipping-taxable","16":"purchasable","17":"product-type-simple"},"aioseo_notices":[],"jetpack_sharing_enabled":true,"_links":{"self":[{"href":"https:\/\/k-beautyci.com\/fr\/wp-json\/wp\/v2\/product\/936","targetHints":{"allow":["GET"]}}],"collection":[{"href":"https:\/\/k-beautyci.com\/fr\/wp-json\/wp\/v2\/product"}],"about":[{"href":"https:\/\/k-beautyci.com\/fr\/wp-json\/wp\/v2\/types\/product"}],"replies":[{"embeddable":true,"href":"https:\/\/k-beautyci.com\/fr\/wp-json\/wp\/v2\/comments?post=936"}],"wp:featuredmedia":[{"embeddable":true,"href":"https:\/\/k-beautyci.com\/fr\/wp-json\/wp\/v2\/media\/937"}],"wp:attachment":[{"href":"https:\/\/k-beautyci.com\/fr\/wp-json\/wp\/v2\/media?parent=936"}],"wp:term":[{"taxonomy":"product_brand","embeddable":true,"href":"https:\/\/k-beautyci.com\/fr\/wp-json\/wp\/v2\/product_brand?post=936"},{"taxonomy":"product_cat","embeddable":true,"href":"https:\/\/k-beautyci.com\/fr\/wp-json\/wp\/v2\/product_cat?post=936"},{"taxonomy":"product_tag","embeddable":true,"href":"https:\/\/k-beautyci.com\/fr\/wp-json\/wp\/v2\/product_tag?post=936"}],"curies":[{"name":"wp","href":"https:\/\/api.w.org\/{rel}","templated":true}]}}