{"id":9355,"date":"2025-10-09T15:16:46","date_gmt":"2025-10-09T15:16:46","guid":{"rendered":"https:\/\/k-beautyci.com\/?post_type=product&#038;p=9355"},"modified":"2026-03-13T14:41:47","modified_gmt":"2026-03-13T14:41:47","slug":"k-secret-seoul-1998-cream-snail-mucin-93-rice-100ml","status":"publish","type":"product","link":"https:\/\/k-beautyci.com\/fr\/produit\/k-secret-seoul-1998-cream-snail-mucin-93-rice-100ml\/","title":{"rendered":"K-SECRET SEOUL 1988 Cream: Snail Mucin 93% + Rice 100ml"},"content":{"rendered":"<p>Comment l'utiliser :<\/p>\n<p>En derni\u00e8re \u00e9tape de votre routine de soins, appliquez une quantit\u00e9 appropri\u00e9e uniform\u00e9ment sur le visage et tapotez doucement jusqu'\u00e0 absorption compl\u00e8te.<\/p>\n<p>Avertissement : Pour usage externe uniquement. Toujours effectuer un test \u00e9picutan\u00e9. Cessez d'utiliser le produit si vous ressentez une quelconque g\u00eane. Suivre les instructions suppl\u00e9mentaires figurant sur l'emballage. Les r\u00e9sultats individuels peuvent varier.<\/p>","protected":false},"excerpt":{"rendered":"<p>Votre dose quotidienne de r\u00e9paration. Cette cr\u00e8me riche contenant 93 % de mucine d'escargot et des ingr\u00e9dients \u00e0 base de riz hydrate en profondeur, \u00e9claircit et lisse le grain de peau, pour une peau hydrat\u00e9e, r\u00e9sistante et \u00e9clatante de jeunesse.<\/p>","protected":false},"featured_media":9362,"comment_status":"open","ping_status":"closed","template":"","meta":{"om_disable_all_campaigns":false},"product_brand":[],"product_cat":[26,232,86],"product_tag":[],"class_list":{"0":"post-9355","1":"product","2":"type-product","3":"status-publish","4":"has-post-thumbnail","6":"product_cat-face-moisturizer","7":"product_cat-ksecret","8":"product_cat-snail-mucin","10":"first","11":"outofstock","12":"sale","13":"shipping-taxable","14":"purchasable","15":"product-type-simple"},"aioseo_notices":[],"jetpack_sharing_enabled":true,"_links":{"self":[{"href":"https:\/\/k-beautyci.com\/fr\/wp-json\/wp\/v2\/product\/9355","targetHints":{"allow":["GET"]}}],"collection":[{"href":"https:\/\/k-beautyci.com\/fr\/wp-json\/wp\/v2\/product"}],"about":[{"href":"https:\/\/k-beautyci.com\/fr\/wp-json\/wp\/v2\/types\/product"}],"replies":[{"embeddable":true,"href":"https:\/\/k-beautyci.com\/fr\/wp-json\/wp\/v2\/comments?post=9355"}],"wp:featuredmedia":[{"embeddable":true,"href":"https:\/\/k-beautyci.com\/fr\/wp-json\/wp\/v2\/media\/9362"}],"wp:attachment":[{"href":"https:\/\/k-beautyci.com\/fr\/wp-json\/wp\/v2\/media?parent=9355"}],"wp:term":[{"taxonomy":"product_brand","embeddable":true,"href":"https:\/\/k-beautyci.com\/fr\/wp-json\/wp\/v2\/product_brand?post=9355"},{"taxonomy":"product_cat","embeddable":true,"href":"https:\/\/k-beautyci.com\/fr\/wp-json\/wp\/v2\/product_cat?post=9355"},{"taxonomy":"product_tag","embeddable":true,"href":"https:\/\/k-beautyci.com\/fr\/wp-json\/wp\/v2\/product_tag?post=9355"}],"curies":[{"name":"wp","href":"https:\/\/api.w.org\/{rel}","templated":true}]}}