{"id":9350,"date":"2025-10-09T15:16:29","date_gmt":"2025-10-09T15:16:29","guid":{"rendered":"https:\/\/k-beautyci.com\/?post_type=product&#038;p=9350"},"modified":"2026-03-08T08:59:24","modified_gmt":"2026-03-08T08:59:24","slug":"heveblue-black-yuja-bean-lifting-eye-cream","status":"publish","type":"product","link":"https:\/\/k-beautyci.com\/fr\/produit\/heveblue-black-yuja-bean-lifting-eye-cream\/","title":{"rendered":"HEVEBLUE Black Yuja Bean Lifting Eye Cream"},"content":{"rendered":"<p>Comment l'utiliser :<\/p>\n<div class=\"description-item active\">\n<div class=\"body\">\n<p>Dispense a generous amount of eye cream onto the tip. Glide it along the under-eye area and other targeted areas.<\/p>\n<p>Avertissement : Pour usage externe uniquement. Toujours effectuer un test \u00e9picutan\u00e9. Cessez d'utiliser le produit si vous ressentez une quelconque g\u00eane. Suivre les instructions suppl\u00e9mentaires figurant sur l'emballage. Les r\u00e9sultats individuels peuvent varier.<\/p>\n<\/div>\n<\/div>","protected":false},"excerpt":{"rendered":"<p>Redonnez de la fermet\u00e9 \u00e0 votre peau gr\u00e2ce \u00e0 cette cr\u00e8me anti-\u00e2ge 2 en 1 pour les yeux et \u00e0 cet appareil qui cible les rides autour des yeux, du cou et du sourire. Sa formule hypoallerg\u00e9nique regorge d'ingr\u00e9dients botaniques tels que le soja, l'absinthe douce, des extraits de baies de magnolia et de l'eau de yuzu pour hydrater la peau, ainsi que du collag\u00e8ne et des peptides pour att\u00e9nuer les rides et raffermir la peau. Son applicateur en tube vibre automatiquement au contact de la peau pour un effet massant doux. Pour l'appliquer, pressez le tube pour faire sortir la cr\u00e8me et appuyez doucement l'embout argent\u00e9 de l'applicateur sur la zone souhait\u00e9e.<\/p>","protected":false},"featured_media":9354,"comment_status":"open","ping_status":"closed","template":"","meta":{"om_disable_all_campaigns":false},"product_brand":[],"product_cat":[57,38,252],"product_tag":[],"class_list":{"0":"post-9350","1":"product","2":"type-product","3":"status-publish","4":"has-post-thumbnail","6":"product_cat-anti-aging","7":"product_cat-eye-care","8":"product_cat-heveblue","10":"first","11":"outofstock","12":"sale","13":"shipping-taxable","14":"purchasable","15":"product-type-simple"},"aioseo_notices":[],"jetpack_sharing_enabled":true,"_links":{"self":[{"href":"https:\/\/k-beautyci.com\/fr\/wp-json\/wp\/v2\/product\/9350","targetHints":{"allow":["GET"]}}],"collection":[{"href":"https:\/\/k-beautyci.com\/fr\/wp-json\/wp\/v2\/product"}],"about":[{"href":"https:\/\/k-beautyci.com\/fr\/wp-json\/wp\/v2\/types\/product"}],"replies":[{"embeddable":true,"href":"https:\/\/k-beautyci.com\/fr\/wp-json\/wp\/v2\/comments?post=9350"}],"wp:featuredmedia":[{"embeddable":true,"href":"https:\/\/k-beautyci.com\/fr\/wp-json\/wp\/v2\/media\/9354"}],"wp:attachment":[{"href":"https:\/\/k-beautyci.com\/fr\/wp-json\/wp\/v2\/media?parent=9350"}],"wp:term":[{"taxonomy":"product_brand","embeddable":true,"href":"https:\/\/k-beautyci.com\/fr\/wp-json\/wp\/v2\/product_brand?post=9350"},{"taxonomy":"product_cat","embeddable":true,"href":"https:\/\/k-beautyci.com\/fr\/wp-json\/wp\/v2\/product_cat?post=9350"},{"taxonomy":"product_tag","embeddable":true,"href":"https:\/\/k-beautyci.com\/fr\/wp-json\/wp\/v2\/product_tag?post=9350"}],"curies":[{"name":"wp","href":"https:\/\/api.w.org\/{rel}","templated":true}]}}