{"id":9338,"date":"2025-10-09T15:16:39","date_gmt":"2025-10-09T15:16:39","guid":{"rendered":"https:\/\/k-beautyci.com\/?post_type=product&#038;p=9338"},"modified":"2026-03-28T01:19:18","modified_gmt":"2026-03-28T01:19:18","slug":"heveblue-salmon-caring-centella-cream-100ml","status":"publish","type":"product","link":"https:\/\/k-beautyci.com\/fr\/produit\/heveblue-salmon-caring-centella-cream-100ml\/","title":{"rendered":"HEVEBLUE Salmon Caring Centella Cream 100ml"},"content":{"rendered":"<p>Comment l'utiliser :<\/p>\n<p>Pr\u00e9levez une quantit\u00e9 appropri\u00e9e de cr\u00e8me, \u00e9talez-la d\u00e9licatement sur la peau et tapotez doucement pour faciliter l'absorption.<\/p>\n<p>Avertissement : Pour usage externe uniquement. Toujours effectuer un test \u00e9picutan\u00e9. Cessez d'utiliser le produit si vous ressentez une quelconque g\u00eane. Suivre les instructions suppl\u00e9mentaires figurant sur l'emballage. Les r\u00e9sultats individuels peuvent varier.<\/p>","protected":false},"excerpt":{"rendered":"<p>Renforcez la barri\u00e8re cutan\u00e9e de votre peau gr\u00e2ce au pouvoir du saumon et de la centella. Cette cr\u00e8me hydratante pr\u00e9serve l'hydratation, apaise visiblement et laisse un \u00e9clat frais et durable. Cette cr\u00e8me hydratante est enrichie de 625 219 ppm d'eau de feuilles de centella asiatica, ainsi que de PDRN de saumon et d'extrait d'\u0153ufs de saumon pour apaiser les irritations cutan\u00e9es, am\u00e9liorer l'\u00e9lasticit\u00e9 de la peau et favoriser la r\u00e9g\u00e9n\u00e9ration cellulaire. Le panth\u00e9nol et l'acide hyaluronique contenus dans la formule apportent des bienfaits apaisants et hydratants suppl\u00e9mentaires. Test\u00e9e cliniquement, cette cr\u00e8me convient \u00e0 tous les types de peau, y compris les peaux sensibles.<\/p>","protected":false},"featured_media":9349,"comment_status":"open","ping_status":"closed","template":"","meta":{"om_disable_all_campaigns":false},"product_brand":[],"product_cat":[57,88,26,69,223],"product_tag":[],"class_list":{"0":"post-9338","1":"product","2":"type-product","3":"status-publish","4":"has-post-thumbnail","6":"product_cat-anti-aging","7":"product_cat-centella","8":"product_cat-face-moisturizer","9":"product_cat-hyaluronic-acid","10":"product_cat-panthenol","12":"first","13":"outofstock","14":"shipping-taxable","15":"purchasable","16":"product-type-simple"},"aioseo_notices":[],"jetpack_sharing_enabled":true,"_links":{"self":[{"href":"https:\/\/k-beautyci.com\/fr\/wp-json\/wp\/v2\/product\/9338","targetHints":{"allow":["GET"]}}],"collection":[{"href":"https:\/\/k-beautyci.com\/fr\/wp-json\/wp\/v2\/product"}],"about":[{"href":"https:\/\/k-beautyci.com\/fr\/wp-json\/wp\/v2\/types\/product"}],"replies":[{"embeddable":true,"href":"https:\/\/k-beautyci.com\/fr\/wp-json\/wp\/v2\/comments?post=9338"}],"wp:featuredmedia":[{"embeddable":true,"href":"https:\/\/k-beautyci.com\/fr\/wp-json\/wp\/v2\/media\/9349"}],"wp:attachment":[{"href":"https:\/\/k-beautyci.com\/fr\/wp-json\/wp\/v2\/media?parent=9338"}],"wp:term":[{"taxonomy":"product_brand","embeddable":true,"href":"https:\/\/k-beautyci.com\/fr\/wp-json\/wp\/v2\/product_brand?post=9338"},{"taxonomy":"product_cat","embeddable":true,"href":"https:\/\/k-beautyci.com\/fr\/wp-json\/wp\/v2\/product_cat?post=9338"},{"taxonomy":"product_tag","embeddable":true,"href":"https:\/\/k-beautyci.com\/fr\/wp-json\/wp\/v2\/product_tag?post=9338"}],"curies":[{"name":"wp","href":"https:\/\/api.w.org\/{rel}","templated":true}]}}