{"id":9333,"date":"2025-10-09T15:16:19","date_gmt":"2025-10-09T15:16:19","guid":{"rendered":"https:\/\/k-beautyci.com\/?post_type=product&#038;p=9333"},"modified":"2026-04-18T06:10:27","modified_gmt":"2026-04-18T06:10:27","slug":"centellian24-madeca-cream-time-reverse","status":"publish","type":"product","link":"https:\/\/k-beautyci.com\/fr\/produit\/centellian24-madeca-cream-time-reverse\/","title":{"rendered":"Centellian24 Madeca Cream Time Reverse"},"content":{"rendered":"<p>Comment l'utiliser :<\/p>\n<p>Tous les jours \u2013 Appliquez d\u00e9licatement en derni\u00e8re \u00e9tape de votre routine de soins, matin et soir.<br \/>\nSp\u00e9cial \u2013 Appliquez une couche \u00e9paisse le soir pour un soin intensif et des r\u00e9sultats optimis\u00e9s.<\/p>\n<p>Avertissement : Pour usage externe uniquement. Toujours effectuer un test \u00e9picutan\u00e9. Cessez d'utiliser le produit si vous ressentez une quelconque g\u00eane. Suivre les instructions suppl\u00e9mentaires figurant sur l'emballage. Les r\u00e9sultats individuels peuvent varier.<\/p>","protected":false},"excerpt":{"rendered":"<p>Korea&#8217;s No.1 Derma Cream for Anti-Aging!&nbsp;Powered by 12 Centella extracts and Active-TECA, this cream soothes, strengthens, and restores skin day and night.&nbsp;This is a total care cream that is meticulously designed to combat 10 signs of skin issues, such as fine lines, wrinkles, firmness, uneven skin tone, and dullness.<\/p>","protected":false},"featured_media":9337,"comment_status":"open","ping_status":"closed","template":"","meta":{"om_disable_all_campaigns":false},"product_brand":[],"product_cat":[57,25,88,26],"product_tag":[],"class_list":{"0":"post-9333","1":"product","2":"type-product","3":"status-publish","4":"has-post-thumbnail","6":"product_cat-anti-aging","7":"product_cat-asian-brands","8":"product_cat-centella","9":"product_cat-face-moisturizer","11":"first","12":"instock","13":"sale","14":"shipping-taxable","15":"purchasable","16":"product-type-simple"},"aioseo_notices":[],"jetpack_sharing_enabled":true,"_links":{"self":[{"href":"https:\/\/k-beautyci.com\/fr\/wp-json\/wp\/v2\/product\/9333","targetHints":{"allow":["GET"]}}],"collection":[{"href":"https:\/\/k-beautyci.com\/fr\/wp-json\/wp\/v2\/product"}],"about":[{"href":"https:\/\/k-beautyci.com\/fr\/wp-json\/wp\/v2\/types\/product"}],"replies":[{"embeddable":true,"href":"https:\/\/k-beautyci.com\/fr\/wp-json\/wp\/v2\/comments?post=9333"}],"wp:featuredmedia":[{"embeddable":true,"href":"https:\/\/k-beautyci.com\/fr\/wp-json\/wp\/v2\/media\/9337"}],"wp:attachment":[{"href":"https:\/\/k-beautyci.com\/fr\/wp-json\/wp\/v2\/media?parent=9333"}],"wp:term":[{"taxonomy":"product_brand","embeddable":true,"href":"https:\/\/k-beautyci.com\/fr\/wp-json\/wp\/v2\/product_brand?post=9333"},{"taxonomy":"product_cat","embeddable":true,"href":"https:\/\/k-beautyci.com\/fr\/wp-json\/wp\/v2\/product_cat?post=9333"},{"taxonomy":"product_tag","embeddable":true,"href":"https:\/\/k-beautyci.com\/fr\/wp-json\/wp\/v2\/product_tag?post=9333"}],"curies":[{"name":"wp","href":"https:\/\/api.w.org\/{rel}","templated":true}]}}