{"id":9328,"date":"2025-10-09T15:15:17","date_gmt":"2025-10-09T15:15:17","guid":{"rendered":"https:\/\/k-beautyci.com\/?post_type=product&#038;p=9328"},"modified":"2026-03-11T10:18:30","modified_gmt":"2026-03-11T10:18:30","slug":"celimax-oil-control-mattifying-sun-stick","status":"publish","type":"product","link":"https:\/\/k-beautyci.com\/fr\/produit\/celimax-oil-control-mattifying-sun-stick\/","title":{"rendered":"celimax Oil Control Mattifying Sun Stick"},"content":{"rendered":"<p><b>Comment l'utiliser :<\/b><\/p>\n<p>Appliquez le stick solaire sur les zones du visage et du corps facilement expos\u00e9es aux rayons UV. Renouvelez l'application si n\u00e9cessaire.<\/p>\n<p>Avertissement : Pour usage externe uniquement. Toujours effectuer un test \u00e9picutan\u00e9. Cessez d'utiliser le produit si vous ressentez une quelconque g\u00eane. Suivre les instructions suppl\u00e9mentaires figurant sur l'emballage. Les r\u00e9sultats individuels peuvent varier.<\/p>","protected":false},"excerpt":{"rendered":"<p>Un stick solaire qui permet de contr\u00f4ler le s\u00e9bum et offre une protection UV efficace avec un indice SPF50+ PA++++ \u00e0 large spectre. Formul\u00e9 avec une formule l\u00e9g\u00e8re non com\u00e9dog\u00e8ne qui convient aux peaux sujettes \u00e0 l'acn\u00e9. Offre un fini mat et doux longue dur\u00e9e qui facilite la r\u00e9application sur le maquillage. Con\u00e7u avec un applicateur en forme de goutte d'eau qui permet une application pratique autour des yeux et du nez.<\/p>","protected":false},"featured_media":9332,"comment_status":"open","ping_status":"closed","template":"","meta":{"om_disable_all_campaigns":false},"product_brand":[],"product_cat":[209,77],"product_tag":[],"class_list":{"0":"post-9328","1":"product","2":"type-product","3":"status-publish","4":"has-post-thumbnail","6":"product_cat-celimax","7":"product_cat-spf-50","9":"first","10":"outofstock","11":"shipping-taxable","12":"purchasable","13":"product-type-simple"},"aioseo_notices":[],"jetpack_sharing_enabled":true,"_links":{"self":[{"href":"https:\/\/k-beautyci.com\/fr\/wp-json\/wp\/v2\/product\/9328","targetHints":{"allow":["GET"]}}],"collection":[{"href":"https:\/\/k-beautyci.com\/fr\/wp-json\/wp\/v2\/product"}],"about":[{"href":"https:\/\/k-beautyci.com\/fr\/wp-json\/wp\/v2\/types\/product"}],"replies":[{"embeddable":true,"href":"https:\/\/k-beautyci.com\/fr\/wp-json\/wp\/v2\/comments?post=9328"}],"wp:featuredmedia":[{"embeddable":true,"href":"https:\/\/k-beautyci.com\/fr\/wp-json\/wp\/v2\/media\/9332"}],"wp:attachment":[{"href":"https:\/\/k-beautyci.com\/fr\/wp-json\/wp\/v2\/media?parent=9328"}],"wp:term":[{"taxonomy":"product_brand","embeddable":true,"href":"https:\/\/k-beautyci.com\/fr\/wp-json\/wp\/v2\/product_brand?post=9328"},{"taxonomy":"product_cat","embeddable":true,"href":"https:\/\/k-beautyci.com\/fr\/wp-json\/wp\/v2\/product_cat?post=9328"},{"taxonomy":"product_tag","embeddable":true,"href":"https:\/\/k-beautyci.com\/fr\/wp-json\/wp\/v2\/product_tag?post=9328"}],"curies":[{"name":"wp","href":"https:\/\/api.w.org\/{rel}","templated":true}]}}