{"id":9321,"date":"2025-10-09T15:15:53","date_gmt":"2025-10-09T15:15:53","guid":{"rendered":"https:\/\/k-beautyci.com\/?post_type=product&#038;p=9321"},"modified":"2026-04-18T03:14:10","modified_gmt":"2026-04-18T03:14:10","slug":"aprilskin-txa-niacinamide-toning-shot-99-serum","status":"publish","type":"product","link":"https:\/\/k-beautyci.com\/fr\/produit\/aprilskin-txa-niacinamide-toning-shot-99-serum\/","title":{"rendered":"APRILSKIN TXA Niacinamide Toning Shot 99 Serum"},"content":{"rendered":"<p>Comment l'utiliser :<\/p>\n<p>Utilisez-le comme premi\u00e8re \u00e9tape de votre routine pour pr\u00e9parer la peau et am\u00e9liorer l'absorption des produits de soin suivants. Versez une quantit\u00e9 appropri\u00e9e de s\u00e9rum et appliquez-le d\u00e9licatement sur la peau. Poursuivez avec le TXA 99 Milky Toner.<\/p>\n<p>Avertissement : Pour usage externe uniquement. Toujours effectuer un test \u00e9picutan\u00e9. Cessez d'utiliser le produit si vous ressentez une quelconque g\u00eane. Suivre les instructions suppl\u00e9mentaires figurant sur l'emballage. Les r\u00e9sultats individuels peuvent varier.<\/p>","protected":false},"excerpt":{"rendered":"<p>Un shot de gel\u00e9e \u00e9pic\u00e9 pour une peau \u00e9clatante. Enrichi en micro-spicules, ce s\u00e9rum apporte les ingr\u00e9dients cl\u00e9s pour uniformiser le teint, affiner les pores et lisser votre peau. Commencez votre routine avec ce booster pour la peau !  Il est formul\u00e9 \u00e0 base d'acide tranexamique, de niacinamide et d'exosomes pour \u00e9claircir le teint en profondeur. D'autres ingr\u00e9dients, comme la glyc\u00e9rine, am\u00e9liorent l'hydratation de la peau. Cette formule hypoallerg\u00e9nique convient \u00e0 tous les types de peau, y compris les peaux sensibles.<\/p>","protected":false},"featured_media":9327,"comment_status":"open","ping_status":"closed","template":"","meta":{"om_disable_all_campaigns":false},"product_brand":[],"product_cat":[251,52,74,243],"product_tag":[],"class_list":{"0":"post-9321","1":"product","2":"type-product","3":"status-publish","4":"has-post-thumbnail","6":"product_cat-aprilskin","7":"product_cat-dark-spots","8":"product_cat-niacinamide","9":"product_cat-tranxemic-acid-txa","11":"first","12":"instock","13":"shipping-taxable","14":"purchasable","15":"product-type-simple"},"aioseo_notices":[],"jetpack_sharing_enabled":true,"_links":{"self":[{"href":"https:\/\/k-beautyci.com\/fr\/wp-json\/wp\/v2\/product\/9321","targetHints":{"allow":["GET"]}}],"collection":[{"href":"https:\/\/k-beautyci.com\/fr\/wp-json\/wp\/v2\/product"}],"about":[{"href":"https:\/\/k-beautyci.com\/fr\/wp-json\/wp\/v2\/types\/product"}],"replies":[{"embeddable":true,"href":"https:\/\/k-beautyci.com\/fr\/wp-json\/wp\/v2\/comments?post=9321"}],"wp:featuredmedia":[{"embeddable":true,"href":"https:\/\/k-beautyci.com\/fr\/wp-json\/wp\/v2\/media\/9327"}],"wp:attachment":[{"href":"https:\/\/k-beautyci.com\/fr\/wp-json\/wp\/v2\/media?parent=9321"}],"wp:term":[{"taxonomy":"product_brand","embeddable":true,"href":"https:\/\/k-beautyci.com\/fr\/wp-json\/wp\/v2\/product_brand?post=9321"},{"taxonomy":"product_cat","embeddable":true,"href":"https:\/\/k-beautyci.com\/fr\/wp-json\/wp\/v2\/product_cat?post=9321"},{"taxonomy":"product_tag","embeddable":true,"href":"https:\/\/k-beautyci.com\/fr\/wp-json\/wp\/v2\/product_tag?post=9321"}],"curies":[{"name":"wp","href":"https:\/\/api.w.org\/{rel}","templated":true}]}}