{"id":932,"date":"2023-03-16T13:39:54","date_gmt":"2023-03-16T13:39:54","guid":{"rendered":"https:\/\/k-beautyci.com\/?post_type=product&#038;p=932"},"modified":"2023-10-10T09:21:31","modified_gmt":"2023-10-10T09:21:31","slug":"rohto-skin-aqua-super-moisture-gel-gold-sunscreen-spf50-pa-110g","status":"publish","type":"product","link":"https:\/\/k-beautyci.com\/fr\/produit\/rohto-skin-aqua-super-moisture-gel-gold-sunscreen-spf50-pa-110g\/","title":{"rendered":"Rohto Skin Aqua Super Moisture Gel Gold Sunscreen SPF50+ PA++++ 110g"},"content":{"rendered":"<ul>\n<li>Prescription Block Veil : La technologie d\u00e9velopp\u00e9e \u00e0 l'origine par Rohto permet au gel de p\u00e9n\u00e9trer instantan\u00e9ment apr\u00e8s l'application. De plus, la texture hydratante du gel offre une sensation de confort durable qui ne colle pas, m\u00eame sur une peau moite. Une sensation naturelle est donc garantie avec cette cr\u00e8me solaire !<\/li>\n<li>Technologie de r\u00e9sistance \u00e0 la lumi\u00e8re : r\u00e9duit la possibilit\u00e9 de d\u00e9t\u00e9rioration de l'effet UV cut caus\u00e9e par l'exposition au soleil. Cette essence sp\u00e9cialis\u00e9e contribue \u00e9galement \u00e0 l'hydratation de la peau.<\/li>\n<li>Respectueux de la peau : test\u00e9 contre les allergies, sans parfum, sans colorant, sans huile min\u00e9rale et sans parab\u00e8ne.<\/li>\n<\/ul>\n<p>&nbsp;<\/p>\n<p>Comment l'utiliser<\/p>\n<p>Appliquez uniform\u00e9ment ce produit sur votre peau.<\/p>\n<p>Pour garantir des effets durables, r\u00e9appliquez constamment ce produit lorsque vous vous essuyez fr\u00e9quemment et que vous produisez de la sueur dans le cadre d'activit\u00e9s sportives ou d'autres activit\u00e9s de plein air, lorsque vous transpirez.<\/p>\n<p>&nbsp;<\/p>\n<p>Toujours effectuer un test \u00e9picutan\u00e9. Utiliser uniquement selon les instructions. Ne pas utiliser sur une peau ab\u00eem\u00e9e. Si l'irritation ou l'inconfort persistent, cesser l'utilisation et consulter un m\u00e9decin. Suivre les instructions suppl\u00e9mentaires figurant sur l'emballage.<\/p>","protected":false},"excerpt":{"rendered":"<p>Skin Aqua Super Moisture Gel Gold est un chef-d'\u0153uvre de la s\u00e9rie de cr\u00e8mes solaires Skin Aqua de Rohto. Cette cr\u00e8me solaire japonaise polyvalente pr\u00e9sente une forte r\u00e9sistance aux UV (SPF50+\/PA++++), une texture confortable, une pr\u00e9vention des impuret\u00e9s, des caract\u00e9ristiques conviviales et un lavage facile.<\/p>","protected":false},"featured_media":934,"comment_status":"open","ping_status":"closed","template":"","meta":{"om_disable_all_campaigns":false},"product_brand":[],"product_cat":[132,77],"product_tag":[],"class_list":{"0":"post-932","1":"product","2":"type-product","3":"status-publish","4":"has-post-thumbnail","6":"product_cat-rohto-mentholatum","7":"product_cat-spf-50","9":"first","10":"outofstock","11":"shipping-taxable","12":"purchasable","13":"product-type-simple"},"aioseo_notices":[],"jetpack_sharing_enabled":true,"_links":{"self":[{"href":"https:\/\/k-beautyci.com\/fr\/wp-json\/wp\/v2\/product\/932","targetHints":{"allow":["GET"]}}],"collection":[{"href":"https:\/\/k-beautyci.com\/fr\/wp-json\/wp\/v2\/product"}],"about":[{"href":"https:\/\/k-beautyci.com\/fr\/wp-json\/wp\/v2\/types\/product"}],"replies":[{"embeddable":true,"href":"https:\/\/k-beautyci.com\/fr\/wp-json\/wp\/v2\/comments?post=932"}],"wp:featuredmedia":[{"embeddable":true,"href":"https:\/\/k-beautyci.com\/fr\/wp-json\/wp\/v2\/media\/934"}],"wp:attachment":[{"href":"https:\/\/k-beautyci.com\/fr\/wp-json\/wp\/v2\/media?parent=932"}],"wp:term":[{"taxonomy":"product_brand","embeddable":true,"href":"https:\/\/k-beautyci.com\/fr\/wp-json\/wp\/v2\/product_brand?post=932"},{"taxonomy":"product_cat","embeddable":true,"href":"https:\/\/k-beautyci.com\/fr\/wp-json\/wp\/v2\/product_cat?post=932"},{"taxonomy":"product_tag","embeddable":true,"href":"https:\/\/k-beautyci.com\/fr\/wp-json\/wp\/v2\/product_tag?post=932"}],"curies":[{"name":"wp","href":"https:\/\/api.w.org\/{rel}","templated":true}]}}