{"id":9307,"date":"2025-10-09T15:15:42","date_gmt":"2025-10-09T15:15:42","guid":{"rendered":"https:\/\/k-beautyci.com\/?post_type=product&#038;p=9307"},"modified":"2025-10-19T00:44:30","modified_gmt":"2025-10-19T00:44:30","slug":"aplb-spicule-niacinamide-shot-260-serum","status":"publish","type":"product","link":"https:\/\/k-beautyci.com\/fr\/produit\/aplb-spicule-niacinamide-shot-260-serum\/","title":{"rendered":"APLB Spicule Niacinamide Shot 260 Serum 40ml"},"content":{"rendered":"<p><b>Comment l'utiliser :<\/b><\/p>\n<p>Appliquer une quantit\u00e9 mod\u00e9r\u00e9e de produit sur le visage et tapoter doucement pour une meilleure absorption.<\/p>\n<p>Avertissement : Pour usage externe uniquement. Toujours effectuer un test \u00e9picutan\u00e9. Cessez d'utiliser le produit si vous ressentez une quelconque g\u00eane. Suivre les instructions suppl\u00e9mentaires figurant sur l'emballage. Les r\u00e9sultats individuels peuvent varier.<\/p>","protected":false},"excerpt":{"rendered":"<p>Formul\u00e9 \u00e0 partir de Spicule Niac Shot\u2122 (contenant des spicules et de la niacinamide), ce s\u00e9rum booste l'\u00e9clat et l'hydratation de la peau. L'extrait de Centella asiatica et le Centella 3x Complex\u2122 (compos\u00e9 d'acide mad\u00e9cassique, d'asiaticoside et d'acide asiatique) apaisent les irritations, tandis que l'acide hyaluronique et le b\u00eata-glucane favorisent une peau repulp\u00e9e et hydrat\u00e9e. Ce produit sans parfum convient aux peaux sensibles.<\/p>","protected":false},"featured_media":9319,"comment_status":"open","ping_status":"closed","template":"","meta":{"om_disable_all_campaigns":false},"product_brand":[],"product_cat":[217,88,31,74],"product_tag":[],"class_list":{"0":"post-9307","1":"product","2":"type-product","3":"status-publish","4":"has-post-thumbnail","6":"product_cat-aplb","7":"product_cat-centella","8":"product_cat-face-serums","9":"product_cat-niacinamide","11":"first","12":"instock","13":"shipping-taxable","14":"purchasable","15":"product-type-simple"},"aioseo_notices":[],"jetpack_sharing_enabled":true,"_links":{"self":[{"href":"https:\/\/k-beautyci.com\/fr\/wp-json\/wp\/v2\/product\/9307","targetHints":{"allow":["GET"]}}],"collection":[{"href":"https:\/\/k-beautyci.com\/fr\/wp-json\/wp\/v2\/product"}],"about":[{"href":"https:\/\/k-beautyci.com\/fr\/wp-json\/wp\/v2\/types\/product"}],"replies":[{"embeddable":true,"href":"https:\/\/k-beautyci.com\/fr\/wp-json\/wp\/v2\/comments?post=9307"}],"wp:featuredmedia":[{"embeddable":true,"href":"https:\/\/k-beautyci.com\/fr\/wp-json\/wp\/v2\/media\/9319"}],"wp:attachment":[{"href":"https:\/\/k-beautyci.com\/fr\/wp-json\/wp\/v2\/media?parent=9307"}],"wp:term":[{"taxonomy":"product_brand","embeddable":true,"href":"https:\/\/k-beautyci.com\/fr\/wp-json\/wp\/v2\/product_brand?post=9307"},{"taxonomy":"product_cat","embeddable":true,"href":"https:\/\/k-beautyci.com\/fr\/wp-json\/wp\/v2\/product_cat?post=9307"},{"taxonomy":"product_tag","embeddable":true,"href":"https:\/\/k-beautyci.com\/fr\/wp-json\/wp\/v2\/product_tag?post=9307"}],"curies":[{"name":"wp","href":"https:\/\/api.w.org\/{rel}","templated":true}]}}