{"id":9296,"date":"2025-10-09T15:14:44","date_gmt":"2025-10-09T15:14:44","guid":{"rendered":"https:\/\/k-beautyci.com\/?post_type=product&#038;p=9296"},"modified":"2025-10-19T00:44:30","modified_gmt":"2025-10-19T00:44:30","slug":"abib-pdrn-collagen-overnight-mask-firming-jelly","status":"publish","type":"product","link":"https:\/\/k-beautyci.com\/fr\/produit\/abib-pdrn-collagen-overnight-mask-firming-jelly\/","title":{"rendered":"Abib PDRN Collagen Overnight Mask Firming Jelly"},"content":{"rendered":"<p><b>Comment l'utiliser :<\/b><\/p>\n<p>\u00c0 la derni\u00e8re \u00e9tape de votre routine de soins, appliquez une fine couche \u00e0 l'aide du pinceau en silicone fourni, r\u00e9partissez uniform\u00e9ment sur votre peau et laissez agir toute la nuit.<\/p>\n<p>Avertissement : Pour usage externe uniquement. Toujours effectuer un test \u00e9picutan\u00e9. Cessez d'utiliser le produit si vous ressentez une quelconque g\u00eane. Suivre les instructions suppl\u00e9mentaires figurant sur l'emballage. Les r\u00e9sultats individuels peuvent varier.<\/p>","protected":false},"excerpt":{"rendered":"<p>R\u00e9veillez-vous avec une peau plus lisse et plus rebondie gr\u00e2ce \u00e0 ce masque de nuit profond\u00e9ment hydratant. Sa formule riche en nutriments restaure l'hydratation et la vitalit\u00e9 de votre peau, pour un teint \u00e9clatant et rafra\u00eechi au r\u00e9veil. Enrichi en PDRN d'origine v\u00e9g\u00e9tale, en collag\u00e8ne \u00e0 faible poids mol\u00e9culaire 300Da et en niacinamide, il aide \u00e0 restaurer la vitalit\u00e9 de la peau et \u00e0 am\u00e9liorer son teint et sa texture.<\/p>","protected":false},"featured_media":9304,"comment_status":"open","ping_status":"closed","template":"","meta":{"om_disable_all_campaigns":false},"product_brand":[],"product_cat":[158,57,52,42,62,74,238],"product_tag":[],"class_list":{"0":"post-9296","1":"product","2":"type-product","3":"status-publish","4":"has-post-thumbnail","6":"product_cat-abib","7":"product_cat-anti-aging","8":"product_cat-dark-spots","9":"product_cat-dry-skin","10":"product_cat-face-masks","11":"product_cat-niacinamide","12":"product_cat-pdrn","14":"first","15":"instock","16":"shipping-taxable","17":"purchasable","18":"product-type-simple"},"aioseo_notices":[],"jetpack_sharing_enabled":true,"_links":{"self":[{"href":"https:\/\/k-beautyci.com\/fr\/wp-json\/wp\/v2\/product\/9296","targetHints":{"allow":["GET"]}}],"collection":[{"href":"https:\/\/k-beautyci.com\/fr\/wp-json\/wp\/v2\/product"}],"about":[{"href":"https:\/\/k-beautyci.com\/fr\/wp-json\/wp\/v2\/types\/product"}],"replies":[{"embeddable":true,"href":"https:\/\/k-beautyci.com\/fr\/wp-json\/wp\/v2\/comments?post=9296"}],"wp:featuredmedia":[{"embeddable":true,"href":"https:\/\/k-beautyci.com\/fr\/wp-json\/wp\/v2\/media\/9304"}],"wp:attachment":[{"href":"https:\/\/k-beautyci.com\/fr\/wp-json\/wp\/v2\/media?parent=9296"}],"wp:term":[{"taxonomy":"product_brand","embeddable":true,"href":"https:\/\/k-beautyci.com\/fr\/wp-json\/wp\/v2\/product_brand?post=9296"},{"taxonomy":"product_cat","embeddable":true,"href":"https:\/\/k-beautyci.com\/fr\/wp-json\/wp\/v2\/product_cat?post=9296"},{"taxonomy":"product_tag","embeddable":true,"href":"https:\/\/k-beautyci.com\/fr\/wp-json\/wp\/v2\/product_tag?post=9296"}],"curies":[{"name":"wp","href":"https:\/\/api.w.org\/{rel}","templated":true}]}}