{"id":9288,"date":"2025-10-09T15:14:26","date_gmt":"2025-10-09T15:14:26","guid":{"rendered":"https:\/\/k-beautyci.com\/?post_type=product&#038;p=9288"},"modified":"2026-03-08T16:24:02","modified_gmt":"2026-03-08T16:24:02","slug":"abib-dark-spot-wrapping-mask-glutathione-film-100ml","status":"publish","type":"product","link":"https:\/\/k-beautyci.com\/fr\/produit\/abib-dark-spot-wrapping-mask-glutathione-film-100ml\/","title":{"rendered":"Abib Dark Spot Wrapping Mask Glutathione Film 100ml"},"content":{"rendered":"<p><b>Comment l'utiliser :<\/b><br \/>\n1. Utilisation comme masque peel-off (2 \u00e0 3 fois par semaine)<br \/>\nAppliquez une couche uniforme \u00e0 l'aide de la spatule fournie, en \u00e9vitant les yeux et les l\u00e8vres. Laissez agir pendant 20 \u00e0 30 minutes. Retirez d\u00e9licatement de bas en haut pour obtenir une peau lift\u00e9e et \u00e9clatante.<\/p>\n<p>2. Utilisation comme soin \u00e9clat avant le maquillage (matin)<br \/>\nAppliquez une fine couche avant le maquillage et rincez apr\u00e8s 10 \u00e0 15 minutes pour une peau visiblement plus lisse et plus ferme et une meilleure adh\u00e9rence du fond de teint.<\/p>\n<p>Avertissement : Pour usage externe uniquement. Toujours effectuer un test \u00e9picutan\u00e9. Cessez d'utiliser le produit si vous ressentez une quelconque g\u00eane. Suivre les instructions suppl\u00e9mentaires figurant sur l'emballage. Les r\u00e9sultats individuels peuvent varier.<\/p>","protected":false},"excerpt":{"rendered":"<p>Obtenez une peau \u00e9clatante et uniforme gr\u00e2ce \u00e0 ce masque enveloppant illuminateur formul\u00e9 \u00e0 base de glutathion, d'acide ascorbique et de niacinamide. Du collag\u00e8ne hydrolys\u00e9 est ajout\u00e9 pour favoriser une peau lisse et d'apparence jeune. Apr\u00e8s application, la texture cr\u00e9meuse et nourrissante se transforme en un film transparent une fois compl\u00e8tement s\u00e8che pour offrir un soin intensif \u00e9claircissant et anti-\u00e2ge. Convient aux peaux sensibles.<\/p>","protected":false},"featured_media":9295,"comment_status":"open","ping_status":"closed","template":"","meta":{"om_disable_all_campaigns":false},"product_brand":[],"product_cat":[158,62,74],"product_tag":[],"class_list":{"0":"post-9288","1":"product","2":"type-product","3":"status-publish","4":"has-post-thumbnail","6":"product_cat-abib","7":"product_cat-face-masks","8":"product_cat-niacinamide","10":"first","11":"instock","12":"shipping-taxable","13":"purchasable","14":"product-type-simple"},"aioseo_notices":[],"jetpack_sharing_enabled":true,"_links":{"self":[{"href":"https:\/\/k-beautyci.com\/fr\/wp-json\/wp\/v2\/product\/9288","targetHints":{"allow":["GET"]}}],"collection":[{"href":"https:\/\/k-beautyci.com\/fr\/wp-json\/wp\/v2\/product"}],"about":[{"href":"https:\/\/k-beautyci.com\/fr\/wp-json\/wp\/v2\/types\/product"}],"replies":[{"embeddable":true,"href":"https:\/\/k-beautyci.com\/fr\/wp-json\/wp\/v2\/comments?post=9288"}],"wp:featuredmedia":[{"embeddable":true,"href":"https:\/\/k-beautyci.com\/fr\/wp-json\/wp\/v2\/media\/9295"}],"wp:attachment":[{"href":"https:\/\/k-beautyci.com\/fr\/wp-json\/wp\/v2\/media?parent=9288"}],"wp:term":[{"taxonomy":"product_brand","embeddable":true,"href":"https:\/\/k-beautyci.com\/fr\/wp-json\/wp\/v2\/product_brand?post=9288"},{"taxonomy":"product_cat","embeddable":true,"href":"https:\/\/k-beautyci.com\/fr\/wp-json\/wp\/v2\/product_cat?post=9288"},{"taxonomy":"product_tag","embeddable":true,"href":"https:\/\/k-beautyci.com\/fr\/wp-json\/wp\/v2\/product_tag?post=9288"}],"curies":[{"name":"wp","href":"https:\/\/api.w.org\/{rel}","templated":true}]}}