{"id":927,"date":"2023-03-15T19:40:38","date_gmt":"2023-03-15T19:40:38","guid":{"rendered":"https:\/\/k-beautyci.com\/?post_type=product&#038;p=927"},"modified":"2026-03-17T08:36:13","modified_gmt":"2026-03-17T08:36:13","slug":"rohto-melano-cc-vitamin-c-premium-brightening-essence","status":"publish","type":"product","link":"https:\/\/k-beautyci.com\/fr\/produit\/rohto-melano-cc-vitamin-c-premium-brightening-essence\/","title":{"rendered":"ROHTO Melano CC Vitamin C Premium Brightening Essence 20ml"},"content":{"rendered":"<h2>Benefits<\/h2>\n<ol>\n<li>Combat les taches brunes<\/li>\n<li>\u00c9claircit les marques d'acn\u00e9<\/li>\n<li>Minimise les pores<\/li>\n<li>Uniformise le teint de la peau<\/li>\n<li>Hydrate la peau<\/li>\n<\/ol>\n<p>&nbsp;<\/p>\n<h2>How to apply<\/h2>\n<p>1) Apr\u00e8s le nettoyage et la tonification, verser une quantit\u00e9 appropri\u00e9e dans la paume de la main (4-5 gouttes).<\/p>\n<p>2. Appliquer d\u00e9licatement sur les zones concern\u00e9es ou sur l'ensemble du visage.<\/p>\n<p>&nbsp;<\/p>\n<p>Effectuez toujours un test \u00e9picutan\u00e9. Cessez d'utiliser le produit si vous ressentez une quelconque g\u00eane. Suivre les instructions suppl\u00e9mentaires figurant sur l'emballage. Les r\u00e9sultats individuels peuvent varier.<\/p>","protected":false},"excerpt":{"rendered":"<p>Avec 4 types de vitamine C, dont la vitamine C 100 % pure (l'acide L-ascorbique est la vitamine C la plus efficace) qui p\u00e9n\u00e8tre profond\u00e9ment dans la peau pour lutter contre les marques de boutons tenaces, les taches sombres tenaces, les cicatrices d'acn\u00e9, le teint in\u00e9gal et les pores dilat\u00e9s.<\/p>","protected":false},"featured_media":928,"comment_status":"open","ping_status":"closed","template":"","meta":{"om_disable_all_campaigns":false},"product_brand":[],"product_cat":[25,52,31,33,132,72],"product_tag":[],"class_list":{"0":"post-927","1":"product","2":"type-product","3":"status-publish","4":"has-post-thumbnail","6":"product_cat-asian-brands","7":"product_cat-dark-spots","8":"product_cat-face-serums","9":"product_cat-face-treatments","10":"product_cat-rohto-mentholatum","11":"product_cat-vitamin-c","13":"first","14":"outofstock","15":"shipping-taxable","16":"purchasable","17":"product-type-simple"},"aioseo_notices":[],"jetpack_sharing_enabled":true,"_links":{"self":[{"href":"https:\/\/k-beautyci.com\/fr\/wp-json\/wp\/v2\/product\/927","targetHints":{"allow":["GET"]}}],"collection":[{"href":"https:\/\/k-beautyci.com\/fr\/wp-json\/wp\/v2\/product"}],"about":[{"href":"https:\/\/k-beautyci.com\/fr\/wp-json\/wp\/v2\/types\/product"}],"replies":[{"embeddable":true,"href":"https:\/\/k-beautyci.com\/fr\/wp-json\/wp\/v2\/comments?post=927"}],"wp:featuredmedia":[{"embeddable":true,"href":"https:\/\/k-beautyci.com\/fr\/wp-json\/wp\/v2\/media\/928"}],"wp:attachment":[{"href":"https:\/\/k-beautyci.com\/fr\/wp-json\/wp\/v2\/media?parent=927"}],"wp:term":[{"taxonomy":"product_brand","embeddable":true,"href":"https:\/\/k-beautyci.com\/fr\/wp-json\/wp\/v2\/product_brand?post=927"},{"taxonomy":"product_cat","embeddable":true,"href":"https:\/\/k-beautyci.com\/fr\/wp-json\/wp\/v2\/product_cat?post=927"},{"taxonomy":"product_tag","embeddable":true,"href":"https:\/\/k-beautyci.com\/fr\/wp-json\/wp\/v2\/product_tag?post=927"}],"curies":[{"name":"wp","href":"https:\/\/api.w.org\/{rel}","templated":true}]}}