{"id":9194,"date":"2025-09-16T02:11:26","date_gmt":"2025-09-16T02:11:26","guid":{"rendered":"https:\/\/k-beautyci.com\/?post_type=product&#038;p=9194"},"modified":"2025-09-28T18:45:55","modified_gmt":"2025-09-28T18:45:55","slug":"retin-a-soap-treatment-soap-100g","status":"publish","type":"product","link":"https:\/\/k-beautyci.com\/fr\/produit\/retin-a-soap-treatment-soap-100g\/","title":{"rendered":"Retin-A Soap Treatment Soap 100g"},"content":{"rendered":"","protected":false},"excerpt":{"rendered":"<p>Le savon nettoyant Retin-A Treatment combat l'acn\u00e9 et am\u00e9liore l'\u00e9clat du visage. Il r\u00e9duit non seulement l'apparence des rides fines et profondes, mais am\u00e9liore \u00e9galement le teint et l'\u00e9clat de la peau.<\/p>","protected":false},"featured_media":9197,"comment_status":"open","ping_status":"closed","template":"","meta":{"om_disable_all_campaigns":false},"product_brand":[],"product_cat":[35],"product_tag":[],"class_list":{"0":"post-9194","1":"product","2":"type-product","3":"status-publish","4":"has-post-thumbnail","6":"product_cat-face-cleansers","8":"first","9":"instock","10":"shipping-taxable","11":"purchasable","12":"product-type-simple"},"aioseo_notices":[],"jetpack_sharing_enabled":true,"_links":{"self":[{"href":"https:\/\/k-beautyci.com\/fr\/wp-json\/wp\/v2\/product\/9194","targetHints":{"allow":["GET"]}}],"collection":[{"href":"https:\/\/k-beautyci.com\/fr\/wp-json\/wp\/v2\/product"}],"about":[{"href":"https:\/\/k-beautyci.com\/fr\/wp-json\/wp\/v2\/types\/product"}],"replies":[{"embeddable":true,"href":"https:\/\/k-beautyci.com\/fr\/wp-json\/wp\/v2\/comments?post=9194"}],"wp:featuredmedia":[{"embeddable":true,"href":"https:\/\/k-beautyci.com\/fr\/wp-json\/wp\/v2\/media\/9197"}],"wp:attachment":[{"href":"https:\/\/k-beautyci.com\/fr\/wp-json\/wp\/v2\/media?parent=9194"}],"wp:term":[{"taxonomy":"product_brand","embeddable":true,"href":"https:\/\/k-beautyci.com\/fr\/wp-json\/wp\/v2\/product_brand?post=9194"},{"taxonomy":"product_cat","embeddable":true,"href":"https:\/\/k-beautyci.com\/fr\/wp-json\/wp\/v2\/product_cat?post=9194"},{"taxonomy":"product_tag","embeddable":true,"href":"https:\/\/k-beautyci.com\/fr\/wp-json\/wp\/v2\/product_tag?post=9194"}],"curies":[{"name":"wp","href":"https:\/\/api.w.org\/{rel}","templated":true}]}}