{"id":9190,"date":"2025-09-16T01:59:20","date_gmt":"2025-09-16T01:59:20","guid":{"rendered":"https:\/\/k-beautyci.com\/?post_type=product&#038;p=9190"},"modified":"2025-09-28T18:45:55","modified_gmt":"2025-09-28T18:45:55","slug":"geek-gorgeous-101-porefectly-clear-2-salicylic-acid-serum-30ml","status":"publish","type":"product","link":"https:\/\/k-beautyci.com\/fr\/produit\/geek-gorgeous-101-porefectly-clear-2-salicylic-acid-serum-30ml\/","title":{"rendered":"Geek &#038; Gorgeous 101 Porefectly Clear 2% Salicylic Acid Serum 30ml"},"content":{"rendered":"<p>Comment l'utiliser :<\/p>\n<p>Appliquez quelques gouttes sur le visage avant d'autres s\u00e9rums et cr\u00e8mes. Utilisez une fois par jour ou tous les deux jours, le matin ou le soir.<\/p>\n<p>Avertissement : Pour usage externe uniquement. Toujours effectuer un test \u00e9picutan\u00e9. Cessez d'utiliser le produit si vous ressentez une quelconque g\u00eane. Suivre les instructions suppl\u00e9mentaires figurant sur l'emballage. Les r\u00e9sultats individuels peuvent varier.<\/p>","protected":false},"excerpt":{"rendered":"<p>Un gel exfoliant l\u00e9ger contenant 2 % d'acide salicylique  et de la sarcosine pour d\u00e9boucher les pores et <span style=\"font-weight: 400;\">Am\u00e9liore les probl\u00e8mes li\u00e9s aux peaux mixtes, tels que les points noirs et l'exc\u00e8s de s\u00e9bum.<\/span><\/p>","protected":false},"featured_media":9193,"comment_status":"open","ping_status":"closed","template":"","meta":{"om_disable_all_campaigns":false},"product_brand":[],"product_cat":[60,78,31,41,71],"product_tag":[],"class_list":{"0":"post-9190","1":"product","2":"type-product","3":"status-publish","4":"has-post-thumbnail","6":"product_cat-acne","7":"product_cat-aha-bha","8":"product_cat-face-serums","9":"product_cat-oily-skin","10":"product_cat-salicylic-acid","12":"first","13":"outofstock","14":"shipping-taxable","15":"purchasable","16":"product-type-simple"},"aioseo_notices":[],"jetpack_sharing_enabled":true,"_links":{"self":[{"href":"https:\/\/k-beautyci.com\/fr\/wp-json\/wp\/v2\/product\/9190","targetHints":{"allow":["GET"]}}],"collection":[{"href":"https:\/\/k-beautyci.com\/fr\/wp-json\/wp\/v2\/product"}],"about":[{"href":"https:\/\/k-beautyci.com\/fr\/wp-json\/wp\/v2\/types\/product"}],"replies":[{"embeddable":true,"href":"https:\/\/k-beautyci.com\/fr\/wp-json\/wp\/v2\/comments?post=9190"}],"wp:featuredmedia":[{"embeddable":true,"href":"https:\/\/k-beautyci.com\/fr\/wp-json\/wp\/v2\/media\/9193"}],"wp:attachment":[{"href":"https:\/\/k-beautyci.com\/fr\/wp-json\/wp\/v2\/media?parent=9190"}],"wp:term":[{"taxonomy":"product_brand","embeddable":true,"href":"https:\/\/k-beautyci.com\/fr\/wp-json\/wp\/v2\/product_brand?post=9190"},{"taxonomy":"product_cat","embeddable":true,"href":"https:\/\/k-beautyci.com\/fr\/wp-json\/wp\/v2\/product_cat?post=9190"},{"taxonomy":"product_tag","embeddable":true,"href":"https:\/\/k-beautyci.com\/fr\/wp-json\/wp\/v2\/product_tag?post=9190"}],"curies":[{"name":"wp","href":"https:\/\/api.w.org\/{rel}","templated":true}]}}