{"id":9183,"date":"2025-09-15T16:40:58","date_gmt":"2025-09-15T16:40:58","guid":{"rendered":"https:\/\/k-beautyci.com\/?post_type=product&#038;p=9183"},"modified":"2025-09-15T16:40:59","modified_gmt":"2025-09-15T16:40:59","slug":"skin-1004-madagascar-centella-tea-trica-bha-foam","status":"publish","type":"product","link":"https:\/\/k-beautyci.com\/fr\/produit\/skin-1004-madagascar-centella-tea-trica-bha-foam\/","title":{"rendered":"SKIN 1004 Madagascar Centella Tea-trica BHA Foam"},"content":{"rendered":"<p>Comment l'utiliser :<\/p>\n<p>Pr\u00e9levez une noisette de produit et faites mousser. Massez d\u00e9licatement l'ensemble du visage, puis rincez \u00e0 l'eau ti\u00e8de.<\/p>\n<p>Avertissement : Pour usage externe uniquement. Toujours effectuer un test \u00e9picutan\u00e9. Cessez d'utiliser le produit si vous ressentez une quelconque g\u00eane. Suivre les instructions suppl\u00e9mentaires figurant sur l'emballage. Les r\u00e9sultats individuels peuvent varier.<\/p>","protected":false},"excerpt":{"rendered":"<p>Ce nettoyant moussant \u00e0 base de BHA est enrichi en centella asiatica, en eau de feuilles d'arbre \u00e0 th\u00e9 et en acide salicylique pour apaiser les irritations cutan\u00e9es et \u00e9liminer l'exc\u00e8s de s\u00e9bum et les cellules mortes. Il contient de la glyc\u00e9rine pour hydrater la peau. Convient aux peaux sensibles et sujettes \u00e0 l'acn\u00e9.<\/p>","protected":false},"featured_media":9187,"comment_status":"open","ping_status":"closed","template":"","meta":{"om_disable_all_campaigns":false},"product_brand":[],"product_cat":[60,78,35,41,71,94],"product_tag":[],"class_list":{"0":"post-9183","1":"product","2":"type-product","3":"status-publish","4":"has-post-thumbnail","6":"product_cat-acne","7":"product_cat-aha-bha","8":"product_cat-face-cleansers","9":"product_cat-oily-skin","10":"product_cat-salicylic-acid","11":"product_cat-skin-1004","13":"first","14":"instock","15":"shipping-taxable","16":"purchasable","17":"product-type-simple"},"aioseo_notices":[],"jetpack_sharing_enabled":true,"_links":{"self":[{"href":"https:\/\/k-beautyci.com\/fr\/wp-json\/wp\/v2\/product\/9183","targetHints":{"allow":["GET"]}}],"collection":[{"href":"https:\/\/k-beautyci.com\/fr\/wp-json\/wp\/v2\/product"}],"about":[{"href":"https:\/\/k-beautyci.com\/fr\/wp-json\/wp\/v2\/types\/product"}],"replies":[{"embeddable":true,"href":"https:\/\/k-beautyci.com\/fr\/wp-json\/wp\/v2\/comments?post=9183"}],"wp:featuredmedia":[{"embeddable":true,"href":"https:\/\/k-beautyci.com\/fr\/wp-json\/wp\/v2\/media\/9187"}],"wp:attachment":[{"href":"https:\/\/k-beautyci.com\/fr\/wp-json\/wp\/v2\/media?parent=9183"}],"wp:term":[{"taxonomy":"product_brand","embeddable":true,"href":"https:\/\/k-beautyci.com\/fr\/wp-json\/wp\/v2\/product_brand?post=9183"},{"taxonomy":"product_cat","embeddable":true,"href":"https:\/\/k-beautyci.com\/fr\/wp-json\/wp\/v2\/product_cat?post=9183"},{"taxonomy":"product_tag","embeddable":true,"href":"https:\/\/k-beautyci.com\/fr\/wp-json\/wp\/v2\/product_tag?post=9183"}],"curies":[{"name":"wp","href":"https:\/\/api.w.org\/{rel}","templated":true}]}}