{"id":9172,"date":"2025-09-15T03:07:15","date_gmt":"2025-09-15T03:07:15","guid":{"rendered":"https:\/\/k-beautyci.com\/?post_type=product&#038;p=9172"},"modified":"2025-10-19T00:44:33","modified_gmt":"2025-10-19T00:44:33","slug":"nineless-molecule-clear-5-mandelic-acid-serum","status":"publish","type":"product","link":"https:\/\/k-beautyci.com\/fr\/produit\/nineless-molecule-clear-5-mandelic-acid-serum\/","title":{"rendered":"NINELESS Molecule-Clear 5% Mandelic Acid Serum"},"content":{"rendered":"<p><b>Comment l'utiliser :<\/b><br \/>\n1. Apr\u00e8s avoir tonifi\u00e9 votre peau, appliquez une quantit\u00e9 appropri\u00e9e sur votre peau, tapotez doucement pour favoriser l'absorption, puis appliquez une cr\u00e8me hydratante et un \u00e9cran solaire.<\/p>\n<p>2. Recommand\u00e9 pour une utilisation nocturne.<\/p>\n<p>3. Commencez par utiliser 3 fois par semaine, si tol\u00e9r\u00e9, puis une fois par jour.<\/p>\n<p>Avertissement : Pour usage externe uniquement. Toujours effectuer un test \u00e9picutan\u00e9. Cessez d'utiliser le produit si vous ressentez une quelconque g\u00eane. Suivre les instructions suppl\u00e9mentaires figurant sur l'emballage. Les r\u00e9sultats individuels peuvent varier.<\/p>","protected":false},"excerpt":{"rendered":"<p>Issu de la gamme Molecular-Clear Line de NINELESS, ce s\u00e9rum anti-acn\u00e9 riche en acide mand\u00e9lique att\u00e9nue les taches brunes et lisse la peau. Sa formule contient \u00e9galement du panth\u00e9nol et de l'allanto\u00efne pour apaiser la peau, ainsi que de la glyc\u00e9rine et du hyaluronate de sodium pour booster l'hydratation cutan\u00e9e.<\/p>","protected":false},"featured_media":9173,"comment_status":"open","ping_status":"closed","template":"","meta":{"om_disable_all_campaigns":false},"product_brand":[],"product_cat":[60,31,191,41],"product_tag":[],"class_list":{"0":"post-9172","1":"product","2":"type-product","3":"status-publish","4":"has-post-thumbnail","6":"product_cat-acne","7":"product_cat-face-serums","8":"product_cat-nineless","9":"product_cat-oily-skin","11":"first","12":"instock","13":"shipping-taxable","14":"purchasable","15":"product-type-simple"},"aioseo_notices":[],"jetpack_sharing_enabled":true,"_links":{"self":[{"href":"https:\/\/k-beautyci.com\/fr\/wp-json\/wp\/v2\/product\/9172","targetHints":{"allow":["GET"]}}],"collection":[{"href":"https:\/\/k-beautyci.com\/fr\/wp-json\/wp\/v2\/product"}],"about":[{"href":"https:\/\/k-beautyci.com\/fr\/wp-json\/wp\/v2\/types\/product"}],"replies":[{"embeddable":true,"href":"https:\/\/k-beautyci.com\/fr\/wp-json\/wp\/v2\/comments?post=9172"}],"wp:featuredmedia":[{"embeddable":true,"href":"https:\/\/k-beautyci.com\/fr\/wp-json\/wp\/v2\/media\/9173"}],"wp:attachment":[{"href":"https:\/\/k-beautyci.com\/fr\/wp-json\/wp\/v2\/media?parent=9172"}],"wp:term":[{"taxonomy":"product_brand","embeddable":true,"href":"https:\/\/k-beautyci.com\/fr\/wp-json\/wp\/v2\/product_brand?post=9172"},{"taxonomy":"product_cat","embeddable":true,"href":"https:\/\/k-beautyci.com\/fr\/wp-json\/wp\/v2\/product_cat?post=9172"},{"taxonomy":"product_tag","embeddable":true,"href":"https:\/\/k-beautyci.com\/fr\/wp-json\/wp\/v2\/product_tag?post=9172"}],"curies":[{"name":"wp","href":"https:\/\/api.w.org\/{rel}","templated":true}]}}