{"id":9158,"date":"2025-09-14T14:39:23","date_gmt":"2025-09-14T14:39:23","guid":{"rendered":"https:\/\/k-beautyci.com\/product\/mixsoon-galactomyces-ferment-essence-100ml\/"},"modified":"2026-02-07T17:49:17","modified_gmt":"2026-02-07T17:49:17","slug":"mixsoon-galactomyces-ferment-essence-100ml","status":"publish","type":"product","link":"https:\/\/k-beautyci.com\/fr\/produit\/mixsoon-galactomyces-ferment-essence-100ml\/","title":{"rendered":"mixsoon Galactomyces Ferment Essence 100ml"},"content":{"rendered":"<p>Comment l'utiliser<span style=\"font-family: pretendard, sans-serif; font-size: 16px; font-style: normal; font-weight: 400; letter-spacing: -0.48px; text-align: start; text-indent: 0px; text-transform: none; text-decoration: none; float: none;\">:<\/span><\/p>\n<p><span style=\"font-family: pretendard, sans-serif; font-size: 16px; font-style: normal; font-weight: 400; letter-spacing: -0.48px; text-align: start; text-indent: 0px; text-transform: none; text-decoration: none; float: none;\">After cleansing and toning, apply a few drops to the entire face\u00a0with your hands or using a cotton\u00a0pad.<\/span><span style=\"font-family: pretendard, sans-serif; font-size: 16px; font-style: normal; font-weight: 400; letter-spacing: -0.48px; text-align: start; text-indent: 0px; text-transform: none; text-decoration: none; float: none;\"><span class=\"Apple-converted-space\">\u00a0<\/span><\/span><span style=\"font-family: pretendard, sans-serif; font-size: 16px; font-style: normal; font-weight: 400; letter-spacing: -0.48px; text-align: start; text-indent: 0px; text-transform: none; text-decoration: none; float: none;\">Pat in until fully absorbed.<\/span><\/p>\n<p>Avertissement : Pour usage externe uniquement. Toujours effectuer un test \u00e9picutan\u00e9. Cessez d'utiliser le produit si vous ressentez une quelconque g\u00eane. Suivre les instructions suppl\u00e9mentaires figurant sur l'emballage. Les r\u00e9sultats individuels peuvent varier.<\/p>","protected":false},"excerpt":{"rendered":"<p><span style=\"font-family: pretendard, sans-serif; font-size: 14px; font-style: normal; font-weight: 400; letter-spacing: -0.42px; text-align: start; text-indent: 0px; text-transform: none; text-decoration: none; float: none;\">L'essence Galactomyces Ferment Essence de mixsoon est un produit de soin vegan luxueux con\u00e7u pour hydrater en profondeur et am\u00e9liorer l'\u00e9clat de la peau. Formul\u00e9e \u00e0 partir de Galactomyces Ferment Filtrate, un extrait de levure ferment\u00e9e, cette essence nourrit la peau gr\u00e2ce \u00e0 un puissant m\u00e9lange de vitamines, d'acides amin\u00e9s et de min\u00e9raux. Le processus de fermentation garantit une biodisponibilit\u00e9 \u00e9lev\u00e9e des ingr\u00e9dients, permettant une absorption et une efficacit\u00e9 maximales. L'essence p\u00e9n\u00e8tre profond\u00e9ment dans la peau, am\u00e9liorant son \u00e9lasticit\u00e9, r\u00e9duisant les ridules et favorisant un \u00e9clat de jeunesse. Elle contient \u00e9galement de l'extrait de son de riz, connu pour ses propri\u00e9t\u00e9s \u00e9claircissantes et apaisantes, qui aident \u00e0 uniformiser le teint et \u00e0 r\u00e9tablir l'\u00e9quilibre hydrique.<\/span><\/p>","protected":false},"featured_media":9153,"comment_status":"open","ping_status":"closed","template":"","meta":{"om_disable_all_campaigns":false},"product_brand":[],"product_cat":[57,52,42,32,196,66,41,36],"product_tag":[],"class_list":{"0":"post-9158","1":"product","2":"type-product","3":"status-publish","4":"has-post-thumbnail","6":"product_cat-anti-aging","7":"product_cat-dark-spots","8":"product_cat-dry-skin","9":"product_cat-essence","10":"product_cat-mixsoon","11":"product_cat-normal-combination-skin","12":"product_cat-oily-skin","13":"product_cat-sensitive-skin","15":"first","16":"outofstock","17":"shipping-taxable","18":"purchasable","19":"product-type-simple"},"aioseo_notices":[],"jetpack_sharing_enabled":true,"_links":{"self":[{"href":"https:\/\/k-beautyci.com\/fr\/wp-json\/wp\/v2\/product\/9158","targetHints":{"allow":["GET"]}}],"collection":[{"href":"https:\/\/k-beautyci.com\/fr\/wp-json\/wp\/v2\/product"}],"about":[{"href":"https:\/\/k-beautyci.com\/fr\/wp-json\/wp\/v2\/types\/product"}],"replies":[{"embeddable":true,"href":"https:\/\/k-beautyci.com\/fr\/wp-json\/wp\/v2\/comments?post=9158"}],"wp:featuredmedia":[{"embeddable":true,"href":"https:\/\/k-beautyci.com\/fr\/wp-json\/wp\/v2\/media\/9153"}],"wp:attachment":[{"href":"https:\/\/k-beautyci.com\/fr\/wp-json\/wp\/v2\/media?parent=9158"}],"wp:term":[{"taxonomy":"product_brand","embeddable":true,"href":"https:\/\/k-beautyci.com\/fr\/wp-json\/wp\/v2\/product_brand?post=9158"},{"taxonomy":"product_cat","embeddable":true,"href":"https:\/\/k-beautyci.com\/fr\/wp-json\/wp\/v2\/product_cat?post=9158"},{"taxonomy":"product_tag","embeddable":true,"href":"https:\/\/k-beautyci.com\/fr\/wp-json\/wp\/v2\/product_tag?post=9158"}],"curies":[{"name":"wp","href":"https:\/\/api.w.org\/{rel}","templated":true}]}}