{"id":9098,"date":"2025-09-13T00:21:39","date_gmt":"2025-09-13T00:21:39","guid":{"rendered":"https:\/\/k-beautyci.com\/?post_type=product&#038;p=9098"},"modified":"2025-11-28T09:02:05","modified_gmt":"2025-11-28T09:02:05","slug":"medicube-deep-vita-c-daily-quick-mask-350ml-30sheets","status":"publish","type":"product","link":"https:\/\/k-beautyci.com\/fr\/produit\/medicube-deep-vita-c-daily-quick-mask-350ml-30sheets\/","title":{"rendered":"medicube Deep Vita C Daily Quick Mask 350Ml\/30Sheets"},"content":{"rendered":"<p><b>Comment l'utiliser :<\/b><br \/>\n1. Apr\u00e8s avoir nettoy\u00e9 le visage, placez le masque correctement sur le visage, en \u00e9vitant le contour des yeux et des l\u00e8vres.<br \/>\n2. Laissez agir pendant 10 \u00e0 15 minutes, puis retirez le masque.<br \/>\n3. Tamponner le reste de l'essence sur le visage pour faciliter l'absorption.<\/p>\n<p>Avertissement : Pour usage externe uniquement. Toujours effectuer un test \u00e9picutan\u00e9. Cessez d'utiliser le produit si vous ressentez une quelconque g\u00eane. Suivre les instructions suppl\u00e9mentaires figurant sur l'emballage. Les r\u00e9sultats individuels peuvent varier.<\/p>","protected":false},"excerpt":{"rendered":"<p>Le masque Medicube Deep Vita C Daily Quick Mask 350 ml\/30 feuilles est un masque en tissu impr\u00e9gn\u00e9 de vitamine C pure qui \u00e9claircit et revitalise la peau. Ce masque est con\u00e7u pour \u00e9claircir le teint, r\u00e9duire l'apparence des taches brunes et des irr\u00e9gularit\u00e9s tout en hydratant la peau en profondeur. Gr\u00e2ce \u00e0 sa formule puissante et \u00e0 sa facilit\u00e9 d'utilisation, ce masque offre un \u00e9clat instantan\u00e9 et un teint plus lumineux d\u00e8s la premi\u00e8re application. Il aide \u00e9galement \u00e0 stimuler la production de collag\u00e8ne pour une peau plus ferme et plus tonique, tout en offrant des propri\u00e9t\u00e9s antioxydantes qui prot\u00e8gent la peau des dommages environnementaux.<\/p>","protected":false},"featured_media":9134,"comment_status":"open","ping_status":"closed","template":"","meta":{"om_disable_all_campaigns":false},"product_brand":[],"product_cat":[15],"product_tag":[],"class_list":{"0":"post-9098","1":"product","2":"type-product","3":"status-publish","4":"has-post-thumbnail","6":"product_cat-uncategorized","8":"first","9":"outofstock","10":"shipping-taxable","11":"purchasable","12":"product-type-simple"},"aioseo_notices":[],"jetpack_sharing_enabled":true,"_links":{"self":[{"href":"https:\/\/k-beautyci.com\/fr\/wp-json\/wp\/v2\/product\/9098","targetHints":{"allow":["GET"]}}],"collection":[{"href":"https:\/\/k-beautyci.com\/fr\/wp-json\/wp\/v2\/product"}],"about":[{"href":"https:\/\/k-beautyci.com\/fr\/wp-json\/wp\/v2\/types\/product"}],"replies":[{"embeddable":true,"href":"https:\/\/k-beautyci.com\/fr\/wp-json\/wp\/v2\/comments?post=9098"}],"wp:featuredmedia":[{"embeddable":true,"href":"https:\/\/k-beautyci.com\/fr\/wp-json\/wp\/v2\/media\/9134"}],"wp:attachment":[{"href":"https:\/\/k-beautyci.com\/fr\/wp-json\/wp\/v2\/media?parent=9098"}],"wp:term":[{"taxonomy":"product_brand","embeddable":true,"href":"https:\/\/k-beautyci.com\/fr\/wp-json\/wp\/v2\/product_brand?post=9098"},{"taxonomy":"product_cat","embeddable":true,"href":"https:\/\/k-beautyci.com\/fr\/wp-json\/wp\/v2\/product_cat?post=9098"},{"taxonomy":"product_tag","embeddable":true,"href":"https:\/\/k-beautyci.com\/fr\/wp-json\/wp\/v2\/product_tag?post=9098"}],"curies":[{"name":"wp","href":"https:\/\/api.w.org\/{rel}","templated":true}]}}