{"id":9091,"date":"2025-09-12T17:26:04","date_gmt":"2025-09-12T17:26:04","guid":{"rendered":"https:\/\/k-beautyci.com\/?post_type=product&#038;p=9091"},"modified":"2026-03-24T16:15:17","modified_gmt":"2026-03-24T16:15:17","slug":"medicube-pdrn-pink-niacinamide-whip-cleanser","status":"publish","type":"product","link":"https:\/\/k-beautyci.com\/fr\/produit\/medicube-pdrn-pink-niacinamide-whip-cleanser\/","title":{"rendered":"medicube PDRN Pink Niacinamide Whip Cleanser"},"content":{"rendered":"<p><b>Comment l'utiliser :<\/b><br \/>\n1. Pour un nettoyage quotidien en profondeur, appliquer directement sur la peau s\u00e8che et masser doucement, ajouter une petite quantit\u00e9 d'eau pour cr\u00e9er une mousse riche, puis rincer abondamment \u00e0 l'eau ti\u00e8de.<br \/>\n2. En tant que masque de lavage en profondeur, appliquer une couche uniforme du nettoyant sur la peau s\u00e8che, laisser agir pendant 1 minute, puis masser d\u00e9licatement avec les mains humides pour faire mousser et rincer abondamment \u00e0 l'eau ti\u00e8de.<\/p>\n<p>Avertissement : Pour usage externe uniquement. Toujours effectuer un test \u00e9picutan\u00e9. Cessez d'utiliser le produit si vous ressentez une quelconque g\u00eane. Suivre les instructions suppl\u00e9mentaires figurant sur l'emballage. Les r\u00e9sultats individuels peuvent varier.<\/p>","protected":false},"excerpt":{"rendered":"<p>Formul\u00e9 avec de l'ADN de saumon PDRN pur \u00e0 99 % et du niacinamide, ce nettoyant aide \u00e0 am\u00e9liorer le teint in\u00e9gal de la peau tout en \u00e9liminant les impuret\u00e9s quotidiennes. Il laisse votre peau lisse, \u00e9quilibr\u00e9e et \u00e9clatante.<\/p>","protected":false},"featured_media":9095,"comment_status":"open","ping_status":"closed","template":"","meta":{"om_disable_all_campaigns":false},"product_brand":[],"product_cat":[148,35,215,74,238],"product_tag":[],"class_list":{"0":"post-9091","1":"product","2":"type-product","3":"status-publish","4":"has-post-thumbnail","6":"product_cat-ceramide","7":"product_cat-face-cleansers","8":"product_cat-medicube","9":"product_cat-niacinamide","10":"product_cat-pdrn","12":"first","13":"outofstock","14":"shipping-taxable","15":"purchasable","16":"product-type-simple"},"aioseo_notices":[],"jetpack_sharing_enabled":true,"_links":{"self":[{"href":"https:\/\/k-beautyci.com\/fr\/wp-json\/wp\/v2\/product\/9091","targetHints":{"allow":["GET"]}}],"collection":[{"href":"https:\/\/k-beautyci.com\/fr\/wp-json\/wp\/v2\/product"}],"about":[{"href":"https:\/\/k-beautyci.com\/fr\/wp-json\/wp\/v2\/types\/product"}],"replies":[{"embeddable":true,"href":"https:\/\/k-beautyci.com\/fr\/wp-json\/wp\/v2\/comments?post=9091"}],"wp:featuredmedia":[{"embeddable":true,"href":"https:\/\/k-beautyci.com\/fr\/wp-json\/wp\/v2\/media\/9095"}],"wp:attachment":[{"href":"https:\/\/k-beautyci.com\/fr\/wp-json\/wp\/v2\/media?parent=9091"}],"wp:term":[{"taxonomy":"product_brand","embeddable":true,"href":"https:\/\/k-beautyci.com\/fr\/wp-json\/wp\/v2\/product_brand?post=9091"},{"taxonomy":"product_cat","embeddable":true,"href":"https:\/\/k-beautyci.com\/fr\/wp-json\/wp\/v2\/product_cat?post=9091"},{"taxonomy":"product_tag","embeddable":true,"href":"https:\/\/k-beautyci.com\/fr\/wp-json\/wp\/v2\/product_tag?post=9091"}],"curies":[{"name":"wp","href":"https:\/\/api.w.org\/{rel}","templated":true}]}}