{"id":9087,"date":"2025-09-12T20:23:49","date_gmt":"2025-09-12T20:23:49","guid":{"rendered":"https:\/\/k-beautyci.com\/?post_type=product&#038;p=9087"},"modified":"2026-02-03T12:25:39","modified_gmt":"2026-02-03T12:25:39","slug":"eqqualberry-bakuchiol-plumping-capsule-cream","status":"publish","type":"product","link":"https:\/\/k-beautyci.com\/fr\/produit\/eqqualberry-bakuchiol-plumping-capsule-cream\/","title":{"rendered":"EQQUALBERRY Bakuchiol Plumping Capsule Cream"},"content":{"rendered":"<p><b>Comment l'utiliser :<\/b><\/p>\n<p>Lors de la derni\u00e8re \u00e9tape du soin, appliquer une quantit\u00e9 ad\u00e9quate sur la peau et tapoter l\u00e9g\u00e8rement pour faire p\u00e9n\u00e9trer le produit.<\/p>\n<p>Avertissement : Pour usage externe uniquement. Toujours effectuer un test \u00e9picutan\u00e9. Cessez d'utiliser le produit si vous ressentez une quelconque g\u00eane. Suivre les instructions suppl\u00e9mentaires figurant sur l'emballage. Les r\u00e9sultats individuels peuvent varier.<\/p>","protected":false},"excerpt":{"rendered":"<p>Cette cr\u00e8me au bakuchiol repulpe et hydrate la peau. Des capsules ultrafines infus\u00e9es de bakuchiol \u00e9clatent sur la peau pour lui apporter des bienfaits raffermissants. Le niacinamide, cinq types de collag\u00e8ne et cinq types de c\u00e9ramide renforcent la barri\u00e8re cutan\u00e9e et rehaussent l'\u00e9clat de la peau. La formule douce convient \u00e0 tous les types de peau, y compris les peaux sensibles.<\/p>","protected":false},"featured_media":9090,"comment_status":"open","ping_status":"closed","template":"","meta":{"om_disable_all_campaigns":false},"product_brand":[],"product_cat":[57,235,148,233,26],"product_tag":[],"class_list":{"0":"post-9087","1":"product","2":"type-product","3":"status-publish","4":"has-post-thumbnail","6":"product_cat-anti-aging","7":"product_cat-bakuchiol-by-ingredient","8":"product_cat-ceramide","9":"product_cat-eqqualberry","10":"product_cat-face-moisturizer","12":"first","13":"outofstock","14":"shipping-taxable","15":"purchasable","16":"product-type-simple"},"aioseo_notices":[],"jetpack_sharing_enabled":true,"_links":{"self":[{"href":"https:\/\/k-beautyci.com\/fr\/wp-json\/wp\/v2\/product\/9087","targetHints":{"allow":["GET"]}}],"collection":[{"href":"https:\/\/k-beautyci.com\/fr\/wp-json\/wp\/v2\/product"}],"about":[{"href":"https:\/\/k-beautyci.com\/fr\/wp-json\/wp\/v2\/types\/product"}],"replies":[{"embeddable":true,"href":"https:\/\/k-beautyci.com\/fr\/wp-json\/wp\/v2\/comments?post=9087"}],"wp:featuredmedia":[{"embeddable":true,"href":"https:\/\/k-beautyci.com\/fr\/wp-json\/wp\/v2\/media\/9090"}],"wp:attachment":[{"href":"https:\/\/k-beautyci.com\/fr\/wp-json\/wp\/v2\/media?parent=9087"}],"wp:term":[{"taxonomy":"product_brand","embeddable":true,"href":"https:\/\/k-beautyci.com\/fr\/wp-json\/wp\/v2\/product_brand?post=9087"},{"taxonomy":"product_cat","embeddable":true,"href":"https:\/\/k-beautyci.com\/fr\/wp-json\/wp\/v2\/product_cat?post=9087"},{"taxonomy":"product_tag","embeddable":true,"href":"https:\/\/k-beautyci.com\/fr\/wp-json\/wp\/v2\/product_tag?post=9087"}],"curies":[{"name":"wp","href":"https:\/\/api.w.org\/{rel}","templated":true}]}}