{"id":9081,"date":"2025-09-12T17:53:59","date_gmt":"2025-09-12T17:53:59","guid":{"rendered":"https:\/\/k-beautyci.com\/?post_type=product&#038;p=9081"},"modified":"2026-02-14T20:28:51","modified_gmt":"2026-02-14T20:28:51","slug":"aprilskin-txa-niacinamide-toning-shot-99-milky-toner","status":"publish","type":"product","link":"https:\/\/k-beautyci.com\/fr\/produit\/aprilskin-txa-niacinamide-toning-shot-99-milky-toner\/","title":{"rendered":"APRILSKIN TXA Niacinamide Toning Shot 99 Milky Toner"},"content":{"rendered":"<p>Comment l'utiliser :<\/p>\n<p>Appliquer une quantit\u00e9 mod\u00e9r\u00e9e de tonique sur le visage. Tapoter doucement pour faciliter l'absorption.<\/p>\n<p>Avertissement : Pour usage externe uniquement. Toujours effectuer un test \u00e9picutan\u00e9. Cessez d'utiliser le produit si vous ressentez une quelconque g\u00eane. Suivre les instructions suppl\u00e9mentaires figurant sur l'emballage. Les r\u00e9sultats individuels peuvent varier.<\/p>","protected":false},"excerpt":{"rendered":"<p>Ce tonique cr\u00e9meux 2 en 1 offre une hydratation durable tout en s'attaquant aux irr\u00e9gularit\u00e9s du teint et de la texture de la peau. Chaque goutte de lait fait briller la peau pour lui donner un aspect ros\u00e9 et radieux.<\/p>","protected":false},"featured_media":9084,"comment_status":"open","ping_status":"closed","template":"","meta":{"om_disable_all_campaigns":false},"product_brand":[],"product_cat":[52,39,243],"product_tag":[],"class_list":{"0":"post-9081","1":"product","2":"type-product","3":"status-publish","4":"has-post-thumbnail","6":"product_cat-dark-spots","7":"product_cat-face-toners","8":"product_cat-tranxemic-acid-txa","10":"first","11":"outofstock","12":"shipping-taxable","13":"purchasable","14":"product-type-simple"},"aioseo_notices":[],"jetpack_sharing_enabled":true,"_links":{"self":[{"href":"https:\/\/k-beautyci.com\/fr\/wp-json\/wp\/v2\/product\/9081","targetHints":{"allow":["GET"]}}],"collection":[{"href":"https:\/\/k-beautyci.com\/fr\/wp-json\/wp\/v2\/product"}],"about":[{"href":"https:\/\/k-beautyci.com\/fr\/wp-json\/wp\/v2\/types\/product"}],"replies":[{"embeddable":true,"href":"https:\/\/k-beautyci.com\/fr\/wp-json\/wp\/v2\/comments?post=9081"}],"wp:featuredmedia":[{"embeddable":true,"href":"https:\/\/k-beautyci.com\/fr\/wp-json\/wp\/v2\/media\/9084"}],"wp:attachment":[{"href":"https:\/\/k-beautyci.com\/fr\/wp-json\/wp\/v2\/media?parent=9081"}],"wp:term":[{"taxonomy":"product_brand","embeddable":true,"href":"https:\/\/k-beautyci.com\/fr\/wp-json\/wp\/v2\/product_brand?post=9081"},{"taxonomy":"product_cat","embeddable":true,"href":"https:\/\/k-beautyci.com\/fr\/wp-json\/wp\/v2\/product_cat?post=9081"},{"taxonomy":"product_tag","embeddable":true,"href":"https:\/\/k-beautyci.com\/fr\/wp-json\/wp\/v2\/product_tag?post=9081"}],"curies":[{"name":"wp","href":"https:\/\/api.w.org\/{rel}","templated":true}]}}