{"id":9067,"date":"2025-09-12T20:22:21","date_gmt":"2025-09-12T20:22:21","guid":{"rendered":"https:\/\/k-beautyci.com\/?post_type=product&#038;p=9067"},"modified":"2026-03-29T11:36:29","modified_gmt":"2026-03-29T11:36:29","slug":"cosrx-the-ceramide-skin-barrier-moisturizer","status":"publish","type":"product","link":"https:\/\/k-beautyci.com\/fr\/produit\/cosrx-the-ceramide-skin-barrier-moisturizer\/","title":{"rendered":"COSRX The Ceramide Skin Barrier Moisturizer"},"content":{"rendered":"<p><b>Comment l'utiliser :<\/b><\/p>\n<p>Appliquer une quantit\u00e9 appropri\u00e9e sur la peau apr\u00e8s le tonique et le s\u00e9rum. Tapoter doucement pour faciliter l'absorption.<\/p>\n<p>Avertissement : Pour usage externe uniquement. Toujours effectuer un test \u00e9picutan\u00e9. Cessez d'utiliser le produit si vous ressentez une quelconque g\u00eane. Suivre les instructions suppl\u00e9mentaires figurant sur l'emballage. Les r\u00e9sultats individuels peuvent varier.<\/p>","protected":false},"excerpt":{"rendered":"<p>Cette cr\u00e8me hydratante riche en c\u00e9ramides assure une hydratation durable, renforce la barri\u00e8re cutan\u00e9e et apaise les irritations en une seule fois. L'acide hyaluronique, le panth\u00e9nol, l'allanto\u00efne et la vitamine E contenus dans la formule hydratent et renforcent la peau. La formule douce convient \u00e0 tous les types de peau, y compris les peaux s\u00e8ches et sensibles.<\/p>","protected":false},"featured_media":9074,"comment_status":"open","ping_status":"closed","template":"","meta":{"om_disable_all_campaigns":false},"product_brand":[],"product_cat":[148,51,42,26,69],"product_tag":[],"class_list":{"0":"post-9067","1":"product","2":"type-product","3":"status-publish","4":"has-post-thumbnail","6":"product_cat-ceramide","7":"product_cat-cosrx","8":"product_cat-dry-skin","9":"product_cat-face-moisturizer","10":"product_cat-hyaluronic-acid","12":"first","13":"instock","14":"shipping-taxable","15":"purchasable","16":"product-type-simple"},"aioseo_notices":[],"jetpack_sharing_enabled":true,"_links":{"self":[{"href":"https:\/\/k-beautyci.com\/fr\/wp-json\/wp\/v2\/product\/9067","targetHints":{"allow":["GET"]}}],"collection":[{"href":"https:\/\/k-beautyci.com\/fr\/wp-json\/wp\/v2\/product"}],"about":[{"href":"https:\/\/k-beautyci.com\/fr\/wp-json\/wp\/v2\/types\/product"}],"replies":[{"embeddable":true,"href":"https:\/\/k-beautyci.com\/fr\/wp-json\/wp\/v2\/comments?post=9067"}],"wp:featuredmedia":[{"embeddable":true,"href":"https:\/\/k-beautyci.com\/fr\/wp-json\/wp\/v2\/media\/9074"}],"wp:attachment":[{"href":"https:\/\/k-beautyci.com\/fr\/wp-json\/wp\/v2\/media?parent=9067"}],"wp:term":[{"taxonomy":"product_brand","embeddable":true,"href":"https:\/\/k-beautyci.com\/fr\/wp-json\/wp\/v2\/product_brand?post=9067"},{"taxonomy":"product_cat","embeddable":true,"href":"https:\/\/k-beautyci.com\/fr\/wp-json\/wp\/v2\/product_cat?post=9067"},{"taxonomy":"product_tag","embeddable":true,"href":"https:\/\/k-beautyci.com\/fr\/wp-json\/wp\/v2\/product_tag?post=9067"}],"curies":[{"name":"wp","href":"https:\/\/api.w.org\/{rel}","templated":true}]}}