{"id":9062,"date":"2025-09-07T18:01:43","date_gmt":"2025-09-07T18:01:43","guid":{"rendered":"https:\/\/k-beautyci.com\/?post_type=product&#038;p=9062"},"modified":"2025-09-07T18:01:43","modified_gmt":"2025-09-07T18:01:43","slug":"cosrx-balancium-ceramide-lip-butter-sleeping-mask","status":"publish","type":"product","link":"https:\/\/k-beautyci.com\/fr\/produit\/cosrx-balancium-ceramide-lip-butter-sleeping-mask\/","title":{"rendered":"COSRX Balancium Ceramide Lip Butter Sleeping Mask"},"content":{"rendered":"<p>Comment l'utiliser :<\/p>\n<p>Pour un traitement de nuit, appliquer une couche \u00e9paisse et essuyer le masque le lendemain matin. Pour la journ\u00e9e, appliquer une fine couche et renouveler l'application selon les besoins.<\/p>\n<p>Avertissement : Pour usage externe uniquement. Toujours effectuer un test \u00e9picutan\u00e9. Cessez d'utiliser le produit si vous ressentez une quelconque g\u00eane. Suivre les instructions suppl\u00e9mentaires figurant sur l'emballage. Les r\u00e9sultats individuels peuvent varier.<\/p>","protected":false},"excerpt":{"rendered":"<p>Offrez \u00e0 vos l\u00e8vres le plaisir du beurre. Ce masque dormant pour les l\u00e8vres contient du beurre de karit\u00e9 et des c\u00e9ramides pour offrir \u00e0 vos l\u00e8vres une riche dose de soins hydratants. Parfait pour nourrir les l\u00e8vres pendant la nuit ou comme baume \u00e0 l\u00e8vres quotidien.<\/p>","protected":false},"featured_media":9066,"comment_status":"open","ping_status":"closed","template":"","meta":{"om_disable_all_campaigns":false},"product_brand":[],"product_cat":[51,65],"product_tag":[],"class_list":{"0":"post-9062","1":"product","2":"type-product","3":"status-publish","4":"has-post-thumbnail","6":"product_cat-cosrx","7":"product_cat-lip-care","9":"first","10":"instock","11":"shipping-taxable","12":"purchasable","13":"product-type-simple"},"aioseo_notices":[],"jetpack_sharing_enabled":true,"_links":{"self":[{"href":"https:\/\/k-beautyci.com\/fr\/wp-json\/wp\/v2\/product\/9062","targetHints":{"allow":["GET"]}}],"collection":[{"href":"https:\/\/k-beautyci.com\/fr\/wp-json\/wp\/v2\/product"}],"about":[{"href":"https:\/\/k-beautyci.com\/fr\/wp-json\/wp\/v2\/types\/product"}],"replies":[{"embeddable":true,"href":"https:\/\/k-beautyci.com\/fr\/wp-json\/wp\/v2\/comments?post=9062"}],"wp:featuredmedia":[{"embeddable":true,"href":"https:\/\/k-beautyci.com\/fr\/wp-json\/wp\/v2\/media\/9066"}],"wp:attachment":[{"href":"https:\/\/k-beautyci.com\/fr\/wp-json\/wp\/v2\/media?parent=9062"}],"wp:term":[{"taxonomy":"product_brand","embeddable":true,"href":"https:\/\/k-beautyci.com\/fr\/wp-json\/wp\/v2\/product_brand?post=9062"},{"taxonomy":"product_cat","embeddable":true,"href":"https:\/\/k-beautyci.com\/fr\/wp-json\/wp\/v2\/product_cat?post=9062"},{"taxonomy":"product_tag","embeddable":true,"href":"https:\/\/k-beautyci.com\/fr\/wp-json\/wp\/v2\/product_tag?post=9062"}],"curies":[{"name":"wp","href":"https:\/\/api.w.org\/{rel}","templated":true}]}}