{"id":9054,"date":"2025-09-12T20:20:34","date_gmt":"2025-09-12T20:20:34","guid":{"rendered":"https:\/\/k-beautyci.com\/?post_type=product&#038;p=9054"},"modified":"2026-03-31T19:03:59","modified_gmt":"2026-03-31T19:03:59","slug":"anua-zero-cast-moisturizing-finish-sunscreen","status":"publish","type":"product","link":"https:\/\/k-beautyci.com\/fr\/produit\/anua-zero-cast-moisturizing-finish-sunscreen\/","title":{"rendered":"Anua Zero-Cast Moisturizing Finish Sunscreen"},"content":{"rendered":"<p><b>Comment l'utiliser :<\/b><br \/>\n1. Appliquer une quantit\u00e9 suffisante sur la peau 15 minutes avant l'exposition au soleil.<\/p>\n<p>2. Renouveler l'application apr\u00e8s 80 minutes de transpiration ou d'activit\u00e9s aquatiques pour une protection solaire optimale.<\/p>\n<p>Avertissement : Pour usage externe uniquement. Toujours effectuer un test \u00e9picutan\u00e9. Cessez d'utiliser le produit si vous ressentez une quelconque g\u00eane. Suivre les instructions suppl\u00e9mentaires figurant sur l'emballage. Les r\u00e9sultats individuels peuvent varier.<\/p>","protected":false},"excerpt":{"rendered":"<p>Dorlotez et prot\u00e9gez votre peau avec cet \u00e9cran solaire r\u00e9sistant \u00e0 l'eau qui offre une protection UV SPF 50. Elle contient des ingr\u00e9dients de soin de la peau tels que l'acide hyaluronique, le niacinamide et le panth\u00e9nol, qui hydratent et \u00e9claircissent la peau. La formule l\u00e9g\u00e8re se fond facilement dans la peau pour laisser un fini \u00e9clatant sans traces blanches.<\/p>","protected":false},"featured_media":9061,"comment_status":"open","ping_status":"closed","template":"","meta":{"om_disable_all_campaigns":false},"product_brand":[],"product_cat":[57,183,52,77],"product_tag":[],"class_list":{"0":"post-9054","1":"product","2":"type-product","3":"status-publish","4":"has-post-thumbnail","6":"product_cat-anti-aging","7":"product_cat-anua","8":"product_cat-dark-spots","9":"product_cat-spf-50","11":"first","12":"outofstock","13":"shipping-taxable","14":"purchasable","15":"product-type-simple"},"aioseo_notices":[],"jetpack_sharing_enabled":true,"_links":{"self":[{"href":"https:\/\/k-beautyci.com\/fr\/wp-json\/wp\/v2\/product\/9054","targetHints":{"allow":["GET"]}}],"collection":[{"href":"https:\/\/k-beautyci.com\/fr\/wp-json\/wp\/v2\/product"}],"about":[{"href":"https:\/\/k-beautyci.com\/fr\/wp-json\/wp\/v2\/types\/product"}],"replies":[{"embeddable":true,"href":"https:\/\/k-beautyci.com\/fr\/wp-json\/wp\/v2\/comments?post=9054"}],"wp:featuredmedia":[{"embeddable":true,"href":"https:\/\/k-beautyci.com\/fr\/wp-json\/wp\/v2\/media\/9061"}],"wp:attachment":[{"href":"https:\/\/k-beautyci.com\/fr\/wp-json\/wp\/v2\/media?parent=9054"}],"wp:term":[{"taxonomy":"product_brand","embeddable":true,"href":"https:\/\/k-beautyci.com\/fr\/wp-json\/wp\/v2\/product_brand?post=9054"},{"taxonomy":"product_cat","embeddable":true,"href":"https:\/\/k-beautyci.com\/fr\/wp-json\/wp\/v2\/product_cat?post=9054"},{"taxonomy":"product_tag","embeddable":true,"href":"https:\/\/k-beautyci.com\/fr\/wp-json\/wp\/v2\/product_tag?post=9054"}],"curies":[{"name":"wp","href":"https:\/\/api.w.org\/{rel}","templated":true}]}}