{"id":9050,"date":"2025-09-12T20:25:20","date_gmt":"2025-09-12T20:25:20","guid":{"rendered":"https:\/\/k-beautyci.com\/?post_type=product&#038;p=9050"},"modified":"2025-12-25T16:53:49","modified_gmt":"2025-12-25T16:53:49","slug":"jumiso-niacinamide-10-serum","status":"publish","type":"product","link":"https:\/\/k-beautyci.com\/fr\/produit\/jumiso-niacinamide-10-serum\/","title":{"rendered":"JUMISO Niacinamide 10 Serum"},"content":{"rendered":"<p><b>Comment l'utiliser :<\/b><\/p>\n<p>Appliquer une quantit\u00e9 mod\u00e9r\u00e9e de s\u00e9rum sur la peau et tapoter d\u00e9licatement pour faciliter l'absorption.<\/p>\n<p>Avertissement : Pour usage externe uniquement. Toujours effectuer un test \u00e9picutan\u00e9. Cessez d'utiliser le produit si vous ressentez une quelconque g\u00eane. Suivre les instructions suppl\u00e9mentaires figurant sur l'emballage. Les r\u00e9sultats individuels peuvent varier.<\/p>","protected":false},"excerpt":{"rendered":"<p>This radiance-boosting&nbsp;serum is packed with niacinamide, succinic acid and tranexamic acid to even out skin tone, refine skin texture and reduce the appearance of enlarged pores. Additional ingredients of purslane extract, hyaluronic acid and squalane provide soothing and hydrating benefits. The fragrance-free formula is suitable for sensitive and acne-prone skin.<\/p>","protected":false},"featured_media":9053,"comment_status":"open","ping_status":"closed","template":"","meta":{"om_disable_all_campaigns":false},"product_brand":[],"product_cat":[60,52,31,153,74,243],"product_tag":[],"class_list":{"0":"post-9050","1":"product","2":"type-product","3":"status-publish","4":"has-post-thumbnail","6":"product_cat-acne","7":"product_cat-dark-spots","8":"product_cat-face-serums","9":"product_cat-jumiso","10":"product_cat-niacinamide","11":"product_cat-tranxemic-acid-txa","13":"first","14":"instock","15":"shipping-taxable","16":"purchasable","17":"product-type-simple"},"aioseo_notices":[],"jetpack_sharing_enabled":true,"_links":{"self":[{"href":"https:\/\/k-beautyci.com\/fr\/wp-json\/wp\/v2\/product\/9050","targetHints":{"allow":["GET"]}}],"collection":[{"href":"https:\/\/k-beautyci.com\/fr\/wp-json\/wp\/v2\/product"}],"about":[{"href":"https:\/\/k-beautyci.com\/fr\/wp-json\/wp\/v2\/types\/product"}],"replies":[{"embeddable":true,"href":"https:\/\/k-beautyci.com\/fr\/wp-json\/wp\/v2\/comments?post=9050"}],"wp:featuredmedia":[{"embeddable":true,"href":"https:\/\/k-beautyci.com\/fr\/wp-json\/wp\/v2\/media\/9053"}],"wp:attachment":[{"href":"https:\/\/k-beautyci.com\/fr\/wp-json\/wp\/v2\/media?parent=9050"}],"wp:term":[{"taxonomy":"product_brand","embeddable":true,"href":"https:\/\/k-beautyci.com\/fr\/wp-json\/wp\/v2\/product_brand?post=9050"},{"taxonomy":"product_cat","embeddable":true,"href":"https:\/\/k-beautyci.com\/fr\/wp-json\/wp\/v2\/product_cat?post=9050"},{"taxonomy":"product_tag","embeddable":true,"href":"https:\/\/k-beautyci.com\/fr\/wp-json\/wp\/v2\/product_tag?post=9050"}],"curies":[{"name":"wp","href":"https:\/\/api.w.org\/{rel}","templated":true}]}}