{"id":9041,"date":"2025-09-12T20:28:45","date_gmt":"2025-09-12T20:28:45","guid":{"rendered":"https:\/\/k-beautyci.com\/?post_type=product&#038;p=9041"},"modified":"2026-04-16T06:27:13","modified_gmt":"2026-04-16T06:27:13","slug":"celimax-pore-dark-spot-brightening-cream","status":"publish","type":"product","link":"https:\/\/k-beautyci.com\/fr\/produit\/celimax-pore-dark-spot-brightening-cream\/","title":{"rendered":"celimax Pore + Dark Spot Brightening Cream"},"content":{"rendered":"<p>Comment l'utiliser :<\/p>\n<div class=\"description-item active\">\n<div class=\"body\">\n<p>Apr\u00e8s avoir tonifi\u00e9 le visage, appliquer une petite quantit\u00e9 de produit sur le visage et le cou. Tapoter d\u00e9licatement pour faire p\u00e9n\u00e9trer le produit.<\/p>\n<p>Avertissement : Pour usage externe uniquement. Toujours effectuer un test \u00e9picutan\u00e9. Cessez d'utiliser le produit si vous ressentez une quelconque g\u00eane. Suivre les instructions suppl\u00e9mentaires figurant sur l'emballage. Les r\u00e9sultats individuels peuvent varier.<\/p>\n<\/div>\n<\/div>","protected":false},"excerpt":{"rendered":"<p>Cette cr\u00e8me \u00e9claircissante offre un soin intensif d\u00e8s la racine. Elle cible les pores, les taches sombres, les imperfections, les rides et le teint terne pour une peau visiblement plus lisse et plus \u00e9clatante. Dot\u00e9e d'ingr\u00e9dients \u00e9claircissants tels que l'acide tranexamix, la niacinamide et le Melazero V2, cette cr\u00e8me inhibe la production de m\u00e9lanine pour minimiser les taches brunes et unifier le teint. Le m\u00e9lange de c\u00e9ramide NP et d'acide hyaluronique hydrolys\u00e9 assure une hydratation profonde de la peau.<\/p>","protected":false},"featured_media":9049,"comment_status":"open","ping_status":"closed","template":"","meta":{"om_disable_all_campaigns":false},"product_brand":[],"product_cat":[209,52,26,74,243],"product_tag":[],"class_list":{"0":"post-9041","1":"product","2":"type-product","3":"status-publish","4":"has-post-thumbnail","6":"product_cat-celimax","7":"product_cat-dark-spots","8":"product_cat-face-moisturizer","9":"product_cat-niacinamide","10":"product_cat-tranxemic-acid-txa","12":"first","13":"instock","14":"sale","15":"shipping-taxable","16":"purchasable","17":"product-type-simple"},"aioseo_notices":[],"jetpack_sharing_enabled":true,"_links":{"self":[{"href":"https:\/\/k-beautyci.com\/fr\/wp-json\/wp\/v2\/product\/9041","targetHints":{"allow":["GET"]}}],"collection":[{"href":"https:\/\/k-beautyci.com\/fr\/wp-json\/wp\/v2\/product"}],"about":[{"href":"https:\/\/k-beautyci.com\/fr\/wp-json\/wp\/v2\/types\/product"}],"replies":[{"embeddable":true,"href":"https:\/\/k-beautyci.com\/fr\/wp-json\/wp\/v2\/comments?post=9041"}],"wp:featuredmedia":[{"embeddable":true,"href":"https:\/\/k-beautyci.com\/fr\/wp-json\/wp\/v2\/media\/9049"}],"wp:attachment":[{"href":"https:\/\/k-beautyci.com\/fr\/wp-json\/wp\/v2\/media?parent=9041"}],"wp:term":[{"taxonomy":"product_brand","embeddable":true,"href":"https:\/\/k-beautyci.com\/fr\/wp-json\/wp\/v2\/product_brand?post=9041"},{"taxonomy":"product_cat","embeddable":true,"href":"https:\/\/k-beautyci.com\/fr\/wp-json\/wp\/v2\/product_cat?post=9041"},{"taxonomy":"product_tag","embeddable":true,"href":"https:\/\/k-beautyci.com\/fr\/wp-json\/wp\/v2\/product_tag?post=9041"}],"curies":[{"name":"wp","href":"https:\/\/api.w.org\/{rel}","templated":true}]}}