{"id":8886,"date":"2025-09-02T07:11:53","date_gmt":"2025-09-02T07:11:53","guid":{"rendered":"https:\/\/k-beautyci.com\/?post_type=product&#038;p=8886"},"modified":"2025-09-24T23:34:30","modified_gmt":"2025-09-24T23:34:30","slug":"missha-vita-c-plus-spot-correcting-ampoule-15ml","status":"publish","type":"product","link":"https:\/\/k-beautyci.com\/fr\/produit\/missha-vita-c-plus-spot-correcting-ampoule-15ml\/","title":{"rendered":"MISSHA Vita C Plus Spot Correcting Ampoule 15ml"},"content":{"rendered":"<p>Comment l'utiliser :<\/p>\n<div class=\"description-item active\">\n<div class=\"body\">\n<p>Apr\u00e8s avoir nettoy\u00e9 et tonifi\u00e9 le visage, r\u00e9partir une quantit\u00e9 appropri\u00e9e de produit dans les mains ou directement sur le visage, en commen\u00e7ant par les joues, le front et le menton, et masser d\u00e9licatement vers l'ext\u00e9rieur \u00e0 partir du centre du visage. Appliquer ensuite un \u00e9cran solaire \u00e0 indice de protection \u00e9lev\u00e9 pendant la journ\u00e9e.<\/p>\n<p>Avertissement : Pour usage externe uniquement. Toujours effectuer un test \u00e9picutan\u00e9. Cessez d'utiliser le produit si vous ressentez une quelconque g\u00eane. Suivre les instructions suppl\u00e9mentaires figurant sur l'emballage. Les r\u00e9sultats individuels peuvent varier.<\/p>\n<\/div>\n<\/div>\n<div class=\"description-item\">\n<h2 class=\"title\"><\/h2>\n<\/div>","protected":false},"excerpt":{"rendered":"<p>Sauvez la peau terne et textur\u00e9e avec cette ampoule de vitamine C de MISSHA ! Cette formule r\u00e9duit l'apparence de la pigmentation, des imperfections et de la texture in\u00e9gale de la zone \"papillon\" du visage. Gr\u00e2ce \u00e0 sa formule \u00e0 base de vitamine C pure, cette ampoule \u00e9claircit le teint, att\u00e9nue les taches de rousseur et les taches sombres, laissant la peau lisse, ferme et pleine d'\u00e9lasticit\u00e9. Formul\u00e9e avec du collag\u00e8ne, du fuller\u00e8ne, de la vitamine E, du c\u00e9ramide et de l'acide hyaluronique. Sa formule douce convient \u00e0 un usage quotidien sur les peaux sensibles.<\/p>","protected":false},"featured_media":8892,"comment_status":"open","ping_status":"closed","template":"","meta":{"om_disable_all_campaigns":false},"product_brand":[],"product_cat":[52,31,155,72],"product_tag":[],"class_list":{"0":"post-8886","1":"product","2":"type-product","3":"status-publish","4":"has-post-thumbnail","6":"product_cat-dark-spots","7":"product_cat-face-serums","8":"product_cat-missha","9":"product_cat-vitamin-c","11":"first","12":"outofstock","13":"shipping-taxable","14":"purchasable","15":"product-type-simple"},"aioseo_notices":[],"jetpack_sharing_enabled":true,"_links":{"self":[{"href":"https:\/\/k-beautyci.com\/fr\/wp-json\/wp\/v2\/product\/8886","targetHints":{"allow":["GET"]}}],"collection":[{"href":"https:\/\/k-beautyci.com\/fr\/wp-json\/wp\/v2\/product"}],"about":[{"href":"https:\/\/k-beautyci.com\/fr\/wp-json\/wp\/v2\/types\/product"}],"replies":[{"embeddable":true,"href":"https:\/\/k-beautyci.com\/fr\/wp-json\/wp\/v2\/comments?post=8886"}],"wp:featuredmedia":[{"embeddable":true,"href":"https:\/\/k-beautyci.com\/fr\/wp-json\/wp\/v2\/media\/8892"}],"wp:attachment":[{"href":"https:\/\/k-beautyci.com\/fr\/wp-json\/wp\/v2\/media?parent=8886"}],"wp:term":[{"taxonomy":"product_brand","embeddable":true,"href":"https:\/\/k-beautyci.com\/fr\/wp-json\/wp\/v2\/product_brand?post=8886"},{"taxonomy":"product_cat","embeddable":true,"href":"https:\/\/k-beautyci.com\/fr\/wp-json\/wp\/v2\/product_cat?post=8886"},{"taxonomy":"product_tag","embeddable":true,"href":"https:\/\/k-beautyci.com\/fr\/wp-json\/wp\/v2\/product_tag?post=8886"}],"curies":[{"name":"wp","href":"https:\/\/api.w.org\/{rel}","templated":true}]}}