{"id":8882,"date":"2025-08-14T18:44:09","date_gmt":"2025-08-14T18:44:09","guid":{"rendered":"https:\/\/k-beautyci.com\/?post_type=product&#038;p=8882"},"modified":"2025-12-19T17:37:44","modified_gmt":"2025-12-19T17:37:44","slug":"aplb-glutathione-niacinamide-body-wash","status":"publish","type":"product","link":"https:\/\/k-beautyci.com\/fr\/produit\/aplb-glutathione-niacinamide-body-wash\/","title":{"rendered":"APLB Glutathione Niacinamide Body Wash"},"content":{"rendered":"<p>Comment l'utiliser :<\/p>\n<p>Verser une quantit\u00e9 suffisante sur une \u00e9ponge de douche ou un gant de toilette et masser d\u00e9licatement tout le corps. Rincer abondamment \u00e0 l'eau.<\/p>\n<p>Avertissement : Pour usage externe uniquement. Toujours effectuer un test \u00e9picutan\u00e9. Cessez d'utiliser le produit si vous ressentez une quelconque g\u00eane. Suivre les instructions suppl\u00e9mentaires figurant sur l'emballage. Les r\u00e9sultats individuels peuvent varier.<\/p>","protected":false},"excerpt":{"rendered":"<p>Ce gel douche hypoallerg\u00e9nique nettoie la peau de la salet\u00e9 et des impuret\u00e9s tout en offrant un soin \u00e9claircissant gr\u00e2ce \u00e0 un m\u00e9lange de glutathion et de niacinamide. Il est formul\u00e9 avec de l'acide hyaluronique et du b\u00eata-glucane pour augmenter les niveaux d'hydratation de la peau et des ingr\u00e9dients \u00e0 base de cica pour apaiser les irritations. Faites mousser, rincez et faites briller. Douchez votre peau avec un nettoyant \u00e9claircissant pour un nettoyage rafra\u00eechissant et un \u00e9clat lumineux.<\/p>","protected":false},"featured_media":8885,"comment_status":"open","ping_status":"closed","template":"","meta":{"om_disable_all_campaigns":false},"product_brand":[],"product_cat":[217,143],"product_tag":[],"class_list":{"0":"post-8882","1":"product","2":"type-product","3":"status-publish","4":"has-post-thumbnail","6":"product_cat-aplb","7":"product_cat-body-wash","9":"first","10":"instock","11":"shipping-taxable","12":"purchasable","13":"product-type-simple"},"aioseo_notices":[],"jetpack_sharing_enabled":true,"_links":{"self":[{"href":"https:\/\/k-beautyci.com\/fr\/wp-json\/wp\/v2\/product\/8882","targetHints":{"allow":["GET"]}}],"collection":[{"href":"https:\/\/k-beautyci.com\/fr\/wp-json\/wp\/v2\/product"}],"about":[{"href":"https:\/\/k-beautyci.com\/fr\/wp-json\/wp\/v2\/types\/product"}],"replies":[{"embeddable":true,"href":"https:\/\/k-beautyci.com\/fr\/wp-json\/wp\/v2\/comments?post=8882"}],"wp:featuredmedia":[{"embeddable":true,"href":"https:\/\/k-beautyci.com\/fr\/wp-json\/wp\/v2\/media\/8885"}],"wp:attachment":[{"href":"https:\/\/k-beautyci.com\/fr\/wp-json\/wp\/v2\/media?parent=8882"}],"wp:term":[{"taxonomy":"product_brand","embeddable":true,"href":"https:\/\/k-beautyci.com\/fr\/wp-json\/wp\/v2\/product_brand?post=8882"},{"taxonomy":"product_cat","embeddable":true,"href":"https:\/\/k-beautyci.com\/fr\/wp-json\/wp\/v2\/product_cat?post=8882"},{"taxonomy":"product_tag","embeddable":true,"href":"https:\/\/k-beautyci.com\/fr\/wp-json\/wp\/v2\/product_tag?post=8882"}],"curies":[{"name":"wp","href":"https:\/\/api.w.org\/{rel}","templated":true}]}}