{"id":8878,"date":"2025-11-27T16:26:03","date_gmt":"2025-11-27T16:26:03","guid":{"rendered":"https:\/\/k-beautyci.com\/?post_type=product&#038;p=8878"},"modified":"2026-04-12T22:16:18","modified_gmt":"2026-04-12T22:16:18","slug":"aplb-glutathione-niacinamide-body-lotion","status":"publish","type":"product","link":"https:\/\/k-beautyci.com\/fr\/produit\/aplb-glutathione-niacinamide-body-lotion\/","title":{"rendered":"APLB Glutathione Niacinamide Body Lotion"},"content":{"rendered":"<p>Comment l'utiliser :<\/p>\n<p>Appliquer une quantit\u00e9 mod\u00e9r\u00e9e sur l'ensemble du corps ou sur les zones souhait\u00e9es.<\/p>\n<p>Avertissement : Pour usage externe uniquement. Toujours effectuer un test \u00e9picutan\u00e9. Cessez d'utiliser le produit si vous ressentez une quelconque g\u00eane. Suivre les instructions suppl\u00e9mentaires figurant sur l'emballage. Les r\u00e9sultats individuels peuvent varier.<\/p>","protected":false},"excerpt":{"rendered":"<p>Vous avez la peau s\u00e8che et terne ? Cette lotion corporelle \u00e9claircissante est l\u00e0 pour vous aider. Sa formule cr\u00e9meuse r\u00e9tablit l'hydratation, donnant \u00e0 votre peau un toucher doux et un \u00e9clat de la t\u00eate aux pieds. Compos\u00e9e de glutathion, de niacinamide et de trois types d'extraits de centella asiatica, cette lotion corporelle offre des effets hydratants et apaisants sans provoquer d'irritation. Sa texture laiteuse et onctueuse p\u00e9n\u00e8tre rapidement dans la peau sans laisser de r\u00e9sidus collants.<\/p>","protected":false},"featured_media":8879,"comment_status":"open","ping_status":"closed","template":"","meta":{"om_disable_all_campaigns":false},"product_brand":[],"product_cat":[217,138],"product_tag":[],"class_list":{"0":"post-8878","1":"product","2":"type-product","3":"status-publish","4":"has-post-thumbnail","6":"product_cat-aplb","7":"product_cat-body-moisturizers","9":"first","10":"outofstock","11":"shipping-taxable","12":"purchasable","13":"product-type-simple"},"aioseo_notices":[],"jetpack_sharing_enabled":true,"_links":{"self":[{"href":"https:\/\/k-beautyci.com\/fr\/wp-json\/wp\/v2\/product\/8878","targetHints":{"allow":["GET"]}}],"collection":[{"href":"https:\/\/k-beautyci.com\/fr\/wp-json\/wp\/v2\/product"}],"about":[{"href":"https:\/\/k-beautyci.com\/fr\/wp-json\/wp\/v2\/types\/product"}],"replies":[{"embeddable":true,"href":"https:\/\/k-beautyci.com\/fr\/wp-json\/wp\/v2\/comments?post=8878"}],"wp:featuredmedia":[{"embeddable":true,"href":"https:\/\/k-beautyci.com\/fr\/wp-json\/wp\/v2\/media\/8879"}],"wp:attachment":[{"href":"https:\/\/k-beautyci.com\/fr\/wp-json\/wp\/v2\/media?parent=8878"}],"wp:term":[{"taxonomy":"product_brand","embeddable":true,"href":"https:\/\/k-beautyci.com\/fr\/wp-json\/wp\/v2\/product_brand?post=8878"},{"taxonomy":"product_cat","embeddable":true,"href":"https:\/\/k-beautyci.com\/fr\/wp-json\/wp\/v2\/product_cat?post=8878"},{"taxonomy":"product_tag","embeddable":true,"href":"https:\/\/k-beautyci.com\/fr\/wp-json\/wp\/v2\/product_tag?post=8878"}],"curies":[{"name":"wp","href":"https:\/\/api.w.org\/{rel}","templated":true}]}}