{"id":8872,"date":"2025-08-11T17:25:56","date_gmt":"2025-08-11T17:25:56","guid":{"rendered":"https:\/\/k-beautyci.com\/?post_type=product&#038;p=8872"},"modified":"2026-03-09T12:03:24","modified_gmt":"2026-03-09T12:03:24","slug":"celimax-pore-dark-spot-brightening-serum","status":"publish","type":"product","link":"https:\/\/k-beautyci.com\/fr\/produit\/celimax-pore-dark-spot-brightening-serum\/","title":{"rendered":"celimax Pore + Dark Spot Brightening Serum"},"content":{"rendered":"<p>Comment l'utiliser :<\/p>\n<div class=\"description-item active\">\n<div class=\"body\">\n<p>Apr\u00e8s le tonique, appliquer 1 \u00e0 2 pressions de s\u00e9rum sur l'ensemble du visage et tapoter d\u00e9licatement pour une meilleure absorption.<\/p>\n<p>Avertissement : Pour usage externe uniquement. Toujours effectuer un test \u00e9picutan\u00e9. Cessez d'utiliser le produit si vous ressentez une quelconque g\u00eane. Suivre les instructions suppl\u00e9mentaires figurant sur l'emballage. Les r\u00e9sultats individuels peuvent varier.<\/p>\n<\/div>\n<\/div>\n<div class=\"description-item\">\n<h2 class=\"title\"><\/h2>\n<\/div>","protected":false},"excerpt":{"rendered":"<p>Enrichi de 3 % d'acide tranexamique et de 5 % de niacinamide, ce s\u00e9rum \u00e9claircissant s'attaque aux imperfections cutan\u00e9es telles que les taches sombres et les irr\u00e9gularit\u00e9s du teint pour un fini sain et \u00e9clatant. Renforc\u00e9 par de l'acide hyaluronique d'origine v\u00e9g\u00e9tale, ce s\u00e9rum \u00e0 absorption rapide augmente le niveau d'hydratation de la peau sans laisser de fini collant. Sa formule hypoallerg\u00e9nique convient aux peaux sensibles.<\/p>","protected":false},"featured_media":8877,"comment_status":"open","ping_status":"closed","template":"","meta":{"om_disable_all_campaigns":false},"product_brand":[],"product_cat":[209,52,31,74,243],"product_tag":[],"class_list":{"0":"post-8872","1":"product","2":"type-product","3":"status-publish","4":"has-post-thumbnail","6":"product_cat-celimax","7":"product_cat-dark-spots","8":"product_cat-face-serums","9":"product_cat-niacinamide","10":"product_cat-tranxemic-acid-txa","12":"first","13":"instock","14":"shipping-taxable","15":"purchasable","16":"product-type-simple"},"aioseo_notices":[],"jetpack_sharing_enabled":true,"_links":{"self":[{"href":"https:\/\/k-beautyci.com\/fr\/wp-json\/wp\/v2\/product\/8872","targetHints":{"allow":["GET"]}}],"collection":[{"href":"https:\/\/k-beautyci.com\/fr\/wp-json\/wp\/v2\/product"}],"about":[{"href":"https:\/\/k-beautyci.com\/fr\/wp-json\/wp\/v2\/types\/product"}],"replies":[{"embeddable":true,"href":"https:\/\/k-beautyci.com\/fr\/wp-json\/wp\/v2\/comments?post=8872"}],"wp:featuredmedia":[{"embeddable":true,"href":"https:\/\/k-beautyci.com\/fr\/wp-json\/wp\/v2\/media\/8877"}],"wp:attachment":[{"href":"https:\/\/k-beautyci.com\/fr\/wp-json\/wp\/v2\/media?parent=8872"}],"wp:term":[{"taxonomy":"product_brand","embeddable":true,"href":"https:\/\/k-beautyci.com\/fr\/wp-json\/wp\/v2\/product_brand?post=8872"},{"taxonomy":"product_cat","embeddable":true,"href":"https:\/\/k-beautyci.com\/fr\/wp-json\/wp\/v2\/product_cat?post=8872"},{"taxonomy":"product_tag","embeddable":true,"href":"https:\/\/k-beautyci.com\/fr\/wp-json\/wp\/v2\/product_tag?post=8872"}],"curies":[{"name":"wp","href":"https:\/\/api.w.org\/{rel}","templated":true}]}}