{"id":8868,"date":"2025-08-12T14:10:36","date_gmt":"2025-08-12T14:10:36","guid":{"rendered":"https:\/\/k-beautyci.com\/?post_type=product&#038;p=8868"},"modified":"2026-02-01T16:47:27","modified_gmt":"2026-02-01T16:47:27","slug":"ksecret-seoul-1988-capsule-cream-niacinamide-5-yuja","status":"publish","type":"product","link":"https:\/\/k-beautyci.com\/fr\/produit\/ksecret-seoul-1988-capsule-cream-niacinamide-5-yuja\/","title":{"rendered":"KSECRET SEOUL 1988 Capsule Cream : Niacinamide 5% + Yuja"},"content":{"rendered":"<p><b>Comment l'utiliser :<\/b><\/p>\n<p>Utilisez le produit en derni\u00e8re \u00e9tape de votre routine de soins. Appliquer uniform\u00e9ment une quantit\u00e9 mod\u00e9r\u00e9e sur la peau et tapoter doucement pour une meilleure absorption.<\/p>\n<p>Avertissement : Pour usage externe uniquement. Toujours effectuer un test \u00e9picutan\u00e9. Cessez d'utiliser le produit si vous ressentez une quelconque g\u00eane. Suivre les instructions suppl\u00e9mentaires figurant sur l'emballage. Les r\u00e9sultats individuels peuvent varier.<\/p>","protected":false},"excerpt":{"rendered":"<p>Une cr\u00e8me tout-en-un qui aide \u00e0 offrir des effets hydratants, nourrissants et \u00e9claircissants. Formul\u00e9e avec 5 % de niacinamide et de l'huile de fruit de Citrus Junos pour aider \u00e0 \u00e9claircir les peaux ternes et \u00e0 donner un teint uniforme.<\/p>","protected":false},"featured_media":8871,"comment_status":"open","ping_status":"closed","template":"","meta":{"om_disable_all_campaigns":false},"product_brand":[],"product_cat":[57,52,26,69,232,74],"product_tag":[],"class_list":{"0":"post-8868","1":"product","2":"type-product","3":"status-publish","4":"has-post-thumbnail","6":"product_cat-anti-aging","7":"product_cat-dark-spots","8":"product_cat-face-moisturizer","9":"product_cat-hyaluronic-acid","10":"product_cat-ksecret","11":"product_cat-niacinamide","13":"first","14":"instock","15":"shipping-taxable","16":"purchasable","17":"product-type-simple"},"aioseo_notices":[],"jetpack_sharing_enabled":true,"_links":{"self":[{"href":"https:\/\/k-beautyci.com\/fr\/wp-json\/wp\/v2\/product\/8868","targetHints":{"allow":["GET"]}}],"collection":[{"href":"https:\/\/k-beautyci.com\/fr\/wp-json\/wp\/v2\/product"}],"about":[{"href":"https:\/\/k-beautyci.com\/fr\/wp-json\/wp\/v2\/types\/product"}],"replies":[{"embeddable":true,"href":"https:\/\/k-beautyci.com\/fr\/wp-json\/wp\/v2\/comments?post=8868"}],"wp:featuredmedia":[{"embeddable":true,"href":"https:\/\/k-beautyci.com\/fr\/wp-json\/wp\/v2\/media\/8871"}],"wp:attachment":[{"href":"https:\/\/k-beautyci.com\/fr\/wp-json\/wp\/v2\/media?parent=8868"}],"wp:term":[{"taxonomy":"product_brand","embeddable":true,"href":"https:\/\/k-beautyci.com\/fr\/wp-json\/wp\/v2\/product_brand?post=8868"},{"taxonomy":"product_cat","embeddable":true,"href":"https:\/\/k-beautyci.com\/fr\/wp-json\/wp\/v2\/product_cat?post=8868"},{"taxonomy":"product_tag","embeddable":true,"href":"https:\/\/k-beautyci.com\/fr\/wp-json\/wp\/v2\/product_tag?post=8868"}],"curies":[{"name":"wp","href":"https:\/\/api.w.org\/{rel}","templated":true}]}}