{"id":8827,"date":"2025-08-12T14:09:50","date_gmt":"2025-08-12T14:09:50","guid":{"rendered":"https:\/\/k-beautyci.com\/?post_type=product&#038;p=8827"},"modified":"2026-04-06T22:50:22","modified_gmt":"2026-04-06T22:50:22","slug":"ksecret-seoul-1988-glow-serum-niacinamide-15-yuja","status":"publish","type":"product","link":"https:\/\/k-beautyci.com\/fr\/produit\/ksecret-seoul-1988-glow-serum-niacinamide-15-yuja\/","title":{"rendered":"KSECRET &#8211; SEOUL 1988 Glow Serum : Niacinamide 15% + Yuja"},"content":{"rendered":"<p><b>Comment l'utiliser :<\/b><\/p>\n<p>Apr\u00e8s avoir nettoy\u00e9 et tonifi\u00e9 la peau, appliquer uniform\u00e9ment une quantit\u00e9 mod\u00e9r\u00e9e sur la peau et tapoter d\u00e9licatement pour une meilleure absorption.<\/p>\n<p>Avertissement : Pour usage externe uniquement. Toujours effectuer un test \u00e9picutan\u00e9. Cessez d'utiliser le produit si vous ressentez une quelconque g\u00eane. Suivre les instructions suppl\u00e9mentaires figurant sur l'emballage. Les r\u00e9sultats individuels peuvent varier.<\/p>","protected":false},"excerpt":{"rendered":"<p>Un s\u00e9rum \u00e9claircissant qui aide \u00e0 r\u00e9duire les taches brunes et \u00e0 cr\u00e9er un teint plus radieux. Formul\u00e9 avec 15% de Niacinamide et de l'huile de fruit de Citrus Junos pour aider \u00e0 \u00e9claircir les peaux ternes et offrir un teint uniforme. Infus\u00e9 de panth\u00e9nol, de glutathion et de squalane pour assurer une hydratation en profondeur et renforcer la barri\u00e8re d'hydratation.<\/p>","protected":false},"featured_media":8867,"comment_status":"open","ping_status":"closed","template":"","meta":{"om_disable_all_campaigns":false},"product_brand":[],"product_cat":[52,31,232,74],"product_tag":[],"class_list":{"0":"post-8827","1":"product","2":"type-product","3":"status-publish","4":"has-post-thumbnail","6":"product_cat-dark-spots","7":"product_cat-face-serums","8":"product_cat-ksecret","9":"product_cat-niacinamide","11":"first","12":"instock","13":"shipping-taxable","14":"purchasable","15":"product-type-simple"},"aioseo_notices":[],"jetpack_sharing_enabled":true,"_links":{"self":[{"href":"https:\/\/k-beautyci.com\/fr\/wp-json\/wp\/v2\/product\/8827","targetHints":{"allow":["GET"]}}],"collection":[{"href":"https:\/\/k-beautyci.com\/fr\/wp-json\/wp\/v2\/product"}],"about":[{"href":"https:\/\/k-beautyci.com\/fr\/wp-json\/wp\/v2\/types\/product"}],"replies":[{"embeddable":true,"href":"https:\/\/k-beautyci.com\/fr\/wp-json\/wp\/v2\/comments?post=8827"}],"wp:featuredmedia":[{"embeddable":true,"href":"https:\/\/k-beautyci.com\/fr\/wp-json\/wp\/v2\/media\/8867"}],"wp:attachment":[{"href":"https:\/\/k-beautyci.com\/fr\/wp-json\/wp\/v2\/media?parent=8827"}],"wp:term":[{"taxonomy":"product_brand","embeddable":true,"href":"https:\/\/k-beautyci.com\/fr\/wp-json\/wp\/v2\/product_brand?post=8827"},{"taxonomy":"product_cat","embeddable":true,"href":"https:\/\/k-beautyci.com\/fr\/wp-json\/wp\/v2\/product_cat?post=8827"},{"taxonomy":"product_tag","embeddable":true,"href":"https:\/\/k-beautyci.com\/fr\/wp-json\/wp\/v2\/product_tag?post=8827"}],"curies":[{"name":"wp","href":"https:\/\/api.w.org\/{rel}","templated":true}]}}