{"id":8571,"date":"2025-06-26T01:10:31","date_gmt":"2025-06-26T01:10:31","guid":{"rendered":"https:\/\/k-beautyci.com\/?post_type=product&#038;p=8571"},"modified":"2026-01-30T18:22:30","modified_gmt":"2026-01-30T18:22:30","slug":"abib-airy-sunstick-smoothing-bar","status":"publish","type":"product","link":"https:\/\/k-beautyci.com\/fr\/produit\/abib-airy-sunstick-smoothing-bar\/","title":{"rendered":"Abib Airy Sunstick Smoothing Bar"},"content":{"rendered":"<p><b>Comment l'utiliser :<\/b><\/p>\n<p>&nbsp;<\/p>\n<ul>\n<li>Appliquez le stick solaire sur votre visage et votre corps pour vous prot\u00e9ger du soleil.<\/li>\n<\/ul>","protected":false},"excerpt":{"rendered":"<p>Dot\u00e9 d'une protection \u00e0 large spectre SPF50+ PA++++ et enrichi d'ingr\u00e9dients naturels tels que l'allanto\u00efne et l'huile de graines de tournesol, ce stick solaire biologique prot\u00e8ge facilement des rayons UV tout en apaisant et en renfor\u00e7ant la peau. Il est r\u00e9sistant \u00e0 l'eau et laisse un fini semi-mat sans traces blanches. Le design de 5,7 cm de large est incurv\u00e9 pour une application sans faille, ce qui fait de ce stick solaire chimique un produit parfait pour les d\u00e9placements.<\/p>","protected":false},"featured_media":8581,"comment_status":"open","ping_status":"closed","template":"","meta":{"om_disable_all_campaigns":false},"product_brand":[],"product_cat":[158,42,66,41,77],"product_tag":[],"class_list":{"0":"post-8571","1":"product","2":"type-product","3":"status-publish","4":"has-post-thumbnail","6":"product_cat-abib","7":"product_cat-dry-skin","8":"product_cat-normal-combination-skin","9":"product_cat-oily-skin","10":"product_cat-spf-50","12":"first","13":"instock","14":"sale","15":"shipping-taxable","16":"purchasable","17":"product-type-simple"},"aioseo_notices":[],"jetpack_sharing_enabled":true,"_links":{"self":[{"href":"https:\/\/k-beautyci.com\/fr\/wp-json\/wp\/v2\/product\/8571","targetHints":{"allow":["GET"]}}],"collection":[{"href":"https:\/\/k-beautyci.com\/fr\/wp-json\/wp\/v2\/product"}],"about":[{"href":"https:\/\/k-beautyci.com\/fr\/wp-json\/wp\/v2\/types\/product"}],"replies":[{"embeddable":true,"href":"https:\/\/k-beautyci.com\/fr\/wp-json\/wp\/v2\/comments?post=8571"}],"wp:featuredmedia":[{"embeddable":true,"href":"https:\/\/k-beautyci.com\/fr\/wp-json\/wp\/v2\/media\/8581"}],"wp:attachment":[{"href":"https:\/\/k-beautyci.com\/fr\/wp-json\/wp\/v2\/media?parent=8571"}],"wp:term":[{"taxonomy":"product_brand","embeddable":true,"href":"https:\/\/k-beautyci.com\/fr\/wp-json\/wp\/v2\/product_brand?post=8571"},{"taxonomy":"product_cat","embeddable":true,"href":"https:\/\/k-beautyci.com\/fr\/wp-json\/wp\/v2\/product_cat?post=8571"},{"taxonomy":"product_tag","embeddable":true,"href":"https:\/\/k-beautyci.com\/fr\/wp-json\/wp\/v2\/product_tag?post=8571"}],"curies":[{"name":"wp","href":"https:\/\/api.w.org\/{rel}","templated":true}]}}