{"id":8567,"date":"2025-06-26T00:52:03","date_gmt":"2025-06-26T00:52:03","guid":{"rendered":"https:\/\/k-beautyci.com\/?post_type=product&#038;p=8567"},"modified":"2025-06-26T00:52:03","modified_gmt":"2025-06-26T00:52:03","slug":"make-prem-uv-defense-me-daily-sun-essence","status":"publish","type":"product","link":"https:\/\/k-beautyci.com\/fr\/produit\/make-prem-uv-defense-me-daily-sun-essence\/","title":{"rendered":"make p:rem UV Defense Me. Daily Sun Essence"},"content":{"rendered":"<p><b>Comment l'utiliser :<\/b><\/p>\n<ul>\n<li>Appliquer une quantit\u00e9 mod\u00e9r\u00e9e sur la peau et r\u00e9partir uniform\u00e9ment.<\/li>\n<li>Appliquer 20 \u00e0 30 minutes avant de sortir.<\/li>\n<\/ul>\n<p>Avertissement : Pour usage externe uniquement. Toujours effectuer un test \u00e9picutan\u00e9. Cessez d'utiliser le produit si vous ressentez une quelconque g\u00eane. Suivre les instructions suppl\u00e9mentaires figurant sur l'emballage. Les r\u00e9sultats individuels peuvent varier.<\/p>","protected":false},"excerpt":{"rendered":"<p>Cette essence solaire utilise des filtres chimiques pour offrir une protection solaire SPF 50+ PA++++. L'\u00e9cran solaire biologique offre des effets hydratants et apaisants gr\u00e2ce aux fructanes et au complexe City-Proof (contenant de l'extrait de graines de moringa). La formule l\u00e9g\u00e8re de la texture lotion p\u00e9n\u00e8tre bien dans la peau sans laisser de traces blanches. Le produit hypoallerg\u00e9nique donne une sensation de naturel et de confort sur la peau apr\u00e8s l'application.<\/p>","protected":false},"featured_media":8570,"comment_status":"open","ping_status":"closed","template":"","meta":{"om_disable_all_campaigns":false},"product_brand":[],"product_cat":[57,52,77],"product_tag":[],"class_list":{"0":"post-8567","1":"product","2":"type-product","3":"status-publish","4":"has-post-thumbnail","6":"product_cat-anti-aging","7":"product_cat-dark-spots","8":"product_cat-spf-50","10":"first","11":"instock","12":"sale","13":"shipping-taxable","14":"purchasable","15":"product-type-simple"},"aioseo_notices":[],"jetpack_sharing_enabled":true,"_links":{"self":[{"href":"https:\/\/k-beautyci.com\/fr\/wp-json\/wp\/v2\/product\/8567","targetHints":{"allow":["GET"]}}],"collection":[{"href":"https:\/\/k-beautyci.com\/fr\/wp-json\/wp\/v2\/product"}],"about":[{"href":"https:\/\/k-beautyci.com\/fr\/wp-json\/wp\/v2\/types\/product"}],"replies":[{"embeddable":true,"href":"https:\/\/k-beautyci.com\/fr\/wp-json\/wp\/v2\/comments?post=8567"}],"wp:featuredmedia":[{"embeddable":true,"href":"https:\/\/k-beautyci.com\/fr\/wp-json\/wp\/v2\/media\/8570"}],"wp:attachment":[{"href":"https:\/\/k-beautyci.com\/fr\/wp-json\/wp\/v2\/media?parent=8567"}],"wp:term":[{"taxonomy":"product_brand","embeddable":true,"href":"https:\/\/k-beautyci.com\/fr\/wp-json\/wp\/v2\/product_brand?post=8567"},{"taxonomy":"product_cat","embeddable":true,"href":"https:\/\/k-beautyci.com\/fr\/wp-json\/wp\/v2\/product_cat?post=8567"},{"taxonomy":"product_tag","embeddable":true,"href":"https:\/\/k-beautyci.com\/fr\/wp-json\/wp\/v2\/product_tag?post=8567"}],"curies":[{"name":"wp","href":"https:\/\/api.w.org\/{rel}","templated":true}]}}