{"id":8561,"date":"2025-06-26T00:37:35","date_gmt":"2025-06-26T00:37:35","guid":{"rendered":"https:\/\/k-beautyci.com\/?post_type=product&#038;p=8561"},"modified":"2025-06-26T00:37:35","modified_gmt":"2025-06-26T00:37:35","slug":"nineless-b-boost-kojic-acid-glow-pad","status":"publish","type":"product","link":"https:\/\/k-beautyci.com\/fr\/produit\/nineless-b-boost-kojic-acid-glow-pad\/","title":{"rendered":"NINELESS B-Boost Kojic Acid Glow Pad"},"content":{"rendered":"<p><b>Comment l'utiliser :<\/b><\/p>\n<p>Apr\u00e8s le nettoyage, faire glisser un tampon sur le grain de la peau et tapoter pour faciliter l'absorption.<\/p>\n<p>Avertissement : Pour usage externe uniquement. Toujours effectuer un test \u00e9picutan\u00e9. Cessez d'utiliser le produit si vous ressentez une quelconque g\u00eane. Suivre les instructions suppl\u00e9mentaires figurant sur l'emballage. Les r\u00e9sultats individuels peuvent varier.<\/p>","protected":false},"excerpt":{"rendered":"<p>D\u00e9voilez une peau lumineuse gr\u00e2ce \u00e0 ces coussinets enrichis d'ingr\u00e9dients efficaces pour \u00e9claircir la peau. L'acide kojique, le niacinamide et l'arbutine r\u00e9duisent l'hyperpigmentation et am\u00e9liorent la texture irr\u00e9guli\u00e8re de la peau. L'acide hyaluronique, le panth\u00e9nol et l'allanto\u00efne augmentent les niveaux d'hydratation de la peau tout en restaurant la barri\u00e8re cutan\u00e9e. La formule aqueuse est rapidement absorb\u00e9e par la peau sans laisser de sensation collante. Appliquer d\u00e9licatement sur le visage et le cou nettoy\u00e9s avant d'appliquer les s\u00e9rums et les cr\u00e8mes hydratantes.<\/p>","protected":false},"featured_media":8565,"comment_status":"open","ping_status":"closed","template":"","meta":{"om_disable_all_campaigns":false},"product_brand":[],"product_cat":[52,39,74,191,224],"product_tag":[],"class_list":{"0":"post-8561","1":"product","2":"type-product","3":"status-publish","4":"has-post-thumbnail","6":"product_cat-dark-spots","7":"product_cat-face-toners","8":"product_cat-niacinamide","9":"product_cat-nineless","10":"product_cat-toner-pads","12":"first","13":"instock","14":"sale","15":"shipping-taxable","16":"purchasable","17":"product-type-simple"},"aioseo_notices":[],"jetpack_sharing_enabled":true,"_links":{"self":[{"href":"https:\/\/k-beautyci.com\/fr\/wp-json\/wp\/v2\/product\/8561","targetHints":{"allow":["GET"]}}],"collection":[{"href":"https:\/\/k-beautyci.com\/fr\/wp-json\/wp\/v2\/product"}],"about":[{"href":"https:\/\/k-beautyci.com\/fr\/wp-json\/wp\/v2\/types\/product"}],"replies":[{"embeddable":true,"href":"https:\/\/k-beautyci.com\/fr\/wp-json\/wp\/v2\/comments?post=8561"}],"wp:featuredmedia":[{"embeddable":true,"href":"https:\/\/k-beautyci.com\/fr\/wp-json\/wp\/v2\/media\/8565"}],"wp:attachment":[{"href":"https:\/\/k-beautyci.com\/fr\/wp-json\/wp\/v2\/media?parent=8561"}],"wp:term":[{"taxonomy":"product_brand","embeddable":true,"href":"https:\/\/k-beautyci.com\/fr\/wp-json\/wp\/v2\/product_brand?post=8561"},{"taxonomy":"product_cat","embeddable":true,"href":"https:\/\/k-beautyci.com\/fr\/wp-json\/wp\/v2\/product_cat?post=8561"},{"taxonomy":"product_tag","embeddable":true,"href":"https:\/\/k-beautyci.com\/fr\/wp-json\/wp\/v2\/product_tag?post=8561"}],"curies":[{"name":"wp","href":"https:\/\/api.w.org\/{rel}","templated":true}]}}