{"id":8556,"date":"2025-06-26T00:19:49","date_gmt":"2025-06-26T00:19:49","guid":{"rendered":"https:\/\/k-beautyci.com\/?post_type=product&#038;p=8556"},"modified":"2026-01-05T00:00:45","modified_gmt":"2026-01-05T00:00:45","slug":"aplb-bakuchiol-propolis-facial-cream","status":"publish","type":"product","link":"https:\/\/k-beautyci.com\/fr\/produit\/aplb-bakuchiol-propolis-facial-cream\/","title":{"rendered":"APLB Bakuchiol Propolis Facial Cream"},"content":{"rendered":"<p><b>Comment l'utiliser :<\/b><br \/>\n1. \u00c0 la derni\u00e8re \u00e9tape du soin de la peau, appliquer une quantit\u00e9 mod\u00e9r\u00e9e sur le visage.<\/p>\n<p>2. Tamponner doucement pour faciliter l'absorption.<\/p>\n<p>Avertissement : Pour usage externe uniquement. Toujours effectuer un test \u00e9picutan\u00e9. Cessez d'utiliser le produit si vous ressentez une quelconque g\u00eane. Suivre les instructions suppl\u00e9mentaires figurant sur l'emballage. Les r\u00e9sultats individuels peuvent varier.<\/p>","protected":false},"excerpt":{"rendered":"<p>Formul\u00e9e avec 24,2 % de BAKUCHI PRO CEN\u2122 (contenant du bakuchiol ainsi que des extraits de propolis et de cica), cette cr\u00e8me renforce l'\u00e9lasticit\u00e9 de la peau, calme l'inflammation et renforce la barri\u00e8re cutan\u00e9e. Le b\u00eata-glucane et le squalane pr\u00e9sents dans la formule apportent des effets apaisants et hydratants suppl\u00e9mentaires.<\/p>","protected":false},"featured_media":8560,"comment_status":"open","ping_status":"closed","template":"","meta":{"om_disable_all_campaigns":false},"product_brand":[],"product_cat":[57,217,235,42,26,73],"product_tag":[],"class_list":{"0":"post-8556","1":"product","2":"type-product","3":"status-publish","4":"has-post-thumbnail","6":"product_cat-anti-aging","7":"product_cat-aplb","8":"product_cat-bakuchiol-by-ingredient","9":"product_cat-dry-skin","10":"product_cat-face-moisturizer","11":"product_cat-propolis","13":"first","14":"outofstock","15":"sale","16":"shipping-taxable","17":"purchasable","18":"product-type-simple"},"aioseo_notices":[],"jetpack_sharing_enabled":true,"_links":{"self":[{"href":"https:\/\/k-beautyci.com\/fr\/wp-json\/wp\/v2\/product\/8556","targetHints":{"allow":["GET"]}}],"collection":[{"href":"https:\/\/k-beautyci.com\/fr\/wp-json\/wp\/v2\/product"}],"about":[{"href":"https:\/\/k-beautyci.com\/fr\/wp-json\/wp\/v2\/types\/product"}],"replies":[{"embeddable":true,"href":"https:\/\/k-beautyci.com\/fr\/wp-json\/wp\/v2\/comments?post=8556"}],"wp:featuredmedia":[{"embeddable":true,"href":"https:\/\/k-beautyci.com\/fr\/wp-json\/wp\/v2\/media\/8560"}],"wp:attachment":[{"href":"https:\/\/k-beautyci.com\/fr\/wp-json\/wp\/v2\/media?parent=8556"}],"wp:term":[{"taxonomy":"product_brand","embeddable":true,"href":"https:\/\/k-beautyci.com\/fr\/wp-json\/wp\/v2\/product_brand?post=8556"},{"taxonomy":"product_cat","embeddable":true,"href":"https:\/\/k-beautyci.com\/fr\/wp-json\/wp\/v2\/product_cat?post=8556"},{"taxonomy":"product_tag","embeddable":true,"href":"https:\/\/k-beautyci.com\/fr\/wp-json\/wp\/v2\/product_tag?post=8556"}],"curies":[{"name":"wp","href":"https:\/\/api.w.org\/{rel}","templated":true}]}}