{"id":8549,"date":"2025-06-26T00:08:52","date_gmt":"2025-06-26T00:08:52","guid":{"rendered":"https:\/\/k-beautyci.com\/?post_type=product&#038;p=8549"},"modified":"2026-03-21T23:37:08","modified_gmt":"2026-03-21T23:37:08","slug":"celimax-derma-nature-fresh-jojoba-cleansing-oil","status":"publish","type":"product","link":"https:\/\/k-beautyci.com\/fr\/produit\/celimax-derma-nature-fresh-jojoba-cleansing-oil\/","title":{"rendered":"celimax Derma Nature Fresh Jojoba Cleansing Oil"},"content":{"rendered":"<p>Comment l'utiliser :<\/p>\n<p>R\u00e9partir l'huile nettoyante sur les paumes de la main et masser la peau s\u00e8che. Emulsionner avec de l'eau et masser en mouvements circulaires. Rincer abondamment \u00e0 l'eau ti\u00e8de.<\/p>\n<p>Avertissement : Pour usage externe uniquement. Toujours effectuer un test \u00e9picutan\u00e9. Cessez d'utiliser le produit si vous ressentez une quelconque g\u00eane. Suivre les instructions suppl\u00e9mentaires figurant sur l'emballage. Les r\u00e9sultats individuels peuvent varier.<\/p>","protected":false},"excerpt":{"rendered":"<p>Cette huile nettoyante d\u00e9sincruste les pores en dissolvant en douceur les points noirs, les points blancs et l'exc\u00e8s de s\u00e9bum. Elle nettoie en profondeur sans d\u00e9shydrater la peau gr\u00e2ce \u00e0 sa formule nourrissante contenant six types d'huiles d'origine v\u00e9g\u00e9tale.<\/p>","protected":false},"featured_media":8555,"comment_status":"open","ping_status":"closed","template":"","meta":{"om_disable_all_campaigns":false},"product_brand":[],"product_cat":[209,63,41],"product_tag":[],"class_list":{"0":"post-8549","1":"product","2":"type-product","3":"status-publish","4":"has-post-thumbnail","6":"product_cat-celimax","7":"product_cat-makeup-removers","8":"product_cat-oily-skin","10":"first","11":"instock","12":"sale","13":"shipping-taxable","14":"purchasable","15":"product-type-simple"},"aioseo_notices":[],"jetpack_sharing_enabled":true,"_links":{"self":[{"href":"https:\/\/k-beautyci.com\/fr\/wp-json\/wp\/v2\/product\/8549","targetHints":{"allow":["GET"]}}],"collection":[{"href":"https:\/\/k-beautyci.com\/fr\/wp-json\/wp\/v2\/product"}],"about":[{"href":"https:\/\/k-beautyci.com\/fr\/wp-json\/wp\/v2\/types\/product"}],"replies":[{"embeddable":true,"href":"https:\/\/k-beautyci.com\/fr\/wp-json\/wp\/v2\/comments?post=8549"}],"wp:featuredmedia":[{"embeddable":true,"href":"https:\/\/k-beautyci.com\/fr\/wp-json\/wp\/v2\/media\/8555"}],"wp:attachment":[{"href":"https:\/\/k-beautyci.com\/fr\/wp-json\/wp\/v2\/media?parent=8549"}],"wp:term":[{"taxonomy":"product_brand","embeddable":true,"href":"https:\/\/k-beautyci.com\/fr\/wp-json\/wp\/v2\/product_brand?post=8549"},{"taxonomy":"product_cat","embeddable":true,"href":"https:\/\/k-beautyci.com\/fr\/wp-json\/wp\/v2\/product_cat?post=8549"},{"taxonomy":"product_tag","embeddable":true,"href":"https:\/\/k-beautyci.com\/fr\/wp-json\/wp\/v2\/product_tag?post=8549"}],"curies":[{"name":"wp","href":"https:\/\/api.w.org\/{rel}","templated":true}]}}