{"id":8544,"date":"2025-06-26T00:01:19","date_gmt":"2025-06-26T00:01:19","guid":{"rendered":"https:\/\/k-beautyci.com\/?post_type=product&#038;p=8544"},"modified":"2025-11-15T09:13:47","modified_gmt":"2025-11-15T09:13:47","slug":"celimax-jiwoogae-heartleaf-bha-peeling-pad","status":"publish","type":"product","link":"https:\/\/k-beautyci.com\/fr\/produit\/celimax-jiwoogae-heartleaf-bha-peeling-pad\/","title":{"rendered":"celimax Jiwoogae Heartleaf BHA Peeling Pad"},"content":{"rendered":"<p>Comment l'utiliser :<\/p>\n<div class=\"description-item active\">\n<div class=\"body\">\n<p>Apr\u00e8s le nettoyage, essuyer d\u00e9licatement pour tonifier et exfolier. Pour un effet masque, laisser agir 3 minutes sur les zones souhait\u00e9es. Tapoter d\u00e9licatement pour faire p\u00e9n\u00e9trer le produit.<\/p>\n<p>Avertissement : Pour usage externe uniquement. Toujours effectuer un test \u00e9picutan\u00e9. Cessez d'utiliser le produit si vous ressentez une quelconque g\u00eane. Suivre les instructions suppl\u00e9mentaires figurant sur l'emballage. Les r\u00e9sultats individuels peuvent varier.<\/p>\n<\/div>\n<\/div>\n<div class=\"description-item\">\n<h2 class=\"title\"><\/h2>\n<\/div>","protected":false},"excerpt":{"rendered":"<p>Ces coussinets textur\u00e9s sont formul\u00e9s avec du BHA pour \u00e9liminer les cellules mortes de la peau et r\u00e9v\u00e9ler une peau lumineuse et lisse. Satur\u00e9s d'un puissant m\u00e9lange d'acide hyaluronique et d'extrait d'houttuynia cordata, ils apaisent et hydratent la peau. Passez la face gaufr\u00e9e sur le visage pour \u00e9liminer les impuret\u00e9s et hydrater la peau, puis passez la face en gaze sur la zone T pour exfolier les points noirs et les cellules mortes.<\/p>","protected":false},"featured_media":8548,"comment_status":"open","ping_status":"closed","template":"","meta":{"om_disable_all_campaigns":false},"product_brand":[],"product_cat":[78,209,61,39,224],"product_tag":[],"class_list":{"0":"post-8544","1":"product","2":"type-product","3":"status-publish","4":"has-post-thumbnail","6":"product_cat-aha-bha","7":"product_cat-celimax","8":"product_cat-face-exfoliator-peels-scrubs","9":"product_cat-face-toners","10":"product_cat-toner-pads","12":"first","13":"outofstock","14":"shipping-taxable","15":"purchasable","16":"product-type-simple"},"aioseo_notices":[],"jetpack_sharing_enabled":true,"_links":{"self":[{"href":"https:\/\/k-beautyci.com\/fr\/wp-json\/wp\/v2\/product\/8544","targetHints":{"allow":["GET"]}}],"collection":[{"href":"https:\/\/k-beautyci.com\/fr\/wp-json\/wp\/v2\/product"}],"about":[{"href":"https:\/\/k-beautyci.com\/fr\/wp-json\/wp\/v2\/types\/product"}],"replies":[{"embeddable":true,"href":"https:\/\/k-beautyci.com\/fr\/wp-json\/wp\/v2\/comments?post=8544"}],"wp:featuredmedia":[{"embeddable":true,"href":"https:\/\/k-beautyci.com\/fr\/wp-json\/wp\/v2\/media\/8548"}],"wp:attachment":[{"href":"https:\/\/k-beautyci.com\/fr\/wp-json\/wp\/v2\/media?parent=8544"}],"wp:term":[{"taxonomy":"product_brand","embeddable":true,"href":"https:\/\/k-beautyci.com\/fr\/wp-json\/wp\/v2\/product_brand?post=8544"},{"taxonomy":"product_cat","embeddable":true,"href":"https:\/\/k-beautyci.com\/fr\/wp-json\/wp\/v2\/product_cat?post=8544"},{"taxonomy":"product_tag","embeddable":true,"href":"https:\/\/k-beautyci.com\/fr\/wp-json\/wp\/v2\/product_tag?post=8544"}],"curies":[{"name":"wp","href":"https:\/\/api.w.org\/{rel}","templated":true}]}}