{"id":8508,"date":"2025-06-23T15:31:32","date_gmt":"2025-06-23T15:31:32","guid":{"rendered":"https:\/\/k-beautyci.com\/?post_type=product&#038;p=8508"},"modified":"2026-02-17T01:47:55","modified_gmt":"2026-02-17T01:47:55","slug":"aplb-glutathione-niacinamide-cleansing-balm","status":"publish","type":"product","link":"https:\/\/k-beautyci.com\/fr\/produit\/aplb-glutathione-niacinamide-cleansing-balm\/","title":{"rendered":"APLB Glutathione Niacinamide Cleansing Balm"},"content":{"rendered":"<p><b>Comment l'utiliser :<\/b><br \/>\n1. Pr\u00e9lever une quantit\u00e9 mod\u00e9r\u00e9e avec les mains s\u00e8ches et masser d\u00e9licatement le visage sec en effectuant des mouvements circulaires.<\/p>\n<p>2. Masser pour dissoudre les points noirs et le maquillage tout en ajoutant de l'eau pour \u00e9mulsionner le processus.<\/p>\n<p>3. Rincer abondamment \u00e0 l'eau ti\u00e8de.<\/p>\n<p>Pour usage externe uniquement. Toujours effectuer un test \u00e9picutan\u00e9. Cesser l'utilisation en cas d'inconfort. Suivre les instructions suppl\u00e9mentaires figurant sur l'emballage. Les r\u00e9sultats individuels peuvent varier.<\/p>","protected":false},"excerpt":{"rendered":"<p>Ce baume nettoyant doux fait fondre le maquillage lourd et l'exc\u00e8s de s\u00e9bum sans d\u00e9shydrater la peau. Il est formul\u00e9 avec du glutathion, du niacinamide et de l'huile de soja pour resserrer les pores et redonner de l'\u00e9clat \u00e0 la peau. La formule hypoallerg\u00e9nique et sans parfum convient aux peaux sensibles.<\/p>","protected":false},"featured_media":8511,"comment_status":"open","ping_status":"closed","template":"","meta":{"om_disable_all_campaigns":false},"product_brand":[],"product_cat":[217,63],"product_tag":[],"class_list":{"0":"post-8508","1":"product","2":"type-product","3":"status-publish","4":"has-post-thumbnail","6":"product_cat-aplb","7":"product_cat-makeup-removers","9":"first","10":"instock","11":"shipping-taxable","12":"purchasable","13":"product-type-simple"},"aioseo_notices":[],"jetpack_sharing_enabled":true,"_links":{"self":[{"href":"https:\/\/k-beautyci.com\/fr\/wp-json\/wp\/v2\/product\/8508","targetHints":{"allow":["GET"]}}],"collection":[{"href":"https:\/\/k-beautyci.com\/fr\/wp-json\/wp\/v2\/product"}],"about":[{"href":"https:\/\/k-beautyci.com\/fr\/wp-json\/wp\/v2\/types\/product"}],"replies":[{"embeddable":true,"href":"https:\/\/k-beautyci.com\/fr\/wp-json\/wp\/v2\/comments?post=8508"}],"wp:featuredmedia":[{"embeddable":true,"href":"https:\/\/k-beautyci.com\/fr\/wp-json\/wp\/v2\/media\/8511"}],"wp:attachment":[{"href":"https:\/\/k-beautyci.com\/fr\/wp-json\/wp\/v2\/media?parent=8508"}],"wp:term":[{"taxonomy":"product_brand","embeddable":true,"href":"https:\/\/k-beautyci.com\/fr\/wp-json\/wp\/v2\/product_brand?post=8508"},{"taxonomy":"product_cat","embeddable":true,"href":"https:\/\/k-beautyci.com\/fr\/wp-json\/wp\/v2\/product_cat?post=8508"},{"taxonomy":"product_tag","embeddable":true,"href":"https:\/\/k-beautyci.com\/fr\/wp-json\/wp\/v2\/product_tag?post=8508"}],"curies":[{"name":"wp","href":"https:\/\/api.w.org\/{rel}","templated":true}]}}