{"id":8498,"date":"2025-06-25T23:10:42","date_gmt":"2025-06-25T23:10:42","guid":{"rendered":"https:\/\/k-beautyci.com\/?post_type=product&#038;p=8498"},"modified":"2026-03-12T12:59:55","modified_gmt":"2026-03-12T12:59:55","slug":"blab-squalene-reset-pore-deep-cleansing-oil-200ml","status":"publish","type":"product","link":"https:\/\/k-beautyci.com\/fr\/produit\/blab-squalene-reset-pore-deep-cleansing-oil-200ml\/","title":{"rendered":"B:Lab Squalene Reset Pore Deep Cleansing Oil 200ml"},"content":{"rendered":"<p><b>Comment l'utiliser :<\/b><\/p>\n<p>Massez l'huile sur votre visage sec. Rincez abondamment \u00e0 l'eau ti\u00e8de.<\/p>\n<p>Pour usage externe uniquement. Toujours effectuer un test \u00e9picutan\u00e9. Cesser l'utilisation en cas d'inconfort. Suivre les instructions suppl\u00e9mentaires figurant sur l'emballage. Les r\u00e9sultats individuels peuvent varier.<\/p>","protected":false},"excerpt":{"rendered":"<p>Infus\u00e9e de LHA et de squalane, cette huile nettoyante d\u00e9barrasse efficacement la peau de ses impuret\u00e9s tout en tenant \u00e0 distance les irritations et les points noirs. La formule hydratante laisse la peau rafra\u00eechie, sans r\u00e9sidu collant.<\/p>","protected":false},"featured_media":8501,"comment_status":"open","ping_status":"closed","template":"","meta":{"om_disable_all_campaigns":false},"product_brand":[],"product_cat":[187,63],"product_tag":[],"class_list":{"0":"post-8498","1":"product","2":"type-product","3":"status-publish","4":"has-post-thumbnail","6":"product_cat-b-lab","7":"product_cat-makeup-removers","9":"first","10":"outofstock","11":"shipping-taxable","12":"purchasable","13":"product-type-simple"},"aioseo_notices":[],"jetpack_sharing_enabled":true,"_links":{"self":[{"href":"https:\/\/k-beautyci.com\/fr\/wp-json\/wp\/v2\/product\/8498","targetHints":{"allow":["GET"]}}],"collection":[{"href":"https:\/\/k-beautyci.com\/fr\/wp-json\/wp\/v2\/product"}],"about":[{"href":"https:\/\/k-beautyci.com\/fr\/wp-json\/wp\/v2\/types\/product"}],"replies":[{"embeddable":true,"href":"https:\/\/k-beautyci.com\/fr\/wp-json\/wp\/v2\/comments?post=8498"}],"wp:featuredmedia":[{"embeddable":true,"href":"https:\/\/k-beautyci.com\/fr\/wp-json\/wp\/v2\/media\/8501"}],"wp:attachment":[{"href":"https:\/\/k-beautyci.com\/fr\/wp-json\/wp\/v2\/media?parent=8498"}],"wp:term":[{"taxonomy":"product_brand","embeddable":true,"href":"https:\/\/k-beautyci.com\/fr\/wp-json\/wp\/v2\/product_brand?post=8498"},{"taxonomy":"product_cat","embeddable":true,"href":"https:\/\/k-beautyci.com\/fr\/wp-json\/wp\/v2\/product_cat?post=8498"},{"taxonomy":"product_tag","embeddable":true,"href":"https:\/\/k-beautyci.com\/fr\/wp-json\/wp\/v2\/product_tag?post=8498"}],"curies":[{"name":"wp","href":"https:\/\/api.w.org\/{rel}","templated":true}]}}