{"id":8365,"date":"2025-06-03T15:36:39","date_gmt":"2025-06-03T15:36:39","guid":{"rendered":"https:\/\/k-beautyci.com\/?post_type=product&#038;p=8365"},"modified":"2026-02-09T23:44:10","modified_gmt":"2026-02-09T23:44:10","slug":"round-lab-birch-juice-hand-cream","status":"publish","type":"product","link":"https:\/\/k-beautyci.com\/fr\/produit\/round-lab-birch-juice-hand-cream\/","title":{"rendered":"ROUND LAB Birch Juice Hand Cream"},"content":{"rendered":"<p>Avertissement : Pour usage externe uniquement. Toujours effectuer un test \u00e9picutan\u00e9. Cessez d'utiliser le produit si vous ressentez une quelconque g\u00eane. Suivre les instructions suppl\u00e9mentaires figurant sur l'emballage. Les r\u00e9sultats individuels peuvent varier.<\/p>","protected":false},"excerpt":{"rendered":"<p>Enrichie de trois types d'acide hyaluronique, de c\u00e9ramides et de jus de s\u00e8ve de bouleau, cette cr\u00e8me pour les mains r\u00e9tablit l'hydratation des mains s\u00e8ches et crevass\u00e9es. La k\u00e9ratine contenue dans la formule aide \u00e0 renforcer les ongles cassants. La texture riche et onctueuse p\u00e9n\u00e8tre rapidement, laissant les mains douces et souples sans r\u00e9sidu gras. Convient aux peaux sensibles.<\/p>","protected":false},"featured_media":8366,"comment_status":"open","ping_status":"closed","template":"","meta":{"om_disable_all_campaigns":false},"product_brand":[],"product_cat":[57,69,157],"product_tag":[],"class_list":{"0":"post-8365","1":"product","2":"type-product","3":"status-publish","4":"has-post-thumbnail","6":"product_cat-anti-aging","7":"product_cat-hyaluronic-acid","8":"product_cat-round-lab","10":"first","11":"outofstock","12":"sale","13":"shipping-taxable","14":"purchasable","15":"product-type-simple"},"aioseo_notices":[],"jetpack_sharing_enabled":true,"_links":{"self":[{"href":"https:\/\/k-beautyci.com\/fr\/wp-json\/wp\/v2\/product\/8365","targetHints":{"allow":["GET"]}}],"collection":[{"href":"https:\/\/k-beautyci.com\/fr\/wp-json\/wp\/v2\/product"}],"about":[{"href":"https:\/\/k-beautyci.com\/fr\/wp-json\/wp\/v2\/types\/product"}],"replies":[{"embeddable":true,"href":"https:\/\/k-beautyci.com\/fr\/wp-json\/wp\/v2\/comments?post=8365"}],"wp:featuredmedia":[{"embeddable":true,"href":"https:\/\/k-beautyci.com\/fr\/wp-json\/wp\/v2\/media\/8366"}],"wp:attachment":[{"href":"https:\/\/k-beautyci.com\/fr\/wp-json\/wp\/v2\/media?parent=8365"}],"wp:term":[{"taxonomy":"product_brand","embeddable":true,"href":"https:\/\/k-beautyci.com\/fr\/wp-json\/wp\/v2\/product_brand?post=8365"},{"taxonomy":"product_cat","embeddable":true,"href":"https:\/\/k-beautyci.com\/fr\/wp-json\/wp\/v2\/product_cat?post=8365"},{"taxonomy":"product_tag","embeddable":true,"href":"https:\/\/k-beautyci.com\/fr\/wp-json\/wp\/v2\/product_tag?post=8365"}],"curies":[{"name":"wp","href":"https:\/\/api.w.org\/{rel}","templated":true}]}}