{"id":8347,"date":"2025-06-03T15:53:39","date_gmt":"2025-06-03T15:53:39","guid":{"rendered":"https:\/\/k-beautyci.com\/?post_type=product&#038;p=8347"},"modified":"2025-11-27T19:13:33","modified_gmt":"2025-11-27T19:13:33","slug":"medicube-pdrn-pink-collagen-toning-gel-toner-pad","status":"publish","type":"product","link":"https:\/\/k-beautyci.com\/fr\/produit\/medicube-pdrn-pink-collagen-toning-gel-toner-pad\/","title":{"rendered":"medicube PDRN Pink Collagen Toning Gel Toner Pad"},"content":{"rendered":"<p>Comment l'utiliser :<\/p>\n<p class=\"translation-block\">1. After cleansing, gently wipe the entire face in the direction of the skin\u2019s grain, excluding the eye and mouth areas.<br>\r\n2. Apply to areas that need intensive care for a soothing and moisturizing effect.<br>\r\n3. Pat the remaining toner until absorbed into the skin.<br>\r\n* Close the lid to prevent the pad from drying out and keep it sealed.<\/p>\n<p>Avertissement : Pour usage externe uniquement. Toujours effectuer un test \u00e9picutan\u00e9. Cessez d'utiliser le produit si vous ressentez une quelconque g\u00eane. Suivre les instructions suppl\u00e9mentaires figurant sur l'emballage. Les r\u00e9sultats individuels peuvent varier.<\/p>","protected":false},"excerpt":{"rendered":"<p>Avec une texture ultra fine de 0,5 mm, ce produit s'adapte parfaitement aux imperfections et offre un \u00e9claircissement cibl\u00e9. M\u00eame avec une seule utilisation, il apporte une correction du teint cliniquement prouv\u00e9e, ce qui permet \u00e0 votre peau de rester claire et radieuse tous les jours.<\/p>","protected":false},"featured_media":8350,"comment_status":"open","ping_status":"closed","template":"","meta":{"om_disable_all_campaigns":false},"product_brand":[],"product_cat":[57,39,215,238,224],"product_tag":[],"class_list":{"0":"post-8347","1":"product","2":"type-product","3":"status-publish","4":"has-post-thumbnail","6":"product_cat-anti-aging","7":"product_cat-face-toners","8":"product_cat-medicube","9":"product_cat-pdrn","10":"product_cat-toner-pads","12":"first","13":"instock","14":"sale","15":"shipping-taxable","16":"purchasable","17":"product-type-simple"},"aioseo_notices":[],"jetpack_sharing_enabled":true,"_links":{"self":[{"href":"https:\/\/k-beautyci.com\/fr\/wp-json\/wp\/v2\/product\/8347","targetHints":{"allow":["GET"]}}],"collection":[{"href":"https:\/\/k-beautyci.com\/fr\/wp-json\/wp\/v2\/product"}],"about":[{"href":"https:\/\/k-beautyci.com\/fr\/wp-json\/wp\/v2\/types\/product"}],"replies":[{"embeddable":true,"href":"https:\/\/k-beautyci.com\/fr\/wp-json\/wp\/v2\/comments?post=8347"}],"wp:featuredmedia":[{"embeddable":true,"href":"https:\/\/k-beautyci.com\/fr\/wp-json\/wp\/v2\/media\/8350"}],"wp:attachment":[{"href":"https:\/\/k-beautyci.com\/fr\/wp-json\/wp\/v2\/media?parent=8347"}],"wp:term":[{"taxonomy":"product_brand","embeddable":true,"href":"https:\/\/k-beautyci.com\/fr\/wp-json\/wp\/v2\/product_brand?post=8347"},{"taxonomy":"product_cat","embeddable":true,"href":"https:\/\/k-beautyci.com\/fr\/wp-json\/wp\/v2\/product_cat?post=8347"},{"taxonomy":"product_tag","embeddable":true,"href":"https:\/\/k-beautyci.com\/fr\/wp-json\/wp\/v2\/product_tag?post=8347"}],"curies":[{"name":"wp","href":"https:\/\/api.w.org\/{rel}","templated":true}]}}