{"id":8343,"date":"2025-06-07T12:41:46","date_gmt":"2025-06-07T12:41:46","guid":{"rendered":"https:\/\/k-beautyci.com\/?post_type=product&#038;p=8343"},"modified":"2026-02-17T01:57:38","modified_gmt":"2026-02-17T01:57:38","slug":"beauty-of-joseon-rice-wonderland-set","status":"publish","type":"product","link":"https:\/\/k-beautyci.com\/fr\/produit\/beauty-of-joseon-rice-wonderland-set\/","title":{"rendered":"Beauty of Joseon Rice Wonderland Set"},"content":{"rendered":"<p><b>Comment l'utiliser :<\/b><\/p>\n<p>Masque \u00e9clatant au riz moulu et au miel : Appliquer une fine couche sur le visage propre pendant 15 \u00e0 20 minutes et rincer abondamment \u00e0 l'eau ti\u00e8de.<\/p>\n<p>Glow Replenishing Rice Milk : Apr\u00e8s le nettoyage, appliquer une quantit\u00e9 mod\u00e9r\u00e9e sur la peau et tapoter d\u00e9licatement pour une meilleure absorption.<\/p>\n<p>S\u00e9rum Glow Deep : Appliquer une quantit\u00e9 mod\u00e9r\u00e9e sur le visage et tapoter d\u00e9licatement pour une meilleure absorption.<\/p>\n<p>Relief Sun Aqua-fresh : En derni\u00e8re \u00e9tape de votre routine de soins, appliquez uniform\u00e9ment une quantit\u00e9 mod\u00e9r\u00e9e sur la peau et renouvelez l'application toutes les 3 \u00e0 5 heures.<\/p>","protected":false},"excerpt":{"rendered":"<p>Pr\u00e9parez-vous \u00e0 rayonner avec le coffret de vacances Rice Wonderland de Beauty of Joseon, une collection de soins de la peau qui exploite le pouvoir du riz pour hydrater, \u00e9claircir et lisser la peau. Le coffret comprend un tonique, un s\u00e9rum, un masque lavable et un \u00e9cran solaire. Le Glow Replenishing Rice Milk hydrate la peau gr\u00e2ce \u00e0 l'extrait de riz et aux acides amin\u00e9s, tandis que le Glow Deep Serum, qui contient 68,6 % d'eau de son de riz et 2 % d'arbutine, \u00e9claircit les taches brunes et les cicatrices d'acn\u00e9. Pour redonner un coup de fouet \u00e0 la peau, utilisez le masque \u00e9clat au riz moulu et au miel pour \u00e9liminer la salet\u00e9 et les impuret\u00e9s dans les pores. Veillez \u00e0 prot\u00e9ger votre peau des rayons UV agressifs avec la cr\u00e8me solaire Relief Sun Aqua-fresh, une version hydratante de la cr\u00e8me solaire Relief Sun de la marque. L'ensemble comprend \u00e9galement un miroir au design charmant et \u00e0 l'ext\u00e9rieur duveteux.<\/p>","protected":false},"featured_media":8346,"comment_status":"open","ping_status":"closed","template":"","meta":{"om_disable_all_campaigns":false},"product_brand":[],"product_cat":[82,64],"product_tag":[],"class_list":{"0":"post-8343","1":"product","2":"type-product","3":"status-publish","4":"has-post-thumbnail","6":"product_cat-beauty-of-joseon","7":"product_cat-kits-duos","9":"first","10":"instock","11":"shipping-taxable","12":"purchasable","13":"product-type-simple"},"aioseo_notices":[],"jetpack_sharing_enabled":true,"_links":{"self":[{"href":"https:\/\/k-beautyci.com\/fr\/wp-json\/wp\/v2\/product\/8343","targetHints":{"allow":["GET"]}}],"collection":[{"href":"https:\/\/k-beautyci.com\/fr\/wp-json\/wp\/v2\/product"}],"about":[{"href":"https:\/\/k-beautyci.com\/fr\/wp-json\/wp\/v2\/types\/product"}],"replies":[{"embeddable":true,"href":"https:\/\/k-beautyci.com\/fr\/wp-json\/wp\/v2\/comments?post=8343"}],"wp:featuredmedia":[{"embeddable":true,"href":"https:\/\/k-beautyci.com\/fr\/wp-json\/wp\/v2\/media\/8346"}],"wp:attachment":[{"href":"https:\/\/k-beautyci.com\/fr\/wp-json\/wp\/v2\/media?parent=8343"}],"wp:term":[{"taxonomy":"product_brand","embeddable":true,"href":"https:\/\/k-beautyci.com\/fr\/wp-json\/wp\/v2\/product_brand?post=8343"},{"taxonomy":"product_cat","embeddable":true,"href":"https:\/\/k-beautyci.com\/fr\/wp-json\/wp\/v2\/product_cat?post=8343"},{"taxonomy":"product_tag","embeddable":true,"href":"https:\/\/k-beautyci.com\/fr\/wp-json\/wp\/v2\/product_tag?post=8343"}],"curies":[{"name":"wp","href":"https:\/\/api.w.org\/{rel}","templated":true}]}}