{"id":8337,"date":"2025-06-03T16:49:46","date_gmt":"2025-06-03T16:49:46","guid":{"rendered":"https:\/\/k-beautyci.com\/?post_type=product&#038;p=8337"},"modified":"2025-09-04T08:58:44","modified_gmt":"2025-09-04T08:58:44","slug":"bondi-sands-spf-50-fragrance-free-face-sunscreen-lotion-75ml","status":"publish","type":"product","link":"https:\/\/k-beautyci.com\/fr\/produit\/bondi-sands-spf-50-fragrance-free-face-sunscreen-lotion-75ml\/","title":{"rendered":"Bondi Sands SPF 50+ Fragrance Free Face Sunscreen Lotion 75ml"},"content":{"rendered":"<p>Comment l'utiliser :<\/p>\n<p>Bien agiter avant utilisation.<\/p>\n<p>Appliquer g\u00e9n\u00e9reusement et uniform\u00e9ment sur toutes les zones non prot\u00e9g\u00e9es 20 minutes avant l'exposition au soleil. Il faut au moins une cuill\u00e8re \u00e0 caf\u00e9 par membre, une pour l'avant du corps, une pour l'arri\u00e8re et une pour la t\u00eate.<\/p>\n<p>Renouveler l'application toutes les 2 heures ou plus souvent en cas de transpiration et apr\u00e8s avoir nag\u00e9, fait de l'exercice ou s'\u00eatre s\u00e9ch\u00e9 avec une serviette. Utiliser en m\u00eame temps qu'un chapeau, des v\u00eatements de protection et des lunettes de soleil.<\/p>\n<p>Avertissement : Pour usage externe uniquement. Toujours effectuer un test \u00e9picutan\u00e9. Cessez d'utiliser le produit si vous ressentez une quelconque g\u00eane. Suivre les instructions suppl\u00e9mentaires figurant sur l'emballage. Les r\u00e9sultats individuels peuvent varier.<\/p>","protected":false},"excerpt":{"rendered":"<p>Profitez d'une journ\u00e9e ensoleill\u00e9e \u00e0 la mani\u00e8re de Bondi Sands avec notre lotion solaire hydratante quotidienne SPF 50+ pour le visage. Offrant une protection contre les UVA et les UVB, notre formule r\u00e9sistante \u00e0 l'eau est douce, p\u00e9n\u00e8tre rapidement et s\u00e8che de mani\u00e8re invisible.<\/p>\n<p>Formul\u00e9 pour offrir jusqu'\u00e0 72 heures d'hydratation, avec de l'aloe vera et de la vitamine E pour laisser votre peau profond\u00e9ment hydrat\u00e9e. Peut \u00eatre port\u00e9 seul ou sous le maquillage. Sans parab\u00e8ne. Sans sulfate.<\/p>","protected":false},"featured_media":8338,"comment_status":"open","ping_status":"closed","template":"","meta":{"om_disable_all_campaigns":false},"product_brand":[],"product_cat":[245,77],"product_tag":[],"class_list":{"0":"post-8337","1":"product","2":"type-product","3":"status-publish","4":"has-post-thumbnail","6":"product_cat-bondi-sands","7":"product_cat-spf-50","9":"first","10":"outofstock","11":"shipping-taxable","12":"purchasable","13":"product-type-simple"},"aioseo_notices":[],"jetpack_sharing_enabled":true,"_links":{"self":[{"href":"https:\/\/k-beautyci.com\/fr\/wp-json\/wp\/v2\/product\/8337","targetHints":{"allow":["GET"]}}],"collection":[{"href":"https:\/\/k-beautyci.com\/fr\/wp-json\/wp\/v2\/product"}],"about":[{"href":"https:\/\/k-beautyci.com\/fr\/wp-json\/wp\/v2\/types\/product"}],"replies":[{"embeddable":true,"href":"https:\/\/k-beautyci.com\/fr\/wp-json\/wp\/v2\/comments?post=8337"}],"wp:featuredmedia":[{"embeddable":true,"href":"https:\/\/k-beautyci.com\/fr\/wp-json\/wp\/v2\/media\/8338"}],"wp:attachment":[{"href":"https:\/\/k-beautyci.com\/fr\/wp-json\/wp\/v2\/media?parent=8337"}],"wp:term":[{"taxonomy":"product_brand","embeddable":true,"href":"https:\/\/k-beautyci.com\/fr\/wp-json\/wp\/v2\/product_brand?post=8337"},{"taxonomy":"product_cat","embeddable":true,"href":"https:\/\/k-beautyci.com\/fr\/wp-json\/wp\/v2\/product_cat?post=8337"},{"taxonomy":"product_tag","embeddable":true,"href":"https:\/\/k-beautyci.com\/fr\/wp-json\/wp\/v2\/product_tag?post=8337"}],"curies":[{"name":"wp","href":"https:\/\/api.w.org\/{rel}","templated":true}]}}